{"id":7565,"date":"2024-03-03T10:03:27","date_gmt":"2024-03-03T09:03:27","guid":{"rendered":"https:\/\/snejbjergsgi.dk\/svoemning\/?page_id=7565"},"modified":"2024-03-03T10:04:38","modified_gmt":"2024-03-03T09:04:38","slug":"for-frivillige","status":"publish","type":"page","link":"https:\/\/snejbjergsgi.dk\/svoemning\/praktisk-info\/for-frivillige\/","title":{"rendered":"For frivillige"},"content":{"rendered":"<p>Her finder du relevant info som frivillig i Snejbjerg SG&amp;I Sv\u00f8mning<\/p>\n<p>Er du ny frivillig, skal du starte med at <a href=\"https:\/\/snejbjergsgi.dk\/svoemning\/registrer-dig-som-frivillig\/\">registrere dig som frivillig her<\/a>. Det er vigtigt at indtaster alle oplysningerne, da vi har brug for dem for dem af hensyn til registreringen.<br \/>\nDit fulde CPR nr. benyttes ved udbetaling af godtg\u00f8relse samt i forbindelse med indhentning af b\u00f8rneattester, som vi foretager hvert \u00e5r.<br \/>\nKontonr. benyttes ved udbetaling af godtg\u00f8relse og evt. k\u00f8rsel i forbindelse med deltagelse i kurser\/m\u00f8der udenfor Snejbjerg.<\/p>\n","protected":false},"excerpt":{"rendered":"<p>Her finder du relevant info som frivillig i Snejbjerg SG&amp;I Sv\u00f8mning Er du ny frivillig, skal du starte med at registrere dig som frivillig her. Det er vigtigt at indtaster alle oplysningerne, da vi har brug for dem for dem af hensyn til registreringen. Dit fulde CPR nr. benyttes ved udbetaling af godtg\u00f8relse samt i [&hellip;]<\/p>\n","protected":false},"author":1,"featured_media":0,"parent":31,"menu_order":0,"comment_status":"closed","ping_status":"closed","template":"","meta":{"footnotes":""},"class_list":["post-7565","page","type-page","status-publish","hentry","post"],"_links":{"self":[{"href":"https:\/\/snejbjergsgi.dk\/svoemning\/wp-json\/wp\/v2\/pages\/7565","targetHints":{"allow":["GET"]}}],"collection":[{"href":"https:\/\/snejbjergsgi.dk\/svoemning\/wp-json\/wp\/v2\/pages"}],"about":[{"href":"https:\/\/snejbjergsgi.dk\/svoemning\/wp-json\/wp\/v2\/types\/page"}],"author":[{"embeddable":true,"href":"https:\/\/snejbjergsgi.dk\/svoemning\/wp-json\/wp\/v2\/users\/1"}],"replies":[{"embeddable":true,"href":"https:\/\/snejbjergsgi.dk\/svoemning\/wp-json\/wp\/v2\/comments?post=7565"}],"version-history":[{"count":2,"href":"https:\/\/snejbjergsgi.dk\/svoemning\/wp-json\/wp\/v2\/pages\/7565\/revisions"}],"predecessor-version":[{"id":7568,"href":"https:\/\/snejbjergsgi.dk\/svoemning\/wp-json\/wp\/v2\/pages\/7565\/revisions\/7568"}],"up":[{"embeddable":true,"href":"https:\/\/snejbjergsgi.dk\/svoemning\/wp-json\/wp\/v2\/pages\/31"}],"wp:attachment":[{"href":"https:\/\/snejbjergsgi.dk\/svoemning\/wp-json\/wp\/v2\/media?parent=7565"}],"curies":[{"name":"wp","href":"https:\/\/api.w.org\/{rel}","templated":true}]}}