{"id":5171,"date":"2019-02-18T21:15:42","date_gmt":"2019-02-18T20:15:42","guid":{"rendered":"http:\/\/168.119.69.83\/~ssgi\/svoemning\/?page_id=5171"},"modified":"2019-03-28T10:14:33","modified_gmt":"2019-03-28T09:14:33","slug":"links","status":"publish","type":"page","link":"https:\/\/snejbjergsgi.dk\/svoemning\/praktisk-info\/links\/","title":{"rendered":"Links"},"content":{"rendered":"<p>Her finder du forskellige links som kan v\u00e6re relevante for dig, som enten allerede er medlem, eller som er nysgerrig i forhold til at blive det.<\/p>\n<h2>Link til faciliteter<\/h2>\n<p><a href=\"http:\/\/www.snejbjergsv\u00f8mmehal.dk\" target=\"_blank\" rel=\"noopener\">Snejbjerg Sv\u00f8mmehal<\/a> &#8211; l\u00e6s om sv\u00f8mmehallen samt offentlig \u00e5bning (find priser og \u00e5bningstider for sv\u00f8mmehal i Herning)<\/p>\n<p>DGI Huset Herning<\/p>\n<h2>Link til samarbejdspartnere<\/h2>\n<p><a href=\"http:\/\/www.livredderklubmidtjylland.dk\" target=\"_blank\" rel=\"noopener\">Livredderklubmidtjylland<\/a> &#8211; alt i livredning<\/p>\n<p><a href=\"https:\/\/www.hotfrog.dk\/firma\/midtjylland\/herning\/livredderklub-midtjylland\" target=\"_blank\" rel=\"noopener\">Hotfrog &#8211; Livredderklubmidtjylland<\/a><\/p>\n<p><a href=\"http:\/\/bit.ly\/LKMtests\">Livredderklubmidtjylland &#8211; livredderpr\u00f8ver &#8211; Bit.ly<\/a><\/p>\n<p><a href=\"http:\/\/bit.ly\/strieker\">Skotorvet, Rieker sko &#8211; bit.ly<\/a><\/p>\n<p><a href=\"https:\/\/www.bloglovin.com\/@skotorvet\/rieker-sko-til-bryllup\">Rieker sko til bryllup<\/a><\/p>\n","protected":false},"excerpt":{"rendered":"<p>Her finder du forskellige links som kan v\u00e6re relevante for dig, som enten allerede er medlem, eller som er nysgerrig i forhold til at blive det. Link til faciliteter Snejbjerg Sv\u00f8mmehal &#8211; l\u00e6s om sv\u00f8mmehallen samt offentlig \u00e5bning (find priser og \u00e5bningstider for sv\u00f8mmehal i Herning) DGI Huset Herning Link til samarbejdspartnere Livredderklubmidtjylland &#8211; alt [&hellip;]<\/p>\n","protected":false},"author":1,"featured_media":0,"parent":31,"menu_order":14,"comment_status":"closed","ping_status":"closed","template":"","meta":{"footnotes":""},"class_list":["post-5171","page","type-page","status-publish","hentry","post"],"_links":{"self":[{"href":"https:\/\/snejbjergsgi.dk\/svoemning\/wp-json\/wp\/v2\/pages\/5171","targetHints":{"allow":["GET"]}}],"collection":[{"href":"https:\/\/snejbjergsgi.dk\/svoemning\/wp-json\/wp\/v2\/pages"}],"about":[{"href":"https:\/\/snejbjergsgi.dk\/svoemning\/wp-json\/wp\/v2\/types\/page"}],"author":[{"embeddable":true,"href":"https:\/\/snejbjergsgi.dk\/svoemning\/wp-json\/wp\/v2\/users\/1"}],"replies":[{"embeddable":true,"href":"https:\/\/snejbjergsgi.dk\/svoemning\/wp-json\/wp\/v2\/comments?post=5171"}],"version-history":[{"count":4,"href":"https:\/\/snejbjergsgi.dk\/svoemning\/wp-json\/wp\/v2\/pages\/5171\/revisions"}],"predecessor-version":[{"id":5185,"href":"https:\/\/snejbjergsgi.dk\/svoemning\/wp-json\/wp\/v2\/pages\/5171\/revisions\/5185"}],"up":[{"embeddable":true,"href":"https:\/\/snejbjergsgi.dk\/svoemning\/wp-json\/wp\/v2\/pages\/31"}],"wp:attachment":[{"href":"https:\/\/snejbjergsgi.dk\/svoemning\/wp-json\/wp\/v2\/media?parent=5171"}],"curies":[{"name":"wp","href":"https:\/\/api.w.org\/{rel}","templated":true}]}}