{"id":40,"date":"2018-05-31T20:06:48","date_gmt":"2018-05-31T18:06:48","guid":{"rendered":"http:\/\/2018.snejbjergsgi.dk\/svomning\/?page_id=40"},"modified":"2021-08-05T09:16:17","modified_gmt":"2021-08-05T07:16:17","slug":"nyt-medlem","status":"publish","type":"page","link":"https:\/\/snejbjergsgi.dk\/svoemning\/tilmelding\/nyt-medlem\/","title":{"rendered":"Nyt medlem"},"content":{"rendered":"<p>Velkommen som nyt medlem i Snejbjerg Sv\u00f8mmeklub.<\/p>\n<p>Her p\u00e5 siden kan du oprette du dig som nyt medlem. Du skal v\u00e6re oprettet som medlem, inden du kan tilmelde dig et af vore hold via vores <a href=\"\/svoemning\/tilmelding\/online-tilmelding\/\">online tilmelding.\u00a0<img loading=\"lazy\" decoding=\"async\" class=\"size-medium wp-image-2806 alignright\" src=\"http:\/\/168.119.69.83\/~ssgi\/svoemning\/wp-content\/uploads\/sites\/17\/2018\/09\/tilmelding-Snejbjerg-sv\u00f8mmeklub-300x207.jpg\" alt=\"\" width=\"300\" height=\"207\" srcset=\"https:\/\/snejbjergsgi.dk\/svoemning\/wp-content\/uploads\/sites\/17\/2018\/09\/tilmelding-Snejbjerg-sv\u00f8mmeklub-300x207.jpg 300w, https:\/\/snejbjergsgi.dk\/svoemning\/wp-content\/uploads\/sites\/17\/2018\/09\/tilmelding-Snejbjerg-sv\u00f8mmeklub-768x529.jpg 768w, https:\/\/snejbjergsgi.dk\/svoemning\/wp-content\/uploads\/sites\/17\/2018\/09\/tilmelding-Snejbjerg-sv\u00f8mmeklub-1024x705.jpg 1024w, https:\/\/snejbjergsgi.dk\/svoemning\/wp-content\/uploads\/sites\/17\/2018\/09\/tilmelding-Snejbjerg-sv\u00f8mmeklub.jpg 1429w\" sizes=\"auto, (max-width: 300px) 100vw, 300px\" \/><\/a><\/p>\n<p>Det er vigtigt at der angives oplysninger (navn og f\u00f8dselsdato) p\u00e5 den der skal sv\u00f8mme p\u00e5 holdet. Ved alle hold, inkl. babysv\u00f8mning, vil det sige barnets navn og f\u00f8dselsdato. Det er som noget nyt, muligt at oprette flere mobilnumre og mailadresser p\u00e5 samme medlem. Her kan man med fordel indtaste b\u00e5de mor og fars oplysninger, s\u00e5 begge modtager info om barnets sv\u00f8mning. Det er naturligvis ogs\u00e5 muligt at angive fx barnets mobilnummer, hvis det har en alder, hvor det selv benytter mobiltelefon.<\/p>\n<p>Har du allerede en medlemsprofil? Check \/ ret p\u00e5 <a href=\"https:\/\/snejbjergsgi.dk\/svoemning\/tilmelding\/medlemslogin\/\">medlemslogin<\/a><\/p>\n<table class=\"widefat\">\n<tbody>\n<tr>\n<td id=\"xyz_ihs_vAlign\"><\/td>\n<\/tr>\n<\/tbody>\n<\/table>\n","protected":false},"excerpt":{"rendered":"<p>Velkommen som nyt medlem i Snejbjerg Sv\u00f8mmeklub. Her p\u00e5 siden kan du oprette du dig som nyt medlem. Du skal v\u00e6re oprettet som medlem, inden du kan tilmelde dig et af vore hold via vores online tilmelding.\u00a0 Det er vigtigt at der angives oplysninger (navn og f\u00f8dselsdato) p\u00e5 den der skal sv\u00f8mme p\u00e5 holdet. Ved [&hellip;]<\/p>\n","protected":false},"author":1,"featured_media":0,"parent":28,"menu_order":0,"comment_status":"closed","ping_status":"closed","template":"","meta":{"footnotes":""},"class_list":["post-40","page","type-page","status-publish","hentry","post"],"_links":{"self":[{"href":"https:\/\/snejbjergsgi.dk\/svoemning\/wp-json\/wp\/v2\/pages\/40","targetHints":{"allow":["GET"]}}],"collection":[{"href":"https:\/\/snejbjergsgi.dk\/svoemning\/wp-json\/wp\/v2\/pages"}],"about":[{"href":"https:\/\/snejbjergsgi.dk\/svoemning\/wp-json\/wp\/v2\/types\/page"}],"author":[{"embeddable":true,"href":"https:\/\/snejbjergsgi.dk\/svoemning\/wp-json\/wp\/v2\/users\/1"}],"replies":[{"embeddable":true,"href":"https:\/\/snejbjergsgi.dk\/svoemning\/wp-json\/wp\/v2\/comments?post=40"}],"version-history":[{"count":11,"href":"https:\/\/snejbjergsgi.dk\/svoemning\/wp-json\/wp\/v2\/pages\/40\/revisions"}],"predecessor-version":[{"id":7204,"href":"https:\/\/snejbjergsgi.dk\/svoemning\/wp-json\/wp\/v2\/pages\/40\/revisions\/7204"}],"up":[{"embeddable":true,"href":"https:\/\/snejbjergsgi.dk\/svoemning\/wp-json\/wp\/v2\/pages\/28"}],"wp:attachment":[{"href":"https:\/\/snejbjergsgi.dk\/svoemning\/wp-json\/wp\/v2\/media?parent=40"}],"curies":[{"name":"wp","href":"https:\/\/api.w.org\/{rel}","templated":true}]}}