{"id":2837,"date":"2018-09-20T21:51:55","date_gmt":"2018-09-20T19:51:55","guid":{"rendered":"http:\/\/168.119.69.83\/~ssgi\/svoemning\/?page_id=2837"},"modified":"2019-02-11T21:21:37","modified_gmt":"2019-02-11T20:21:37","slug":"medlemslogin","status":"publish","type":"page","link":"https:\/\/snejbjergsgi.dk\/svoemning\/tilmelding\/medlemslogin\/","title":{"rendered":"Medlemslogin"},"content":{"rendered":"<p>Her p\u00e5 siden kan du logge ind for at \u00e6ndre dine medlemsdata ved Snejbjerg Sv\u00f8mmeklub. Det er ogs\u00e5 her du logger ind, hvis du st\u00e5r p\u00e5 venteliste, og bliver tilbudt en plads, som du \u00f8nsker at bekr\u00e6fte.<\/p>\n\n<h2>Fordele som medlem af Snejbjerg Sv\u00f8mmeklub<\/h2>\n<p>Vi arbejder l\u00f8bende p\u00e5, at kunne tilbyde vore medlemmer forskellige medlemsfordele.<\/p>\n<h4>Skotorvet.dk<\/h4>\n<p>I slutningen af 2018 indgik vi en aftale med Skotorvet.dk om 10 % rabat for alle medlemmer, ved k\u00f8b af ikke nedsatte varer. Rabatkoden fremg\u00e5r af vore medlemsmails.<\/p>\n<p>Skotorvet har et bredt udvalg i sko til hverdag, fritid og fest &#8211; klik ind og se udvalget fra fx. <a href=\"https:\/\/www.skotorvet.dk\/maerker\/rieker.html\">Rieker<\/a> og <a href=\"https:\/\/www.skotorvet.dk\/maerker\/la-crosse.html\">LaCrosse<\/a><\/p>\n","protected":false},"excerpt":{"rendered":"<p>Her p\u00e5 siden kan du logge ind for at \u00e6ndre dine medlemsdata ved Snejbjerg Sv\u00f8mmeklub. Det er ogs\u00e5 her du logger ind, hvis du st\u00e5r p\u00e5 venteliste, og bliver tilbudt en plads, som du \u00f8nsker at bekr\u00e6fte. Fordele som medlem af Snejbjerg Sv\u00f8mmeklub Vi arbejder l\u00f8bende p\u00e5, at kunne tilbyde vore medlemmer forskellige medlemsfordele. Skotorvet.dk [&hellip;]<\/p>\n","protected":false},"author":1,"featured_media":0,"parent":28,"menu_order":3,"comment_status":"closed","ping_status":"closed","template":"","meta":{"footnotes":""},"class_list":["post-2837","page","type-page","status-publish","hentry","post"],"_links":{"self":[{"href":"https:\/\/snejbjergsgi.dk\/svoemning\/wp-json\/wp\/v2\/pages\/2837","targetHints":{"allow":["GET"]}}],"collection":[{"href":"https:\/\/snejbjergsgi.dk\/svoemning\/wp-json\/wp\/v2\/pages"}],"about":[{"href":"https:\/\/snejbjergsgi.dk\/svoemning\/wp-json\/wp\/v2\/types\/page"}],"author":[{"embeddable":true,"href":"https:\/\/snejbjergsgi.dk\/svoemning\/wp-json\/wp\/v2\/users\/1"}],"replies":[{"embeddable":true,"href":"https:\/\/snejbjergsgi.dk\/svoemning\/wp-json\/wp\/v2\/comments?post=2837"}],"version-history":[{"count":5,"href":"https:\/\/snejbjergsgi.dk\/svoemning\/wp-json\/wp\/v2\/pages\/2837\/revisions"}],"predecessor-version":[{"id":5093,"href":"https:\/\/snejbjergsgi.dk\/svoemning\/wp-json\/wp\/v2\/pages\/2837\/revisions\/5093"}],"up":[{"embeddable":true,"href":"https:\/\/snejbjergsgi.dk\/svoemning\/wp-json\/wp\/v2\/pages\/28"}],"wp:attachment":[{"href":"https:\/\/snejbjergsgi.dk\/svoemning\/wp-json\/wp\/v2\/media?parent=2837"}],"curies":[{"name":"wp","href":"https:\/\/api.w.org\/{rel}","templated":true}]}}