{"id":2527,"date":"2018-09-04T19:10:08","date_gmt":"2018-09-04T17:10:08","guid":{"rendered":"http:\/\/2018.snejbjergsgi.dk\/svomning\/?page_id=2527"},"modified":"2018-09-04T21:38:48","modified_gmt":"2018-09-04T19:38:48","slug":"foerstehjaelp","status":"publish","type":"page","link":"https:\/\/snejbjergsgi.dk\/svoemning\/svomning\/foerstehjaelp\/","title":{"rendered":"F\u00f8rstehj\u00e6lp"},"content":{"rendered":"<h2>Vi v\u00e6gter sikkerheden h\u00f8jt<\/h2>\n<p>Alle instrukt\u00f8rer, hj\u00e6lpeinstrukt\u00f8rer og \u00f8vrigt personale, som f\u00e6rdes i Snejbjerg Sv\u00f8mmehal i Snejbjerg SG&amp;I sv\u00f8mnings regi, modtager \u00e5rligt undervisning i f\u00f8rstehj\u00e6lp og hjerte-\/lungeredning.<\/p>\n<h2>TrygFonden donerede hjertestarter<\/h2>\n<p>I 2011 blev Snejbjerg Sv\u00f8mmehal udvalgt som fadder for en hjertestarter, doneret af TrygFonden. Med denne hjertestarter, f\u00f8lger gratis uddannelse af en brugergruppe, som gerne hvert \u00e5r skal udvides. I forbindelse med ops\u00e6tningen af hjertestarteren i juni 2012 talte brugergruppen b\u00e5de instrukt\u00f8rer\/hj\u00e6lpeinstrukt\u00f8rer i Sv\u00f8mmeklubben, samt borgere i Snejbjerg.<\/p>\n<h2>Vil du l\u00e6re brug af hjertestarter?<\/h2>\n<p>I 2013 afholdes igen gratis kursus i brugen af hjertestarter, samt hjerte-\/lungeredning. P\u00e5 kurset h\u00e5ber vi, at se en del nye, som har interesse i, at l\u00e6re at bruge en hjertestarter. Hvis du er interesseret i at deltage kan du tilmelde dig kurset p\u00e5 <a title=\"Tilmeld dig hjertestarterkursus i Snejbjerg Sv\u00f8mmehal\" href=\"index.php?option=com_content&amp;view=article&amp;id=371&amp;Itemid=429\" target=\"_blank\" rel=\"noopener\">sv\u00f8mnings tilmeldingsside<br \/>\n<\/a><\/p>\n<h2>Vil du l\u00e6re generel f\u00f8rstehj\u00e6lp?<\/h2>\n<p>Vi tilbyder ogs\u00e5 et 12 timers grundkursus i f\u00f8rstehj\u00e6lp, som udover hjerte-\/lungeredning, ogs\u00e5 kommer omkring en masse andre, og oftere anvendte f\u00e6rdigheder indenfor f\u00f8rstehj\u00e6lpen. Det kunne v\u00e6re behandling af brands\u00e5r, som kan opst\u00e5 alle steder hvor der er varme (komfur, grill, i sv\u00f8mmehallens sauna osv.), hedeslag, som der kan opst\u00e5 ved ophold i en varm bil\/i solen, eller ved et for langt ophold i sv\u00f8mmehallens sauna. Emner som brud og hovedskader behandless naturligvis ogs\u00e5 p\u00e5 dette kursus, som du kan tilmelde dig p\u00e5 <a href=\"index.php?option=com_content&amp;view=article&amp;id=371&amp;Itemid=429\">sv\u00f8mning tilmeldingsside<\/a>.<\/p>\n<p><a name=\"virksomhed\"><\/a><\/p>\n<h2>F\u00f8rstehj\u00e6lpskurser for virksomheder \/ foreninger \/ institutioner<\/h2>\n<p>Vi har i januar 2013 f\u00e5et vores egen f\u00f8rstehj\u00e6lpsinstrukt\u00f8r, som gerne afholder f\u00f8rstehj\u00e6lpskursus p\u00e5 jeres adresse. Vi tilbyder et 4 timers ERC &#8211; BLS\/AED kursus (Basal genoplivning \/ Hjertestarter), som i l\u00f8bet af 4 timer kl\u00e6der dit personale p\u00e5, til at h\u00e5ndtere en situation, som kr\u00e6ver genoplivning. Kurserne er meget praktisk anlagt, og der er derfor et maks deltagertal p\u00e5 6 personer pr. kursus.<br \/>\n<span style=\"color: #2c2c2c;font-family: Arial, sans-serif;font-size: 13px;line-height: 18.96875px\">I skal selv s\u00f8rge for et egnet undervisningslokale og st\u00e5 for en let forplejning (the, kaffe mm.). Kurset er certificerende og der udleveres kursusmateriale til alle deltagere.<\/span><br \/>\nKontakt <a href=\"mailto:lars@familien-jonsson.dk?subject=F\u00f8rstehj\u00e6lpskursus%20hos\">Lars Jonsson<\/a>\u00a0eller tlf. 26 13 43 33\u00a0for at h\u00f8re mere om BLS\/AED kursus p\u00e5 din adresse.<\/p>\n<p>&#8211; Vi kan ogs\u00e5 tilbyde uddannelse af bassinlivreddere, hvor vi b\u00e5de st\u00e5r for den n\u00f8dvendige undervisning, og pr\u00f8veafl\u00e6gning.<!--#virksomhed--><\/p>\n","protected":false},"excerpt":{"rendered":"<p>Vi v\u00e6gter sikkerheden h\u00f8jt Alle instrukt\u00f8rer, hj\u00e6lpeinstrukt\u00f8rer og \u00f8vrigt personale, som f\u00e6rdes i Snejbjerg Sv\u00f8mmehal i Snejbjerg SG&amp;I sv\u00f8mnings regi, modtager \u00e5rligt undervisning i f\u00f8rstehj\u00e6lp og hjerte-\/lungeredning. TrygFonden donerede hjertestarter I 2011 blev Snejbjerg Sv\u00f8mmehal udvalgt som fadder for en hjertestarter, doneret af TrygFonden. Med denne hjertestarter, f\u00f8lger gratis uddannelse af en brugergruppe, som gerne [&hellip;]<\/p>\n","protected":false},"author":16,"featured_media":0,"parent":10,"menu_order":0,"comment_status":"closed","ping_status":"closed","template":"","meta":{"footnotes":""},"class_list":["post-2527","page","type-page","status-publish","hentry","post"],"_links":{"self":[{"href":"https:\/\/snejbjergsgi.dk\/svoemning\/wp-json\/wp\/v2\/pages\/2527","targetHints":{"allow":["GET"]}}],"collection":[{"href":"https:\/\/snejbjergsgi.dk\/svoemning\/wp-json\/wp\/v2\/pages"}],"about":[{"href":"https:\/\/snejbjergsgi.dk\/svoemning\/wp-json\/wp\/v2\/types\/page"}],"author":[{"embeddable":true,"href":"https:\/\/snejbjergsgi.dk\/svoemning\/wp-json\/wp\/v2\/users\/16"}],"replies":[{"embeddable":true,"href":"https:\/\/snejbjergsgi.dk\/svoemning\/wp-json\/wp\/v2\/comments?post=2527"}],"version-history":[{"count":2,"href":"https:\/\/snejbjergsgi.dk\/svoemning\/wp-json\/wp\/v2\/pages\/2527\/revisions"}],"predecessor-version":[{"id":2569,"href":"https:\/\/snejbjergsgi.dk\/svoemning\/wp-json\/wp\/v2\/pages\/2527\/revisions\/2569"}],"up":[{"embeddable":true,"href":"https:\/\/snejbjergsgi.dk\/svoemning\/wp-json\/wp\/v2\/pages\/10"}],"wp:attachment":[{"href":"https:\/\/snejbjergsgi.dk\/svoemning\/wp-json\/wp\/v2\/media?parent=2527"}],"curies":[{"name":"wp","href":"https:\/\/api.w.org\/{rel}","templated":true}]}}