{"id":2463,"date":"2018-09-03T22:02:30","date_gmt":"2018-09-03T20:02:30","guid":{"rendered":"http:\/\/2018.snejbjergsgi.dk\/svomning\/?page_id=2463"},"modified":"2021-08-18T18:00:07","modified_gmt":"2021-08-18T16:00:07","slug":"vandskole","status":"publish","type":"page","link":"https:\/\/snejbjergsgi.dk\/svoemning\/hold-svoemning\/vandskole\/","title":{"rendered":"Vandskole &#8211; 3-6 \u00e5r"},"content":{"rendered":"<p>Er for de mindste, som skal l\u00e6re at komme i vandet, og beg\u00e5 sig i det v\u00e5de element. F\u00f8rst sammen med mor og\/eller far p\u00e5 holdet Miniplask, og senere i trygge rammer p\u00e5 Plask &amp; Leg, hvor der er ekstra mange hj\u00e6lpeinstrukt\u00f8rer til at hj\u00e6lpe b\u00f8rnene tilrette. I vandskolen arbejder vi hovedsageligt med b\u00f8rnenes motoriske udvikling, og forskellige lege, som skal v\u00e6nne dem til at beg\u00e5 sig i vandet, og forberede dem p\u00e5 den senere sv\u00f8mmeundervisning, som de m\u00f8der i mere udstrakt grad i vores Sv\u00f8mmeskole I (6-8 \u00e5r), og i s\u00e6rdeleshed i Sv\u00f8mmeskole II (fra 9 \u00e5r).<\/p>\n<p>Som noget helt nyt arbejder vi p\u00e5, ogs\u00e5 at kunne tilbyde babysv\u00f8mning. L\u00e6s mere om babysv\u00f8mning<\/p>\n\n<!-- NOTE: If you need to make changes to this file, copy it to your current theme's main\n\tdirectory so your changes won't be overwritten when the plugin is upgraded. -->\n\n<!-- Post Wrap Start-->\n<div class=\"post hentry ivycat-post\">\n\n\t<!-- \tThis outputs the post TITLE -->\n\t<h2 class=\"entry-title\"><a href=\"https:\/\/snejbjergsgi.dk\/svoemning\/family-rescue-5-7-aar\/\">Family Rescue (5-7 \u00e5r)<\/a><\/h2>\n\n\t<!-- \tThis outputs the post EXCERPT.  To display full content including images and html,\n\t\treplace the_excerpt(); with the_content();  below. -->\n\t<div class=\"entry-summary\">\n\t\t<p>Dette hold er som plask og leg, suppleret med alderssvarende legende livrednings elementer. P\u00e5 holdet er det tilladt at have for\u00e6ldre med i vandet. Der arbejdes med vandtilv\u00e6nning, samt forskellige \u00f8velser, der stimulerer barnet, b\u00e5de i forhold til den senere sv\u00f8mmeundervisning, men ogs\u00e5 barnets generelle udvikling stimuleres. Forskellen p\u00e5 dette hold og alm. plask og [&hellip;]<\/p>\n\t<\/div>\n\n\t<!--\tThis outputs the post META information -->\n\t<div class=\"entry-utility\">\n\t\t\t\t\t<span class=\"cat-links\">\n\t\t\t\t<span class=\"entry-utility-prep entry-utility-prep-cat-links\">Udgivet i<\/span> <a href=\"https:\/\/snejbjergsgi.dk\/svoemning\/category\/holdbesk\/\" rel=\"category tag\">Holdbeskrivelser<\/a>, <a href=\"https:\/\/snejbjergsgi.dk\/svoemning\/category\/holdbesk\/livredning\/\" rel=\"category tag\">Livredning<\/a>, <a href=\"https:\/\/snejbjergsgi.dk\/svoemning\/category\/vandskole\/\" rel=\"category tag\">Vandskole<\/a>\t\t\t<\/span>\n\t\t\t<span class=\"meta-sep\">|<\/span>\n\t\t\t\t\t\t<span class=\"comments-link\">\n\t\t\t<span>Kommentarer lukket<span class=\"screen-reader-text\"> til Family Rescue (5-7 \u00e5r)<\/span><\/span>\t\t<\/span>\n\t\t\t<\/div>\n<\/div>\n<!-- \/\/ Post Wrap End -->\n\n<!-- NOTE: If you need to make changes to this file, copy it to your current theme's main\n\tdirectory so your changes won't be overwritten when the plugin is upgraded. -->\n\n<!-- Post Wrap Start-->\n<div class=\"post hentry ivycat-post\">\n\n\t<!-- \tThis outputs the post TITLE -->\n\t<h2 class=\"entry-title\"><a href=\"https:\/\/snejbjergsgi.dk\/svoemning\/miniplask\/\">Miniplask<\/a><\/h2>\n\n\t<!-- \tThis outputs the post EXCERPT.  To display full content including images and html,\n\t\treplace the_excerpt(); with the_content();  below. -->\n\t<div class=\"entry-summary\">\n\t\t<p>Er for barnet, der gerne vil plaske i vandet, men som endnu ikke er gammel nok til plask &amp; leg, og som gerne vil have mor eller far med i vandet. Miniplask er den naturlige forts\u00e6ttelse efter\u00a0babysv\u00f8mning. P\u00e5 holdet giver instrukt\u00f8ren forslag til forskellige \u00f8velser, der kan laves med barnet. Disse \u00f8velser vil v\u00e6re med [&hellip;]<\/p>\n\t<\/div>\n\n\t<!--\tThis outputs the post META information -->\n\t<div class=\"entry-utility\">\n\t\t\t\t\t<span class=\"cat-links\">\n\t\t\t\t<span class=\"entry-utility-prep entry-utility-prep-cat-links\">Udgivet i<\/span> <a href=\"https:\/\/snejbjergsgi.dk\/svoemning\/category\/vandskole\/\" rel=\"category tag\">Vandskole<\/a>\t\t\t<\/span>\n\t\t\t<span class=\"meta-sep\">|<\/span>\n\t\t\t\t\t\t\t<span class=\"tag-links\">\n\t\t\t\t<span class=\"entry-utility-prep entry-utility-prep-tag-links\">Tagget<\/span> <a href=\"https:\/\/snejbjergsgi.dk\/svoemning\/tag\/vandskole\/\" rel=\"tag\">Vandskole<\/a>\t\t\t<\/span>\n\t\t\t<span class=\"meta-sep\">|<\/span>\n\t\t\t\t<span class=\"comments-link\">\n\t\t\t<span>Kommentarer lukket<span class=\"screen-reader-text\"> til Miniplask<\/span><\/span>\t\t<\/span>\n\t\t\t<\/div>\n<\/div>\n<!-- \/\/ Post Wrap End -->\n\n<!-- NOTE: If you need to make changes to this file, copy it to your current theme's main\n\tdirectory so your changes won't be overwritten when the plugin is upgraded. -->\n\n<!-- Post Wrap Start-->\n<div class=\"post hentry ivycat-post\">\n\n\t<!-- \tThis outputs the post TITLE -->\n\t<h2 class=\"entry-title\"><a href=\"https:\/\/snejbjergsgi.dk\/svoemning\/plask-leg\/\">Plask &amp; Leg<\/a><\/h2>\n\n\t<!-- \tThis outputs the post EXCERPT.  To display full content including images and html,\n\t\treplace the_excerpt(); with the_content();  below. -->\n\t<div class=\"entry-summary\">\n\t\t<p>Der tilbydes 3 forskellige hold hver uge. Yderligere info om tr\u00e6ningstider og instrukt\u00f8rer under onlinetilmelding &#8211; vandskolen. Krav for deltagelse p\u00e5 Plask &amp; Leg B\u00f8rnene skal turde at g\u00e5 i vandet alene. Min. Alder 4 \u00e5r. P\u00e5 holdet arbejdes der med vandtilv\u00e6nning, samt forskellige \u00f8velser, der stimulerer barnet, b\u00e5de i forhold til den senere sv\u00f8mmeundervisning, [&hellip;]<\/p>\n\t<\/div>\n\n\t<!--\tThis outputs the post META information -->\n\t<div class=\"entry-utility\">\n\t\t\t\t\t<span class=\"cat-links\">\n\t\t\t\t<span class=\"entry-utility-prep entry-utility-prep-cat-links\">Udgivet i<\/span> <a href=\"https:\/\/snejbjergsgi.dk\/svoemning\/category\/vandskole\/\" rel=\"category tag\">Vandskole<\/a>\t\t\t<\/span>\n\t\t\t<span class=\"meta-sep\">|<\/span>\n\t\t\t\t\t\t\t<span class=\"tag-links\">\n\t\t\t\t<span class=\"entry-utility-prep entry-utility-prep-tag-links\">Tagget<\/span> <a href=\"https:\/\/snejbjergsgi.dk\/svoemning\/tag\/vandskole\/\" rel=\"tag\">Vandskole<\/a>\t\t\t<\/span>\n\t\t\t<span class=\"meta-sep\">|<\/span>\n\t\t\t\t<span class=\"comments-link\">\n\t\t\t<span>Kommentarer lukket<span class=\"screen-reader-text\"> til Plask &amp; Leg<\/span><\/span>\t\t<\/span>\n\t\t\t<\/div>\n<\/div>\n<!-- \/\/ Post Wrap End -->\n\n","protected":false},"excerpt":{"rendered":"<p>Er for de mindste, som skal l\u00e6re at komme i vandet, og beg\u00e5 sig i det v\u00e5de element. F\u00f8rst sammen med mor og\/eller far p\u00e5 holdet Miniplask, og senere i trygge rammer p\u00e5 Plask &amp; Leg, hvor der er ekstra mange hj\u00e6lpeinstrukt\u00f8rer til at hj\u00e6lpe b\u00f8rnene tilrette. I vandskolen arbejder vi hovedsageligt med b\u00f8rnenes motoriske [&hellip;]<\/p>\n","protected":false},"author":1,"featured_media":0,"parent":48,"menu_order":0,"comment_status":"closed","ping_status":"closed","template":"","meta":{"footnotes":""},"class_list":["post-2463","page","type-page","status-publish","hentry","post"],"_links":{"self":[{"href":"https:\/\/snejbjergsgi.dk\/svoemning\/wp-json\/wp\/v2\/pages\/2463","targetHints":{"allow":["GET"]}}],"collection":[{"href":"https:\/\/snejbjergsgi.dk\/svoemning\/wp-json\/wp\/v2\/pages"}],"about":[{"href":"https:\/\/snejbjergsgi.dk\/svoemning\/wp-json\/wp\/v2\/types\/page"}],"author":[{"embeddable":true,"href":"https:\/\/snejbjergsgi.dk\/svoemning\/wp-json\/wp\/v2\/users\/1"}],"replies":[{"embeddable":true,"href":"https:\/\/snejbjergsgi.dk\/svoemning\/wp-json\/wp\/v2\/comments?post=2463"}],"version-history":[{"count":3,"href":"https:\/\/snejbjergsgi.dk\/svoemning\/wp-json\/wp\/v2\/pages\/2463\/revisions"}],"predecessor-version":[{"id":7249,"href":"https:\/\/snejbjergsgi.dk\/svoemning\/wp-json\/wp\/v2\/pages\/2463\/revisions\/7249"}],"up":[{"embeddable":true,"href":"https:\/\/snejbjergsgi.dk\/svoemning\/wp-json\/wp\/v2\/pages\/48"}],"wp:attachment":[{"href":"https:\/\/snejbjergsgi.dk\/svoemning\/wp-json\/wp\/v2\/media?parent=2463"}],"curies":[{"name":"wp","href":"https:\/\/api.w.org\/{rel}","templated":true}]}}