{"id":2431,"date":"2018-09-03T21:28:36","date_gmt":"2018-09-03T19:28:36","guid":{"rendered":"http:\/\/2018.snejbjergsgi.dk\/svomning\/?page_id=2431"},"modified":"2021-08-18T17:59:03","modified_gmt":"2021-08-18T15:59:03","slug":"svoemmeskole-1","status":"publish","type":"page","link":"https:\/\/snejbjergsgi.dk\/svoemning\/hold-svoemning\/svoemmeskole-1\/","title":{"rendered":"Sv\u00f8mmeskole 1 &#8211; 6-11 \u00e5r"},"content":{"rendered":"<p><strong>Form\u00e5l<\/strong>: At man skal l\u00e6re at klare sig i vandet \u2013 kunne dykke, flyde\/glide og springe i vandet. Bem\u00e6rk at vi ikke mener at b\u00f8rn er motorisk klar til brystsv\u00f8mning f\u00f8r ved 10-11 \u00e5rs alderen. Samt at vi IKKE anbefaler brug af sv\u00f8mmebriller.<br \/>\nAldersgruppe: ca. 6 &#8211; 11 \u00e5r.<\/p>\n<p>Klik p\u00e5 de enkelte hold herunder, for at l\u00e6se hele beskrivelsen af holdet (krav, indhold og m\u00e5ls\u00e6tning).<\/p>\n<p>Er du g\u00e5et forkert? S\u00e5 find hold for yngre sv\u00f8mmere enten i <a href=\"https:\/\/snejbjergsgi.dk\/svoemning\/hold\/vandskole\/\">vandskolen<\/a> eller under <a href=\"https:\/\/snejbjergsgi.dk\/svoemning\/hold\/babysvoemning\/\">baby- og sm\u00e5b\u00f8rnssv\u00f8mning<\/a>, eller \u00e6ldre sv\u00f8mmere i Sv\u00f8mmeskole 2.<\/p>\n\n<!-- NOTE: If you need to make changes to this file, copy it to your current theme's main\n\tdirectory so your changes won't be overwritten when the plugin is upgraded. -->\n\n<!-- Post Wrap Start-->\n<div class=\"post hentry ivycat-post\">\n\n\t<!-- \tThis outputs the post TITLE -->\n\t<h2 class=\"entry-title\"><a href=\"https:\/\/snejbjergsgi.dk\/svoemning\/trin-1\/\">Trin 1<\/a><\/h2>\n\n\t<!-- \tThis outputs the post EXCERPT.  To display full content including images and html,\n\t\treplace the_excerpt(); with the_content();  below. -->\n\t<div class=\"entry-summary\">\n\t\t<p>Hvem? Trin 1\u00a0er for barnet, der har n\u00e5et m\u00e5let for\u00a0plask &amp; leg,\u00a0eller barnet, som\u00a0lever op til kravene for trin 1. Krav til sv\u00f8mmeren: Alder min. 6 \u00e5r. Ingen vinger (evt. 2 b\u00e6lter). At b\u00f8rnene er i stand til at modtage kollektiv undervisning. Indhold: P\u00e5 holdet arbejdes der videre med vandtilv\u00e6nningen, som der ogs\u00e5 stiftes bekendtskab [&hellip;]<\/p>\n\t<\/div>\n\n\t<!--\tThis outputs the post META information -->\n\t<div class=\"entry-utility\">\n\t\t\t\t\t<span class=\"cat-links\">\n\t\t\t\t<span class=\"entry-utility-prep entry-utility-prep-cat-links\">Udgivet i<\/span> <a href=\"https:\/\/snejbjergsgi.dk\/svoemning\/category\/holdbesk\/\" rel=\"category tag\">Holdbeskrivelser<\/a>, <a href=\"https:\/\/snejbjergsgi.dk\/svoemning\/category\/svoemmeskole-1\/\" rel=\"category tag\">Sv\u00f8mmeskole 1<\/a>\t\t\t<\/span>\n\t\t\t<span class=\"meta-sep\">|<\/span>\n\t\t\t\t\t\t\t<span class=\"tag-links\">\n\t\t\t\t<span class=\"entry-utility-prep entry-utility-prep-tag-links\">Tagget<\/span> <a href=\"https:\/\/snejbjergsgi.dk\/svoemning\/tag\/svoemmeskole-1\/\" rel=\"tag\">Sv\u00f8mmeskole 1<\/a>\t\t\t<\/span>\n\t\t\t<span class=\"meta-sep\">|<\/span>\n\t\t\t\t<span class=\"comments-link\">\n\t\t\t<span>Kommentarer lukket<span class=\"screen-reader-text\"> til Trin 1<\/span><\/span>\t\t<\/span>\n\t\t\t<\/div>\n<\/div>\n<!-- \/\/ Post Wrap End -->\n\n<!-- NOTE: If you need to make changes to this file, copy it to your current theme's main\n\tdirectory so your changes won't be overwritten when the plugin is upgraded. -->\n\n<!-- Post Wrap Start-->\n<div class=\"post hentry ivycat-post\">\n\n\t<!-- \tThis outputs the post TITLE -->\n\t<h2 class=\"entry-title\"><a href=\"https:\/\/snejbjergsgi.dk\/svoemning\/trin-2\/\">Trin 2<\/a><\/h2>\n\n\t<!-- \tThis outputs the post EXCERPT.  To display full content including images and html,\n\t\treplace the_excerpt(); with the_content();  below. -->\n\t<div class=\"entry-summary\">\n\t\t<p>Hvem? Trin 2 er for barnet, der har\u00a0opn\u00e5et m\u00e5let for\u00a0trin 1, eller\u00a0den lidt st\u00f8rre begynder, som lever op til kravene p\u00e5\u00a0trin 2. Krav til sv\u00f8mmeren:\u00a0At b\u00f8rnene naturligt kan tage hovedet under vandet uden brug af sv\u00f8mmebriller, og selv kan bev\u00e6ge sig fremad i vandet. Der m\u00e5 bruges 1 b\u00e6lte, men ingen vinger. Indhold: P\u00e5 holdet [&hellip;]<\/p>\n\t<\/div>\n\n\t<!--\tThis outputs the post META information -->\n\t<div class=\"entry-utility\">\n\t\t\t\t\t<span class=\"cat-links\">\n\t\t\t\t<span class=\"entry-utility-prep entry-utility-prep-cat-links\">Udgivet i<\/span> <a href=\"https:\/\/snejbjergsgi.dk\/svoemning\/category\/holdbesk\/\" rel=\"category tag\">Holdbeskrivelser<\/a>, <a href=\"https:\/\/snejbjergsgi.dk\/svoemning\/category\/svoemmeskole-1\/\" rel=\"category tag\">Sv\u00f8mmeskole 1<\/a>\t\t\t<\/span>\n\t\t\t<span class=\"meta-sep\">|<\/span>\n\t\t\t\t\t\t\t<span class=\"tag-links\">\n\t\t\t\t<span class=\"entry-utility-prep entry-utility-prep-tag-links\">Tagget<\/span> <a href=\"https:\/\/snejbjergsgi.dk\/svoemning\/tag\/svoemmeskole-1\/\" rel=\"tag\">Sv\u00f8mmeskole 1<\/a>\t\t\t<\/span>\n\t\t\t<span class=\"meta-sep\">|<\/span>\n\t\t\t\t<span class=\"comments-link\">\n\t\t\t<span>Kommentarer lukket<span class=\"screen-reader-text\"> til Trin 2<\/span><\/span>\t\t<\/span>\n\t\t\t<\/div>\n<\/div>\n<!-- \/\/ Post Wrap End -->\n\n<!-- NOTE: If you need to make changes to this file, copy it to your current theme's main\n\tdirectory so your changes won't be overwritten when the plugin is upgraded. -->\n\n<!-- Post Wrap Start-->\n<div class=\"post hentry ivycat-post\">\n\n\t<!-- \tThis outputs the post TITLE -->\n\t<h2 class=\"entry-title\"><a href=\"https:\/\/snejbjergsgi.dk\/svoemning\/trin-3\/\">Trin 3<\/a><\/h2>\n\n\t<!-- \tThis outputs the post EXCERPT.  To display full content including images and html,\n\t\treplace the_excerpt(); with the_content();  below. -->\n\t<div class=\"entry-summary\">\n\t\t<p>Hvem? Trin 3 er for barnet, der har\u00a0opn\u00e5et m\u00e5let for\u00a0trin 2, eller\u00a0den store vandhund, som lever op til kravene p\u00e5\u00a0trin 3.Krav til sv\u00f8mmeren:\u00a0 At b\u00f8rnene kan dykke til bunden p\u00e5 det lave, og at de kan sv\u00f8mme p\u00e5 tv\u00e6rs af bassinet uden ophold &#8211; sidstn\u00e6vnte er vigtigt, da undervisningen hovedsageligt foreg\u00e5r i den dybe ende [&hellip;]<\/p>\n\t<\/div>\n\n\t<!--\tThis outputs the post META information -->\n\t<div class=\"entry-utility\">\n\t\t\t\t\t<span class=\"cat-links\">\n\t\t\t\t<span class=\"entry-utility-prep entry-utility-prep-cat-links\">Udgivet i<\/span> <a href=\"https:\/\/snejbjergsgi.dk\/svoemning\/category\/holdbesk\/\" rel=\"category tag\">Holdbeskrivelser<\/a>, <a href=\"https:\/\/snejbjergsgi.dk\/svoemning\/category\/svoemmeskole-1\/\" rel=\"category tag\">Sv\u00f8mmeskole 1<\/a>\t\t\t<\/span>\n\t\t\t<span class=\"meta-sep\">|<\/span>\n\t\t\t\t\t\t\t<span class=\"tag-links\">\n\t\t\t\t<span class=\"entry-utility-prep entry-utility-prep-tag-links\">Tagget<\/span> <a href=\"https:\/\/snejbjergsgi.dk\/svoemning\/tag\/svoemmeskole-1\/\" rel=\"tag\">Sv\u00f8mmeskole 1<\/a>\t\t\t<\/span>\n\t\t\t<span class=\"meta-sep\">|<\/span>\n\t\t\t\t<span class=\"comments-link\">\n\t\t\t<span>Kommentarer lukket<span class=\"screen-reader-text\"> til Trin 3<\/span><\/span>\t\t<\/span>\n\t\t\t<\/div>\n<\/div>\n<!-- \/\/ Post Wrap End -->\n\n<!-- NOTE: If you need to make changes to this file, copy it to your current theme's main\n\tdirectory so your changes won't be overwritten when the plugin is upgraded. -->\n\n<!-- Post Wrap Start-->\n<div class=\"post hentry ivycat-post\">\n\n\t<!-- \tThis outputs the post TITLE -->\n\t<h2 class=\"entry-title\"><a href=\"https:\/\/snejbjergsgi.dk\/svoemning\/trin-4\/\">Trin 4<\/a><\/h2>\n\n\t<!-- \tThis outputs the post EXCERPT.  To display full content including images and html,\n\t\treplace the_excerpt(); with the_content();  below. -->\n\t<div class=\"entry-summary\">\n\t\t<p>Krav til sv\u00f8mmeren:\u00a0At b\u00f8rnene kan dykke til bunden p\u00e5 det lave, og at de kan sv\u00f8mme p\u00e5 tv\u00e6rs af bassinet uden ophold &#8211; vigtigt, da undervisningen hovedsageligt foreg\u00e5r i den dybe ende af bassinet. Indhold: P\u00e5 holdet arbejder vi med hovedspring, dykning samt crawl arm- og bentag. M\u00e5let med trin 4 er, at b\u00f8rnene skal [&hellip;]<\/p>\n\t<\/div>\n\n\t<!--\tThis outputs the post META information -->\n\t<div class=\"entry-utility\">\n\t\t\t\t\t<span class=\"cat-links\">\n\t\t\t\t<span class=\"entry-utility-prep entry-utility-prep-cat-links\">Udgivet i<\/span> <a href=\"https:\/\/snejbjergsgi.dk\/svoemning\/category\/svoemmeskole-1\/\" rel=\"category tag\">Sv\u00f8mmeskole 1<\/a>\t\t\t<\/span>\n\t\t\t<span class=\"meta-sep\">|<\/span>\n\t\t\t\t\t\t\t<span class=\"tag-links\">\n\t\t\t\t<span class=\"entry-utility-prep entry-utility-prep-tag-links\">Tagget<\/span> <a href=\"https:\/\/snejbjergsgi.dk\/svoemning\/tag\/svoemmeskole-1\/\" rel=\"tag\">Sv\u00f8mmeskole 1<\/a>\t\t\t<\/span>\n\t\t\t<span class=\"meta-sep\">|<\/span>\n\t\t\t\t<span class=\"comments-link\">\n\t\t\t<span>Kommentarer lukket<span class=\"screen-reader-text\"> til Trin 4<\/span><\/span>\t\t<\/span>\n\t\t\t<\/div>\n<\/div>\n<!-- \/\/ Post Wrap End -->\n\n","protected":false},"excerpt":{"rendered":"<p>Form\u00e5l: At man skal l\u00e6re at klare sig i vandet \u2013 kunne dykke, flyde\/glide og springe i vandet. Bem\u00e6rk at vi ikke mener at b\u00f8rn er motorisk klar til brystsv\u00f8mning f\u00f8r ved 10-11 \u00e5rs alderen. Samt at vi IKKE anbefaler brug af sv\u00f8mmebriller. Aldersgruppe: ca. 6 &#8211; 11 \u00e5r. Klik p\u00e5 de enkelte hold herunder, [&hellip;]<\/p>\n","protected":false},"author":1,"featured_media":0,"parent":48,"menu_order":0,"comment_status":"closed","ping_status":"closed","template":"","meta":{"footnotes":""},"class_list":["post-2431","page","type-page","status-publish","hentry","post"],"_links":{"self":[{"href":"https:\/\/snejbjergsgi.dk\/svoemning\/wp-json\/wp\/v2\/pages\/2431","targetHints":{"allow":["GET"]}}],"collection":[{"href":"https:\/\/snejbjergsgi.dk\/svoemning\/wp-json\/wp\/v2\/pages"}],"about":[{"href":"https:\/\/snejbjergsgi.dk\/svoemning\/wp-json\/wp\/v2\/types\/page"}],"author":[{"embeddable":true,"href":"https:\/\/snejbjergsgi.dk\/svoemning\/wp-json\/wp\/v2\/users\/1"}],"replies":[{"embeddable":true,"href":"https:\/\/snejbjergsgi.dk\/svoemning\/wp-json\/wp\/v2\/comments?post=2431"}],"version-history":[{"count":6,"href":"https:\/\/snejbjergsgi.dk\/svoemning\/wp-json\/wp\/v2\/pages\/2431\/revisions"}],"predecessor-version":[{"id":7655,"href":"https:\/\/snejbjergsgi.dk\/svoemning\/wp-json\/wp\/v2\/pages\/2431\/revisions\/7655"}],"up":[{"embeddable":true,"href":"https:\/\/snejbjergsgi.dk\/svoemning\/wp-json\/wp\/v2\/pages\/48"}],"wp:attachment":[{"href":"https:\/\/snejbjergsgi.dk\/svoemning\/wp-json\/wp\/v2\/media?parent=2431"}],"curies":[{"name":"wp","href":"https:\/\/api.w.org\/{rel}","templated":true}]}}