{"id":10,"date":"2018-05-29T20:41:28","date_gmt":"2018-05-29T20:41:28","guid":{"rendered":"http:\/\/2018.snejbjergsgi.dk\/svomning\/?page_id=10"},"modified":"2024-08-15T19:31:43","modified_gmt":"2024-08-15T17:31:43","slug":"svomning","status":"publish","type":"page","link":"https:\/\/snejbjergsgi.dk\/svoemning\/","title":{"rendered":"Sv\u00f8mning i Snejbjerg Sv\u00f8mmeklub"},"content":{"rendered":"\n<p>Velkommen til Snejbjerg SG&amp;I Sv\u00f8mning, i daglig tale Snejbjerg Sv\u00f8mmeklub.<\/p>\n\n\n\n<p>i Snejbjerg Sv\u00f8mmeklub er det vores m\u00e5l, at flest mulige, b\u00e5de b\u00f8rn og voksne, l\u00e6rer at sv\u00f8mme, og derfor vil du opleve at st\u00f8rstedelen af vore b\u00f8rnehold er centreret omkring sv\u00f8mmeskolen, og du finder ingen talent- eller konkurrencehold.<\/p>\n\n\n\n<div class=\"wp-block-buttons is-content-justification-center is-layout-flex wp-container-core-buttons-is-layout-16018d1d wp-block-buttons-is-layout-flex\">\n<div class=\"wp-block-button has-custom-font-size has-small-font-size\"><a class=\"wp-block-button__link has-white-color has-luminous-vivid-orange-background-color has-text-color has-background has-link-color wp-element-button\" href=\"\/svoemning\/tilmelding\/online-tilmelding\/\">Tilmeld dig et hold<\/a><\/div>\n<\/div>\n\n\n\n<p>Leder du efter <a href=\"\/svoemning\/tilmelding\/online-tilmelding\/\">tilmelding<\/a> til sv\u00f8mning?<\/p>\n\n\n\n<hr class=\"wp-block-separator has-css-opacity\"\/>\n\n\n\n<h3 class=\"wp-block-heading\"><span style=\"font-size: 16px;color: #191e23\"><\/span> <\/h3>\n\n\n\n<h3 class=\"wp-block-heading\"><span style=\"font-size: 16px;color: #191e23\"><br><\/span>Nyheder fra Snejbjerg SG&amp;I Sv\u00f8mning<\/h3>\n\n\n\n<div class=\"wp-block-columns is-layout-flex wp-container-core-columns-is-layout-9d6595d7 wp-block-columns-is-layout-flex\">\n<div class=\"wp-block-column is-layout-flow wp-block-column-is-layout-flow\" style=\"flex-basis:100%\"><ul class=\"wp-block-latest-posts__list has-dates wp-block-latest-posts\"><li><div class=\"wp-block-latest-posts__featured-image alignleft\"><img loading=\"lazy\" decoding=\"async\" width=\"150\" height=\"150\" src=\"https:\/\/snejbjergsgi.dk\/svoemning\/wp-content\/uploads\/sites\/17\/2019\/04\/fr\u00f8pr\u00f8ver-snejbjerg-sv\u00f8mmeklub-150x150.jpg\" class=\"attachment-thumbnail size-thumbnail wp-post-image\" alt=\"fr\u00f8rp\u00f8ver, Snejbjerg Sv\u00f8mmeklub\" style=\"\" \/><\/div><a class=\"wp-block-latest-posts__post-title\" href=\"https:\/\/snejbjergsgi.dk\/svoemning\/saesonafslutning-tilmeldingen-er-aaben\/\">S\u00e6sonafslutning 2026 &#8211; tilmeldingen er \u00e5ben<\/a><time datetime=\"2026-03-27T00:03:27+01:00\" class=\"wp-block-latest-posts__post-date\">27. marts 2026<\/time><div class=\"wp-block-latest-posts__post-excerpt\">Endelig fik vi indbydelserne til \u00e5rets s\u00e6sonafslutning \/ store m\u00e6rkedag klar og \u00e5bnet for tilmeldingen. Har du styr p\u00e5, hvilken af pr\u00f8verne (Haletudse, Fr\u00f8, Bronzefr\u00f8, S\u00f8lvfr\u00f8, Guldfr\u00f8) dit barn skal tage? Ellers l\u00e6s om pr\u00f8verne her eller sp\u00f8rg barnets instrukt\u00f8r. Tilmeldingen er \u00e5ben frem til mandag d. 13. april kl. 21, men skynd dig gerne\u2026 <a class=\"wp-block-latest-posts__read-more\" href=\"https:\/\/snejbjergsgi.dk\/svoemning\/saesonafslutning-tilmeldingen-er-aaben\/\" rel=\"noopener noreferrer\">L\u00e6s mere<span class=\"screen-reader-text\">: S\u00e6sonafslutning 2026 &#8211; tilmeldingen er \u00e5ben<\/span><\/a><\/div><\/li>\n<li><div class=\"wp-block-latest-posts__featured-image alignleft\"><img loading=\"lazy\" decoding=\"async\" width=\"150\" height=\"150\" src=\"https:\/\/snejbjergsgi.dk\/svoemning\/wp-content\/uploads\/sites\/17\/2025\/11\/514063575_24198202169775134_8841574714497814368_n-e1764545696644-150x150.jpg\" class=\"attachment-thumbnail size-thumbnail wp-post-image\" alt=\"Nissehuer i Snejbjerg Sv\u00f8mmeklub\" style=\"\" \/><\/div><a class=\"wp-block-latest-posts__post-title\" href=\"https:\/\/snejbjergsgi.dk\/svoemning\/julebrev-saeson-2025-26\/\">Julebrev s\u00e6son 2025\/26<\/a><time datetime=\"2025-12-01T00:07:38+01:00\" class=\"wp-block-latest-posts__post-date\">1. december 2025<\/time><div class=\"wp-block-latest-posts__post-excerpt\">K\u00e6re sv\u00f8mmer og for\u00e6lder Er du ved at v\u00e6re klar til kalenderlys, julekalender og julehygge? Vi er s\u00e5 sm\u00e5t ved at v\u00e6re klar, men inden julehyggen helt indtager sv\u00f8mmeundervisningen, skal vi lige have lagt sidste h\u00e5nd p\u00e5 vores juleudsmykning. Vi skal have sat de sidste julelys p\u00e5 vores juletr\u00e6er, og nissehuser p\u00e5 vores figurer i\u2026 <a class=\"wp-block-latest-posts__read-more\" href=\"https:\/\/snejbjergsgi.dk\/svoemning\/julebrev-saeson-2025-26\/\" rel=\"noopener noreferrer\">L\u00e6s mere<span class=\"screen-reader-text\">: Julebrev s\u00e6son 2025\/26<\/span><\/a><\/div><\/li>\n<li><div class=\"wp-block-latest-posts__featured-image alignleft\"><img loading=\"lazy\" decoding=\"async\" width=\"150\" height=\"150\" src=\"https:\/\/snejbjergsgi.dk\/svoemning\/wp-content\/uploads\/sites\/17\/2024\/09\/20240415_200348-150x150.jpg\" class=\"attachment-thumbnail size-thumbnail wp-post-image\" alt=\"\" style=\"\" \/><\/div><a class=\"wp-block-latest-posts__post-title\" href=\"https:\/\/snejbjergsgi.dk\/svoemning\/korpset-i-snejbjerg-svoemmehal\/\">Korpset i Snejbjerg Sv\u00f8mmehal<\/a><time datetime=\"2024-09-18T18:18:09+02:00\" class=\"wp-block-latest-posts__post-date\">18. september 2024<\/time><div class=\"wp-block-latest-posts__post-excerpt\">F\u00f8lger du med i Korpset? Ellers har vi en god grund til at f\u00f8lge dagens afsnit p\u00e5 TV2 Echo kl. 20.40 eller streame det fra TV2 play &#8211; en del af optagelserne er nemlig foretaget i vores elskede Snejbjerg Sv\u00f8mmehal. Her vil du se nogle \u00f8velser, som bestemt ikke h\u00f8rer til hverdagen i vores forening,\u2026 <a class=\"wp-block-latest-posts__read-more\" href=\"https:\/\/snejbjergsgi.dk\/svoemning\/korpset-i-snejbjerg-svoemmehal\/\" rel=\"noopener noreferrer\">L\u00e6s mere<span class=\"screen-reader-text\">: Korpset i Snejbjerg Sv\u00f8mmehal<\/span><\/a><\/div><\/li>\n<li><div class=\"wp-block-latest-posts__featured-image alignleft\"><img loading=\"lazy\" decoding=\"async\" width=\"150\" height=\"150\" src=\"https:\/\/snejbjergsgi.dk\/svoemning\/wp-content\/uploads\/sites\/17\/2019\/04\/fr\u00f8pr\u00f8ver-snejbjerg-sv\u00f8mmeklub-150x150.jpg\" class=\"attachment-thumbnail size-thumbnail wp-post-image\" alt=\"fr\u00f8rp\u00f8ver, Snejbjerg Sv\u00f8mmeklub\" style=\"\" \/><\/div><a class=\"wp-block-latest-posts__post-title\" href=\"https:\/\/snejbjergsgi.dk\/svoemning\/saesonoversigt-2024-25\/\">S\u00e6sonoversigt 2024\/25<\/a><time datetime=\"2024-08-15T18:20:11+02:00\" class=\"wp-block-latest-posts__post-date\">15. august 2024<\/time><div class=\"wp-block-latest-posts__post-excerpt\">Velkommen til s\u00e6son 2024\/25 i Snejbjerg Sv\u00f8mmeklub &#8211; s\u00e6t allerede nu kryds i kalenderen p\u00e5 f\u00f8lgende tidspunkter, hvor der sker noget s\u00e6rligt i forbindelse med sv\u00f8mmeunderivsningen &#8211; vi vil ogs\u00e5 informere l\u00f8bende undervejs.<\/div><\/li>\n<li><div class=\"wp-block-latest-posts__featured-image alignleft\"><img loading=\"lazy\" decoding=\"async\" width=\"150\" height=\"150\" src=\"https:\/\/snejbjergsgi.dk\/svoemning\/wp-content\/uploads\/sites\/17\/2018\/09\/tilmelding-Snejbjerg-sv\u00f8mmeklub-150x150.jpg\" class=\"attachment-thumbnail size-thumbnail wp-post-image\" alt=\"tilmelding s\u00e6son 2020-2021\" style=\"\" \/><\/div><a class=\"wp-block-latest-posts__post-title\" href=\"https:\/\/snejbjergsgi.dk\/svoemning\/klar-til-tilmleding-saeson-2024-25\/\">Klar til tilmleding s\u00e6son 2024\/25<\/a><time datetime=\"2024-08-15T18:08:39+02:00\" class=\"wp-block-latest-posts__post-date\">15. august 2024<\/time><div class=\"wp-block-latest-posts__post-excerpt\">15. august 2024 kl. 19.30 \u00e5bner vi tilmeldingen til vinterens hold. Har du endnu ikke besluttet hvilket hold du eller dit barn skal g\u00e5 p\u00e5, kan vi her hj\u00e6lpe dig med en oversigt over, hvilke hold, der undervises hvorn\u00e5r, og hvilke forventninger, der s\u00e6ttes til deltagerne p\u00e5 de enkelte hold<\/div><\/li>\n<\/ul><\/div>\n<\/div>\n\n\n\n<hr class=\"wp-block-separator has-css-opacity\"\/>\n\n\n\n<h2 class=\"wp-block-heading\">Sv\u00f8mning med sikkerhed &amp; tryghed i h\u00f8js\u00e6det<\/h2>\n\n\n\n<p>I Snejbjerg Sv\u00f8mmeklub v\u00e6gter vi sikkerhed og tryghed h\u00f8jt. Vi s\u00e6tter sikkerheden i h\u00f8js\u00e6det ved, at vi altid har mindst \u00e9n livredder tilstede i sv\u00f8mmehallen. Desuden deltager alle instrukt\u00f8rer og hj\u00e6lpeinstrukt\u00f8rer i f\u00f8rstehj\u00e6lpsuddannelse hvert \u00e5r.<\/p>\n\n\n\n<p>Tryghed opn\u00e5s via<\/p>\n\n\n\n<ul class=\"wp-block-list\">\n<li>uddannelse af vore instrukt\u00f8rer, s\u00e5 de er kl\u00e6dt p\u00e5 til at yde en faglig kompetent undervisning, og har forst\u00e5else for den aldersgruppe der undervises.<\/li>\n\n\n\n<li>et passende antal instrukt\u00f8rer og hj\u00e6lpeinstrukt\u00f8rer p\u00e5 alle hold &#8211; vi s\u00f8ger at antallet matcher sv\u00f8mmernes niveau og antal p\u00e5 de enkelte hold.<\/li>\n\n\n\n<li>Gennemg\u00e5ende instrukt\u00f8rer, s\u00e5 der holdes fokus p\u00e5 faglighed og kendskab til den enkelte sv\u00f8mmer.<\/li>\n<\/ul>\n\n\n\n<figure class=\"wp-block-image\"><a href=\"https:\/\/www.e-julemaerket.dk\/?fba3818b-ba6a-44f7-b49a-0db4f138af15\"><img decoding=\"async\" src=\"https:\/\/ejul.siteinvent.com\/27E7D287-99FC-45E0-8E58-EAF9F06B8288\/fba3818b-ba6a-44f7-b49a-0db4f138af15.PNG\" alt=\"\"\/><\/a><\/figure>\n","protected":false},"excerpt":{"rendered":"<p>Velkommen til Snejbjerg SG&amp;I Sv\u00f8mning, i daglig tale Snejbjerg Sv\u00f8mmeklub. i Snejbjerg Sv\u00f8mmeklub er det vores m\u00e5l, at flest mulige, b\u00e5de b\u00f8rn og voksne, l\u00e6rer at sv\u00f8mme, og derfor vil du opleve at st\u00f8rstedelen af vore b\u00f8rnehold er centreret omkring sv\u00f8mmeskolen, og du finder ingen talent- eller konkurrencehold. Leder du efter tilmelding til sv\u00f8mning? Nyheder [&hellip;]<\/p>\n","protected":false},"author":1,"featured_media":0,"parent":0,"menu_order":0,"comment_status":"closed","ping_status":"closed","template":"","meta":{"footnotes":""},"class_list":["post-10","page","type-page","status-publish","hentry","post"],"_links":{"self":[{"href":"https:\/\/snejbjergsgi.dk\/svoemning\/wp-json\/wp\/v2\/pages\/10","targetHints":{"allow":["GET"]}}],"collection":[{"href":"https:\/\/snejbjergsgi.dk\/svoemning\/wp-json\/wp\/v2\/pages"}],"about":[{"href":"https:\/\/snejbjergsgi.dk\/svoemning\/wp-json\/wp\/v2\/types\/page"}],"author":[{"embeddable":true,"href":"https:\/\/snejbjergsgi.dk\/svoemning\/wp-json\/wp\/v2\/users\/1"}],"replies":[{"embeddable":true,"href":"https:\/\/snejbjergsgi.dk\/svoemning\/wp-json\/wp\/v2\/comments?post=10"}],"version-history":[{"count":39,"href":"https:\/\/snejbjergsgi.dk\/svoemning\/wp-json\/wp\/v2\/pages\/10\/revisions"}],"predecessor-version":[{"id":7654,"href":"https:\/\/snejbjergsgi.dk\/svoemning\/wp-json\/wp\/v2\/pages\/10\/revisions\/7654"}],"wp:attachment":[{"href":"https:\/\/snejbjergsgi.dk\/svoemning\/wp-json\/wp\/v2\/media?parent=10"}],"curies":[{"name":"wp","href":"https:\/\/api.w.org\/{rel}","templated":true}]}}