{"id":8,"date":"2019-07-03T09:08:30","date_gmt":"2019-07-03T07:08:30","guid":{"rendered":"http:\/\/168.119.69.83\/~ssgi\/stoetteforeningen\/?page_id=8"},"modified":"2019-07-03T09:08:30","modified_gmt":"2019-07-03T07:08:30","slug":"tilskud-ansoegning","status":"publish","type":"page","link":"https:\/\/snejbjergsgi.dk\/stoetteforeningen\/tilskud-ansoegning\/","title":{"rendered":"Tilskud &#8211; ans\u00f8gning"},"content":{"rendered":"<h2>Ans\u00f8gning om tilskud<\/h2>\n<p>Ans\u00f8gning om st\u00f8tte sendes til bestyrelsen, og skal indeholde f\u00f8lgende\u00a0oplysninger:\u00a0 <img loading=\"lazy\" decoding=\"async\" class=\"wp-image-9 alignright\" src=\"http:\/\/168.119.69.83\/~ssgi\/stoetteforeningen\/wp-content\/uploads\/sites\/18\/2019\/07\/stotteforening-254x300.jpg\" alt=\"\" width=\"157\" height=\"186\" srcset=\"https:\/\/snejbjergsgi.dk\/stoetteforeningen\/wp-content\/uploads\/sites\/18\/2019\/07\/stotteforening-254x300.jpg 254w, https:\/\/snejbjergsgi.dk\/stoetteforeningen\/wp-content\/uploads\/sites\/18\/2019\/07\/stotteforening-768x907.jpg 768w, https:\/\/snejbjergsgi.dk\/stoetteforeningen\/wp-content\/uploads\/sites\/18\/2019\/07\/stotteforening.jpg 813w\" sizes=\"auto, (max-width: 157px) 100vw, 157px\" \/><br \/>\n1. Hvem s\u00f8ger st\u00f8tte<br \/>\n2. Hvad der s\u00f8ges st\u00f8tte til (form\u00e5l, begivenhed, antal deltagere m.m.)<br \/>\n3. Samlet udgift<br \/>\n4. Registreringsnummer og kontonummer som et evt. st\u00f8ttebel\u00f8b \u00f8nskes overf\u00f8rt til<\/p>\n<p><strong>Ans\u00f8g altid f\u00f8r arrangementet afholdes \u2013 og i god tid.<\/p>\n<p><\/strong>For at opn\u00e5 st\u00f8tte fra St\u00f8tteforeningen for Snejbjerg Idr\u00e6tten skal det synligg\u00f8res over for for\u00e6ldrene, \u00a0at der ydes et bidrag fra St\u00f8tteforeningen. Det betyder, at de enkelte grupper skal meddele for\u00e6ldrene, \u00a0n\u00e5r der sker tilmelding\/opkr\u00e6vning af betalingen, \u00a0at der ogs\u00e5 ydes til skud fra St\u00f8tteforeningen \u2013 og gerne med bel\u00f8bsangivelse.<\/p>\n<p>For at det kan ske i praksis kr\u00e6ver det, \u00a0at de enkelte grupper planl\u00e6gger i god tid hvilke hold\/st\u00e6vner\/aktiviteter, der skal s\u00f8ges st\u00f8tte til og f\u00e5r ans\u00f8gningerne fremsendt til St\u00f8tteforeningen for Snejbjerg Idr\u00e6tten.<\/p>\n<p>Det er et krav, \u00a0at det synligg\u00f8res at der ydes bidrag, da det kan v\u00e6re sv\u00e6rt at argumentere for at der skal betales kontingent til St\u00f8tteforeningen for Snejbjerg Idr\u00e6tten, hvis der fra de enkelte grupper \u00a0ikke reklameres for at for\u00e6ldrebetalingen er reduceret som f\u00f8lge af tilskud fra St\u00f8tteforeningen.<\/p>\n<p>En eventuel st\u00f8tte fra St\u00f8tteforeningen skal medf\u00f8re reduceret for\u00e6ldrebetaling og ikke tilg\u00e5 klubbens \u00f8konomi.<\/p>\n<p><strong><br \/>\nYderligere dokumentation<\/strong><br \/>\nI visse situationer vil bestyrelsen kr\u00e6ve yderligere dokumentation, f\u00f8r st\u00f8tte bliver udbetalt. Det kan eksempelvis v\u00e6re n\u00e5r der s\u00f8ges p\u00e5 grundlag af sk\u00f8nnede bel\u00f8b, n\u00e5r deltagerantallet er sk\u00f8nnet o.l.<\/p>\n<p><strong>Ans\u00f8gningsfrister<\/strong><br \/>\nBestyrelsen vil som udgangspunkt behandle indkomne ans\u00f8gninger 4 gange \u00e5rligt. Ans\u00f8gningsfristerne er henholdsvis 1. September, 1. November, 1. Februar og 1. maj<br \/>\nDer kan forventes svar p\u00e5 ans\u00f8gninger ca. 14 dage efter ovenn\u00e6vnte frister.<\/p>\n<p>Ans\u00f8gning sendes til:<\/p>\n<div>Kirsten \u00d8stergaard<br \/>\nSolbjerg 42<br \/>\n7400\u00a0 Herning<br \/>\nMail:\u00a0<a href=\"mailto:solbjerg42@gmail.com\">solbjerg42@gmail.com<\/a><\/div>\n","protected":false},"excerpt":{"rendered":"<p>Ans\u00f8gning om tilskud Ans\u00f8gning om st\u00f8tte sendes til bestyrelsen, og skal indeholde f\u00f8lgende\u00a0oplysninger:\u00a0 1. Hvem s\u00f8ger st\u00f8tte 2. Hvad der s\u00f8ges st\u00f8tte til (form\u00e5l, begivenhed, antal deltagere m.m.) 3. Samlet udgift 4. Registreringsnummer og kontonummer som et evt. st\u00f8ttebel\u00f8b \u00f8nskes overf\u00f8rt til Ans\u00f8g altid f\u00f8r arrangementet afholdes \u2013 og i god tid. For at opn\u00e5 [&hellip;]<\/p>\n","protected":false},"author":3,"featured_media":0,"parent":0,"menu_order":0,"comment_status":"closed","ping_status":"closed","template":"","meta":{"footnotes":""},"class_list":["post-8","page","type-page","status-publish","hentry","post"],"_links":{"self":[{"href":"https:\/\/snejbjergsgi.dk\/stoetteforeningen\/wp-json\/wp\/v2\/pages\/8","targetHints":{"allow":["GET"]}}],"collection":[{"href":"https:\/\/snejbjergsgi.dk\/stoetteforeningen\/wp-json\/wp\/v2\/pages"}],"about":[{"href":"https:\/\/snejbjergsgi.dk\/stoetteforeningen\/wp-json\/wp\/v2\/types\/page"}],"author":[{"embeddable":true,"href":"https:\/\/snejbjergsgi.dk\/stoetteforeningen\/wp-json\/wp\/v2\/users\/3"}],"replies":[{"embeddable":true,"href":"https:\/\/snejbjergsgi.dk\/stoetteforeningen\/wp-json\/wp\/v2\/comments?post=8"}],"version-history":[{"count":1,"href":"https:\/\/snejbjergsgi.dk\/stoetteforeningen\/wp-json\/wp\/v2\/pages\/8\/revisions"}],"predecessor-version":[{"id":10,"href":"https:\/\/snejbjergsgi.dk\/stoetteforeningen\/wp-json\/wp\/v2\/pages\/8\/revisions\/10"}],"wp:attachment":[{"href":"https:\/\/snejbjergsgi.dk\/stoetteforeningen\/wp-json\/wp\/v2\/media?parent=8"}],"curies":[{"name":"wp","href":"https:\/\/api.w.org\/{rel}","templated":true}]}}