{"id":1537,"date":"2025-09-04T08:54:58","date_gmt":"2025-09-04T08:54:58","guid":{"rendered":"https:\/\/snejbjergsgi.dk\/seniorsport\/?page_id=1537"},"modified":"2026-02-25T08:38:23","modified_gmt":"2026-02-25T08:38:23","slug":"morgenmoeder-2025-2026","status":"publish","type":"page","link":"https:\/\/snejbjergsgi.dk\/seniorsport\/morgenmoeder-2025-2026\/","title":{"rendered":"Morgenm\u00f8der 2025\/2026"},"content":{"rendered":"<table>\n<tbody>\n<tr>\n<td width=\"123\">16-09-2025<\/td>\n<td width=\"519\">Gymnastik starter \u2013 kaffe og rundstykker \u2013 H\u00e5ndbold fort\u00e6ller om deres aktiviteter<\/td>\n<\/tr>\n<tr>\n<td width=\"123\">23-09-2025<\/td>\n<td width=\"519\">Asta om kontingent \u2013 gruppesnak om ideer til morgenm\u00f8der<\/td>\n<\/tr>\n<tr>\n<td width=\"123\">30-09-2025<\/td>\n<td width=\"519\">Charlotte Vindelev fra Skolevenner<\/td>\n<\/tr>\n<tr>\n<td width=\"123\">07-10-2025<\/td>\n<td width=\"519\">Hans Rosbjerg &#8211; Herning Astronomiforening &#8211; fort\u00e6ller om univers og planeter<\/td>\n<\/tr>\n<tr>\n<td width=\"123\">14-10-2025<\/td>\n<td width=\"519\">Efter\u00e5rsferie \u2013 hallen er \u00e5ben for de, som \u00f8nsker at lave aktiviteter<\/td>\n<\/tr>\n<tr>\n<td width=\"123\">21-10-2025<\/td>\n<td width=\"519\">Cykelhandler og tidligere professionel cykelrytter Per P.<\/td>\n<\/tr>\n<tr>\n<td width=\"123\">28-10-2025<\/td>\n<td width=\"519\">Anita D\u00f8fler om \u00e6ldrer\u00e5det<\/td>\n<\/tr>\n<tr>\n<td width=\"123\">04-11-2025<\/td>\n<td width=\"519\">Bruno Hansen og Joan Hansen om osteoporoseforeningen<\/td>\n<\/tr>\n<tr>\n<td width=\"123\">11-11-2025<\/td>\n<td width=\"519\">Henrik S\u00f8rensen fra R\u00f8de Kors<\/td>\n<\/tr>\n<tr>\n<td width=\"123\">18-11-2025<\/td>\n<td width=\"519\">Ingen morgenm\u00f8de p\u00e5 grund af kommunalvalg. Gymnastik i Hal II og Multisalen<\/td>\n<\/tr>\n<tr>\n<td width=\"123\">25-11-2025<\/td>\n<td width=\"519\">\u00a0<\/td>\n<\/tr>\n<tr>\n<td width=\"123\">02-12-2025<\/td>\n<td width=\"519\">\u00a0<\/td>\n<\/tr>\n<tr>\n<td width=\"123\">09-12-2025<\/td>\n<td width=\"519\">Kurt Damg\u00e5rd &#8211; Julelys<\/td>\n<\/tr>\n<tr>\n<td width=\"123\">16-12-2025<\/td>\n<td width=\"519\">Juleafslutning<\/td>\n<\/tr>\n<tr>\n<td width=\"123\">23-12-2025<\/td>\n<td width=\"519\">Juleferie<\/td>\n<\/tr>\n<tr>\n<td width=\"123\">06-01-2026<\/td>\n<td width=\"519\">Opstart efter juleferie<\/td>\n<\/tr>\n<tr>\n<td width=\"123\">13-01-2026<\/td>\n<td width=\"519\">\u00a0<\/td>\n<\/tr>\n<tr>\n<td width=\"123\">20-01-2026<\/td>\n<td width=\"519\">Bente Halborg fra den lokale Gigtforening\u00a0<\/td>\n<\/tr>\n<tr>\n<td width=\"123\">27-01-2026<\/td>\n<td width=\"519\">S\u00f8ren Helbo &#8211; tidligere topdommer i ishockey, l\u00e6rer og p\u00e6dagog<\/td>\n<\/tr>\n<tr>\n<td width=\"123\">03-02-2026<\/td>\n<td width=\"519\">Kaffe og rundstykker inden vinterferien<\/td>\n<\/tr>\n<tr>\n<td width=\"123\">10-02-2026<\/td>\n<td width=\"519\">Vinterferie \u2013 hallen er \u00e5ben for de, som \u00f8nsker at lave aktiviteter<\/td>\n<\/tr>\n<tr>\n<td width=\"123\">17-02-2026<\/td>\n<td width=\"519\">\u00a0<\/td>\n<\/tr>\n<tr>\n<td width=\"123\">24-02-2026<\/td>\n<td width=\"519\">Leif Septstrup fort\u00e6ller om Snejbjerg i gamle dage<\/td>\n<\/tr>\n<tr>\n<td width=\"123\">03-03-2026<\/td>\n<td width=\"519\">Leif Septstrup fort\u00e6ller om Snejbjerg i gamle dage<\/td>\n<\/tr>\n<tr>\n<td width=\"123\">10-03-2026<\/td>\n<td width=\"519\">Steen Jensen formand for Snejbjerg Hallens bestyrelse<\/td>\n<\/tr>\n<tr>\n<td width=\"123\">17-03-2026<\/td>\n<td width=\"519\">Pernille Kjeldsen fodboldafdelingen og Bjarne Skou om ny s\u00e6son for cykelholdet<\/td>\n<\/tr>\n<\/tbody>\n<\/table>\n\n\n<figure class=\"wp-block-table\"><table class=\"has-fixed-layout\"><tbody><tr><td><strong>24-03-2026<\/strong><\/td><td><strong>Gymnastikafslutning og efterf\u00f8lgende \u00c5rsm\u00f8de i Seniorsport<\/strong><\/td><\/tr><\/tbody><\/table><\/figure>\n\n\n\n<p><\/p>\n","protected":false},"excerpt":{"rendered":"<p>16-09-2025 Gymnastik starter \u2013 kaffe og rundstykker \u2013 H\u00e5ndbold fort\u00e6ller om deres aktiviteter 23-09-2025 Asta om kontingent \u2013 gruppesnak om ideer til morgenm\u00f8der 30-09-2025 Charlotte Vindelev fra Skolevenner 07-10-2025 Hans Rosbjerg &#8211; Herning Astronomiforening &#8211; fort\u00e6ller om univers og planeter 14-10-2025 Efter\u00e5rsferie \u2013 hallen er \u00e5ben for de, som \u00f8nsker at lave aktiviteter 21-10-2025 Cykelhandler [&hellip;]<\/p>\n","protected":false},"author":18,"featured_media":0,"parent":0,"menu_order":0,"comment_status":"closed","ping_status":"closed","template":"","meta":{"footnotes":""},"class_list":["post-1537","page","type-page","status-publish","hentry","post"],"_links":{"self":[{"href":"https:\/\/snejbjergsgi.dk\/seniorsport\/wp-json\/wp\/v2\/pages\/1537","targetHints":{"allow":["GET"]}}],"collection":[{"href":"https:\/\/snejbjergsgi.dk\/seniorsport\/wp-json\/wp\/v2\/pages"}],"about":[{"href":"https:\/\/snejbjergsgi.dk\/seniorsport\/wp-json\/wp\/v2\/types\/page"}],"author":[{"embeddable":true,"href":"https:\/\/snejbjergsgi.dk\/seniorsport\/wp-json\/wp\/v2\/users\/18"}],"replies":[{"embeddable":true,"href":"https:\/\/snejbjergsgi.dk\/seniorsport\/wp-json\/wp\/v2\/comments?post=1537"}],"version-history":[{"count":14,"href":"https:\/\/snejbjergsgi.dk\/seniorsport\/wp-json\/wp\/v2\/pages\/1537\/revisions"}],"predecessor-version":[{"id":1578,"href":"https:\/\/snejbjergsgi.dk\/seniorsport\/wp-json\/wp\/v2\/pages\/1537\/revisions\/1578"}],"wp:attachment":[{"href":"https:\/\/snejbjergsgi.dk\/seniorsport\/wp-json\/wp\/v2\/media?parent=1537"}],"curies":[{"name":"wp","href":"https:\/\/api.w.org\/{rel}","templated":true}]}}