{"id":1422,"date":"2025-01-12T12:50:37","date_gmt":"2025-01-12T12:50:37","guid":{"rendered":"https:\/\/snejbjergsgi.dk\/seniorsport\/?page_id=1422"},"modified":"2025-08-11T11:04:19","modified_gmt":"2025-08-11T11:04:19","slug":"laan-af-petanquebaner","status":"publish","type":"page","link":"https:\/\/snejbjergsgi.dk\/seniorsport\/laan-af-petanquebaner\/","title":{"rendered":"L\u00e5n af petanquebaner"},"content":{"rendered":"<p>Petanquebanerne administreres af Seniorsport. Seniorsport egen aktivitet har selvf\u00f8lgelig f\u00f8rste prioritet, men banerne og det \u00e5bne opholdsrum m\u00e5 gerne bruges af andre. Blot det efterlades ordentligt og rydeligt efter brug.<\/p>\n<p>Seniorsport bruger normalt banerne onsdage mellem kl. 13 og 16 samt til turneringskampe i DGI-regi.<\/p>\n<p>Hvis du \u00f8nsker at l\u00e5ne banerne med baneafm\u00e6rkning og resultattavler kan du kontakte formanden for seniorsport Erling Heller, mail ehmunk@mail.dk, tlf. 2695 9592 eller J\u00f8rgen Rasmussen, mail toftbjerg43@gmail.com tlf 4021 6087<\/p>\n<p><strong>Banerne er booked:<\/strong><\/p>\n<p>tirsdag den 5. maj 2026 kl. 18:00 &#8211; 19:30 Lions Club, Herning.\u00a0 Allan Rasmussen &#8211; aftalt med J\u00f8rgens Rasmussen<\/p>\n<p>s\u00f8ndag den 18. maj 2025 &#8211; Erling Heller<\/p>\n","protected":false},"excerpt":{"rendered":"<p>Petanquebanerne administreres af Seniorsport. Seniorsport egen aktivitet har selvf\u00f8lgelig f\u00f8rste prioritet, men banerne og det \u00e5bne opholdsrum m\u00e5 gerne bruges af andre. Blot det efterlades ordentligt og rydeligt efter brug. Seniorsport bruger normalt banerne onsdage mellem kl. 13 og 16 samt til turneringskampe i DGI-regi. Hvis du \u00f8nsker at l\u00e5ne banerne med baneafm\u00e6rkning og resultattavler [&hellip;]<\/p>\n","protected":false},"author":3,"featured_media":0,"parent":0,"menu_order":0,"comment_status":"closed","ping_status":"closed","template":"","meta":{"footnotes":""},"class_list":["post-1422","page","type-page","status-publish","hentry","post"],"_links":{"self":[{"href":"https:\/\/snejbjergsgi.dk\/seniorsport\/wp-json\/wp\/v2\/pages\/1422","targetHints":{"allow":["GET"]}}],"collection":[{"href":"https:\/\/snejbjergsgi.dk\/seniorsport\/wp-json\/wp\/v2\/pages"}],"about":[{"href":"https:\/\/snejbjergsgi.dk\/seniorsport\/wp-json\/wp\/v2\/types\/page"}],"author":[{"embeddable":true,"href":"https:\/\/snejbjergsgi.dk\/seniorsport\/wp-json\/wp\/v2\/users\/3"}],"replies":[{"embeddable":true,"href":"https:\/\/snejbjergsgi.dk\/seniorsport\/wp-json\/wp\/v2\/comments?post=1422"}],"version-history":[{"count":3,"href":"https:\/\/snejbjergsgi.dk\/seniorsport\/wp-json\/wp\/v2\/pages\/1422\/revisions"}],"predecessor-version":[{"id":1502,"href":"https:\/\/snejbjergsgi.dk\/seniorsport\/wp-json\/wp\/v2\/pages\/1422\/revisions\/1502"}],"wp:attachment":[{"href":"https:\/\/snejbjergsgi.dk\/seniorsport\/wp-json\/wp\/v2\/media?parent=1422"}],"curies":[{"name":"wp","href":"https:\/\/api.w.org\/{rel}","templated":true}]}}