{"id":1364,"date":"2024-09-23T11:09:18","date_gmt":"2024-09-23T11:09:18","guid":{"rendered":"https:\/\/snejbjergsgi.dk\/seniorsport\/?page_id=1364"},"modified":"2025-02-26T08:36:37","modified_gmt":"2025-02-26T08:36:37","slug":"morgenmoeder-2024-2025","status":"publish","type":"page","link":"https:\/\/snejbjergsgi.dk\/seniorsport\/morgenmoeder-2024-2025\/","title":{"rendered":"Morgenm\u00f8der 2024-2025"},"content":{"rendered":"\n<figure class=\"wp-block-table\"><table><tbody><tr><td>17-09-2024<\/td><td>Start p\u00e5 s\u00e6sonen og morgenkaffe<\/td><\/tr><tr><td>24-09-2024<\/td><td>Gruppesnak om ideer til morgenm\u00f8der<\/td><\/tr><tr><td>01-10-2024<\/td><td>Asta om kontingent<\/td><\/tr><tr><td>08-10-2024<\/td><td>Torben fra REMA100 kommer og fort\u00e6ller om at v\u00e6re k\u00f8bmand<\/td><\/tr><tr><td>15-10-2024<\/td><td>Efter\u00e5rsferie, hallen er \u00e5ben for de, som gerne vil lave aktiviteter<\/td><\/tr><tr><td>22-10-2022<\/td><td>Mikkel Michelsen fra Diabetisforeningen<\/td><\/tr><tr><td>29-10-2024<\/td><td>Cecilie S\u00f8ndergaard Lysdal fra DGI fort\u00e6ller om Pickleball<\/td><\/tr><tr><td>05-11-2024<\/td><td>Di\u00e6tistforeningen kommer og fort\u00e6ller<\/td><\/tr><tr><td>12-11-2024<\/td><td>Lillian Klarup kommer og fort\u00e6ller om at blive skoleven<\/td><\/tr><tr><td>19-11-2024<\/td><td><\/td><\/tr><tr><td>26-11-2024<\/td><td>&nbsp;<\/td><\/tr><tr><td>03-12-2024<\/td><td>J\u00f8rgen Bendtsen fra Hjerteforeningen&nbsp;<\/td><\/tr><tr><td>10-12-2024<\/td><td>Jan Andersen som spillemand<\/td><\/tr><tr><td>17-12-2024<\/td><td>Juleafslutning<\/td><\/tr><tr><td>07-01-2025<\/td><td>Start gymnastik efter juleferie<\/td><\/tr><tr><td>14-01-2025<\/td><td>S\u00f8ren R\u00f8nn K\u00e6mpegaard fra Fivillighedshuset<\/td><\/tr><tr><td>21-01-2025<\/td><td>Torben Mendgaard<\/td><\/tr><tr><td>28-01-2025<\/td><td>Svend Erik Holm kommer og fort\u00e6ller om sin hobby som er h\u00f8ns<\/td><\/tr><tr><td>04-02-2025<\/td><td>Morgenkaffe med rundstykker inden vinterferien<\/td><\/tr><tr><td>11-02-2025<\/td><td>Vinterferie, hallen er \u00e5ben for de, som gerne vil lave aktiviteter<\/td><\/tr><tr><td>18-02-2025<\/td><td>Politiet vil fort\u00e6lle om kriminalitet p\u00e5 nettet<\/td><\/tr><tr><td>25-02-2025<\/td><td>Joan Hansen om hvad der politisk r\u00f8rer sig i Snejbjerg omr\u00e5det<\/td><\/tr><tr><td>04-03-2025<\/td><td>&nbsp;<\/td><\/tr><tr><td>11-03-2025<\/td><td>Jan Andersen som spillemand<\/td><\/tr><tr><td>18-03-2025<\/td><td>Sommeraktiviteter &#8211; krocket, petanque og cykelture<\/td><\/tr><tr><td>25-03-2025<\/td><td>Afslutning og \u00e5rsm\u00f8de<\/td><\/tr><tr><td>&nbsp;<\/td><td>&nbsp;<\/td><\/tr><\/tbody><\/table><\/figure>\n","protected":false},"excerpt":{"rendered":"<p>17-09-2024 Start p\u00e5 s\u00e6sonen og morgenkaffe 24-09-2024 Gruppesnak om ideer til morgenm\u00f8der 01-10-2024 Asta om kontingent 08-10-2024 Torben fra REMA100 kommer og fort\u00e6ller om at v\u00e6re k\u00f8bmand 15-10-2024 Efter\u00e5rsferie, hallen er \u00e5ben for de, som gerne vil lave aktiviteter 22-10-2022 Mikkel Michelsen fra Diabetisforeningen 29-10-2024 Cecilie S\u00f8ndergaard Lysdal fra DGI fort\u00e6ller om Pickleball 05-11-2024 Di\u00e6tistforeningen [&hellip;]<\/p>\n","protected":false},"author":18,"featured_media":0,"parent":0,"menu_order":0,"comment_status":"closed","ping_status":"closed","template":"","meta":{"footnotes":""},"class_list":["post-1364","page","type-page","status-publish","hentry","post"],"_links":{"self":[{"href":"https:\/\/snejbjergsgi.dk\/seniorsport\/wp-json\/wp\/v2\/pages\/1364","targetHints":{"allow":["GET"]}}],"collection":[{"href":"https:\/\/snejbjergsgi.dk\/seniorsport\/wp-json\/wp\/v2\/pages"}],"about":[{"href":"https:\/\/snejbjergsgi.dk\/seniorsport\/wp-json\/wp\/v2\/types\/page"}],"author":[{"embeddable":true,"href":"https:\/\/snejbjergsgi.dk\/seniorsport\/wp-json\/wp\/v2\/users\/18"}],"replies":[{"embeddable":true,"href":"https:\/\/snejbjergsgi.dk\/seniorsport\/wp-json\/wp\/v2\/comments?post=1364"}],"version-history":[{"count":17,"href":"https:\/\/snejbjergsgi.dk\/seniorsport\/wp-json\/wp\/v2\/pages\/1364\/revisions"}],"predecessor-version":[{"id":1457,"href":"https:\/\/snejbjergsgi.dk\/seniorsport\/wp-json\/wp\/v2\/pages\/1364\/revisions\/1457"}],"wp:attachment":[{"href":"https:\/\/snejbjergsgi.dk\/seniorsport\/wp-json\/wp\/v2\/media?parent=1364"}],"curies":[{"name":"wp","href":"https:\/\/api.w.org\/{rel}","templated":true}]}}