{"id":13,"date":"2018-05-30T20:09:38","date_gmt":"2018-05-30T20:09:38","guid":{"rendered":"http:\/\/2018.snejbjergsgi.dk\/seniorsport\/?page_id=13"},"modified":"2025-03-08T10:04:50","modified_gmt":"2025-03-08T10:04:50","slug":"tilmelding","status":"publish","type":"page","link":"https:\/\/snejbjergsgi.dk\/seniorsport\/tilmelding\/","title":{"rendered":"Tilmelding"},"content":{"rendered":"<h2>Medlemsskab sker ved<\/h2>\n<p>At m\u00f8de op og n\u00e5r kontingent er betalt<\/p>\n<ul>\n<li>kontingent for Gymnastik kr. 400<\/li>\n<li>kontingent for Cykling kr. 75<\/li>\n<li>kontingent for Petanque kr. 175 (anf\u00f8r P ved betaling)<\/li>\n<li>kontingent for Krocket kr. 175 (anf\u00f8r K ved betaling)<\/li>\n<li>F\u00e6lles for alle sker betaling ved\u00a0 overf\u00f8rsel til:<\/li>\n<li>Reg.nr. 2570 kontonummer 8128655590, eller via MobilePay nr. 964928<\/li>\n<\/ul>\n<ul>\n<li>Oplys altid:\n<ul>\n<li>\u00a0 For- og efternavn<\/li>\n<li>\u00a0 F\u00f8dselsdag, m\u00e5ned og \u00e5r<\/li>\n<li>\u00a0 eksempel 01.01.1901 og\/eller<\/li>\n<li>\u00a0 emailadresse<\/li>\n<li>\u00a0 telefonnummer<\/li>\n<\/ul>\n<\/li>\n<\/ul>\n","protected":false},"excerpt":{"rendered":"<p>Medlemsskab sker ved At m\u00f8de op og n\u00e5r kontingent er betalt kontingent for Gymnastik kr. 400 kontingent for Cykling kr. 75 kontingent for Petanque kr. 175 (anf\u00f8r P ved betaling) kontingent for Krocket kr. 175 (anf\u00f8r K ved betaling) F\u00e6lles for alle sker betaling ved\u00a0 overf\u00f8rsel til: Reg.nr. 2570 kontonummer 8128655590, eller via MobilePay nr. [&hellip;]<\/p>\n","protected":false},"author":2,"featured_media":0,"parent":0,"menu_order":0,"comment_status":"closed","ping_status":"closed","template":"","meta":{"footnotes":""},"class_list":["post-13","page","type-page","status-publish","hentry","post"],"_links":{"self":[{"href":"https:\/\/snejbjergsgi.dk\/seniorsport\/wp-json\/wp\/v2\/pages\/13","targetHints":{"allow":["GET"]}}],"collection":[{"href":"https:\/\/snejbjergsgi.dk\/seniorsport\/wp-json\/wp\/v2\/pages"}],"about":[{"href":"https:\/\/snejbjergsgi.dk\/seniorsport\/wp-json\/wp\/v2\/types\/page"}],"author":[{"embeddable":true,"href":"https:\/\/snejbjergsgi.dk\/seniorsport\/wp-json\/wp\/v2\/users\/2"}],"replies":[{"embeddable":true,"href":"https:\/\/snejbjergsgi.dk\/seniorsport\/wp-json\/wp\/v2\/comments?post=13"}],"version-history":[{"count":14,"href":"https:\/\/snejbjergsgi.dk\/seniorsport\/wp-json\/wp\/v2\/pages\/13\/revisions"}],"predecessor-version":[{"id":1465,"href":"https:\/\/snejbjergsgi.dk\/seniorsport\/wp-json\/wp\/v2\/pages\/13\/revisions\/1465"}],"wp:attachment":[{"href":"https:\/\/snejbjergsgi.dk\/seniorsport\/wp-json\/wp\/v2\/media?parent=13"}],"curies":[{"name":"wp","href":"https:\/\/api.w.org\/{rel}","templated":true}]}}