{"id":1186,"date":"2023-10-07T09:36:13","date_gmt":"2023-10-07T09:36:13","guid":{"rendered":"https:\/\/snejbjergsgi.dk\/seniorsport\/?page_id=1186"},"modified":"2024-03-06T08:47:35","modified_gmt":"2024-03-06T08:47:35","slug":"morgenmoeder-2023-2024-2","status":"publish","type":"page","link":"https:\/\/snejbjergsgi.dk\/seniorsport\/morgenmoeder-2023-2024-2\/","title":{"rendered":"Morgenm\u00f8der 2023-2024"},"content":{"rendered":"\n<figure class=\"wp-block-table\"><table><tbody><tr><td>12\/9<\/td><td>Start p\u00e5 s\u00e6son. Velkomst og almindelig info.<\/td><\/tr><tr><td>19\/9<\/td><td>Intro til aktiviteter efter gymnastik. Volley, Badminton, t\u00e6ppecurling, bordtennis, jacolo<\/td><\/tr><tr><td>26\/9<\/td><td>Bes\u00f8g fra Gr\u00f8nland<\/td><\/tr><tr><td>3\/10<\/td><td>Asta om kontingent<\/td><\/tr><tr><td>10\/10<\/td><td>Morgenkaffe med rundstykker.<\/td><\/tr><tr><td>17\/10<\/td><td>Efter\u00e5rsferie. Hallen er \u00e5ben for de der \u00f8nsker at lave aktiviteter<\/td><\/tr><tr><td>24\/10<\/td><td>&nbsp;<\/td><\/tr><tr><td>31\/10<\/td><td>&nbsp;<\/td><\/tr><tr><td>7\/11<\/td><td>&nbsp;<\/td><\/tr><tr><td>14\/11<\/td><td>&nbsp;<\/td><\/tr><tr><td>21\/11<\/td><td>Sonja Bach Vad fra Folkekirkens Familiest\u00f8tte<\/td><\/tr><tr><td>28\/11<\/td><td>&nbsp;<\/td><\/tr><tr><td>5\/12<\/td><td>&nbsp;Juleindslag Jan Andersen<\/td><\/tr><tr><td>12\/12<\/td><td>Juleafslutning<\/td><\/tr><tr><td>19\/12<\/td><td>Hallen er \u00e5ben for de der \u00f8nsker at lave aktiviteter<\/td><\/tr><tr><td>9\/1<\/td><td>&nbsp;Pr\u00e6sentation af Ulrich og Jonas &#8211; nye halfolk<\/td><\/tr><tr><td>16\/1<\/td><td>&nbsp;Politiet kommer og fort\u00e6ller om telefonsvindel<\/td><\/tr><tr><td>23\/1<\/td><td>&nbsp;Torben Mendgaard &#8211; sneflokke kommer vrimlende <\/td><\/tr><tr><td>30\/1<\/td><td>&nbsp;<\/td><\/tr><tr><td>6\/2<\/td><td>Morgenkaffe og rundstykker<\/td><\/tr><tr><td>13\/2<\/td><td>Vinterferie<\/td><\/tr><tr><td>20\/2<\/td><td>Elin og Hakon om Blomstermandens venner<\/td><\/tr><tr><td>27\/2<\/td><td>&nbsp;<\/td><\/tr><tr><td>5\/3<\/td><td>&nbsp;Joan Hansen &#8211; politiske tiltage i omr\u00e5det<\/td><\/tr><tr><td>12\/3<\/td><td>\u00a0Henning, Esper og Eigil om cykels\u00e6sonen og J\u00f8rgen Rasmussen &#8211; petanque<\/td><\/tr><tr><td>19\/3<\/td><td>Afslutning og \u00c5rsm\u00f8de<\/td><\/tr><tr><td>&nbsp;<\/td><td>&nbsp;<\/td><\/tr><tr><td>&nbsp;<\/td><td>&nbsp;<\/td><\/tr><\/tbody><\/table><\/figure>\n","protected":false},"excerpt":{"rendered":"<p>12\/9 Start p\u00e5 s\u00e6son. Velkomst og almindelig info. 19\/9 Intro til aktiviteter efter gymnastik. Volley, Badminton, t\u00e6ppecurling, bordtennis, jacolo 26\/9 Bes\u00f8g fra Gr\u00f8nland 3\/10 Asta om kontingent 10\/10 Morgenkaffe med rundstykker. 17\/10 Efter\u00e5rsferie. Hallen er \u00e5ben for de der \u00f8nsker at lave aktiviteter 24\/10 &nbsp; 31\/10 &nbsp; 7\/11 &nbsp; 14\/11 &nbsp; 21\/11 Sonja Bach Vad [&hellip;]<\/p>\n","protected":false},"author":18,"featured_media":0,"parent":0,"menu_order":0,"comment_status":"closed","ping_status":"closed","template":"","meta":{"footnotes":""},"class_list":["post-1186","page","type-page","status-publish","hentry","post"],"_links":{"self":[{"href":"https:\/\/snejbjergsgi.dk\/seniorsport\/wp-json\/wp\/v2\/pages\/1186","targetHints":{"allow":["GET"]}}],"collection":[{"href":"https:\/\/snejbjergsgi.dk\/seniorsport\/wp-json\/wp\/v2\/pages"}],"about":[{"href":"https:\/\/snejbjergsgi.dk\/seniorsport\/wp-json\/wp\/v2\/types\/page"}],"author":[{"embeddable":true,"href":"https:\/\/snejbjergsgi.dk\/seniorsport\/wp-json\/wp\/v2\/users\/18"}],"replies":[{"embeddable":true,"href":"https:\/\/snejbjergsgi.dk\/seniorsport\/wp-json\/wp\/v2\/comments?post=1186"}],"version-history":[{"count":11,"href":"https:\/\/snejbjergsgi.dk\/seniorsport\/wp-json\/wp\/v2\/pages\/1186\/revisions"}],"predecessor-version":[{"id":1292,"href":"https:\/\/snejbjergsgi.dk\/seniorsport\/wp-json\/wp\/v2\/pages\/1186\/revisions\/1292"}],"wp:attachment":[{"href":"https:\/\/snejbjergsgi.dk\/seniorsport\/wp-json\/wp\/v2\/media?parent=1186"}],"curies":[{"name":"wp","href":"https:\/\/api.w.org\/{rel}","templated":true}]}}