{"id":75,"date":"2018-08-10T15:51:51","date_gmt":"2018-08-10T15:51:51","guid":{"rendered":"http:\/\/2018.snejbjergsgi.dk\/motion\/?page_id=75"},"modified":"2019-06-22T23:41:26","modified_gmt":"2019-06-22T21:41:26","slug":"links","status":"publish","type":"page","link":"https:\/\/snejbjergsgi.dk\/motion\/links\/","title":{"rendered":"Links"},"content":{"rendered":"<h1><\/h1>\n<table border=\"1\" cellspacing=\"0\" cellpadding=\"0\" align=\"center\">\n<tbody>\n<tr>\n<td>\n<p style=\"text-align: left;\" align=\"center\"><strong>Klubber<\/strong><\/p>\n<\/td>\n<td>\n<p style=\"text-align: left;\" align=\"center\"><strong>Forskelligt<\/strong><\/p>\n<\/td>\n<\/tr>\n<tr>\n<td><a id=\"sort_link\" href=\"http:\/\/www.brandemotion.dk\/\" target=\"_new\" rel=\"noopener noreferrer\">Brande Motion<\/a><\/td>\n<td><a href=\"http:\/\/vorespuls.dk\/sektion\/loeb\" target=\"_blank\" rel=\"noopener noreferrer\">Vores Puls DGI<\/a><\/td>\n<\/tr>\n<tr>\n<td><a id=\"sort_link\" href=\"http:\/\/www.sundsgf.dk\/\" target=\"_new\" rel=\"noopener noreferrer\">Sunds Motion<\/a><\/td>\n<td><a id=\"sort_link\" href=\"http:\/\/www.jfml.dk\/\" target=\"_new\" rel=\"noopener noreferrer\">Jydsk Fynske Motionsl\u00f8b<\/a><\/td>\n<\/tr>\n<tr>\n<td><a id=\"sort_link\" href=\"http:\/\/www.ikast-am.dk\/\" target=\"_blank\" rel=\"noopener noreferrer\">Ikast A\/M<\/a><\/td>\n<td><a id=\"sort_link\" href=\"http:\/\/iform.dk\/ruteplanner\/\" target=\"_new\" rel=\"noopener noreferrer\">I Form\u00b4s l\u00f8berute opm\u00e5ling<\/a><\/td>\n<\/tr>\n<tr>\n<td><a id=\"sort_link\" href=\"http:\/\/www.hgf-am.dk\/\" target=\"_blank\" rel=\"noopener noreferrer\">HGF Atletik og Motion<\/a><\/td>\n<td><a id=\"sort_link\" href=\"http:\/\/www.loeberute.dk\/\" target=\"_new\" rel=\"noopener noreferrer\">L\u00f8berute opm\u00e5ling<\/a><\/td>\n<\/tr>\n<tr>\n<td><a id=\"sort_link\" href=\"http:\/\/www.herningl\u00f8beklub.dk\/\" target=\"_new\" rel=\"noopener noreferrer\">Herning L\u00f8beklub<\/a><\/td>\n<td><a id=\"sort_link\" href=\"http:\/\/www.dourun.dk\/\" target=\"_blank\" rel=\"noopener noreferrer\">Dourun<\/a><\/td>\n<\/tr>\n<tr>\n<td><a id=\"sort_link\" href=\"http:\/\/kibaek-motion.dk\/\" target=\"_new\" rel=\"noopener noreferrer\">Kib\u00e6k Motion<\/a><\/td>\n<td><\/td>\n<\/tr>\n<tr>\n<td><a id=\"sort_link\" href=\"http:\/\/www.tth.dk\/\" target=\"_blank\" rel=\"noopener noreferrer\">Team Triathlon Herning<\/a><\/td>\n<td><\/td>\n<\/tr>\n<tr>\n<td><a id=\"sort_link\" href=\"http:\/\/www.herning-orienteringsklub.dk\/\" target=\"_blank\" rel=\"noopener noreferrer\">Herning Orienteringsklub<\/a><\/td>\n<td><\/td>\n<\/tr>\n<tr>\n<td><a id=\"sort_link\" href=\"http:\/\/www.smt-silkeborg.dk\/news.php\" target=\"_new\" rel=\"noopener noreferrer\">Silkeborg Motion og Tri.<\/a><\/td>\n<td><a id=\"sort_link\" href=\"http:\/\/www.copenhagenmarathon.dk\/\" target=\"_new\" rel=\"noopener noreferrer\">K\u00f8benhavn Marathon<\/a><\/td>\n<\/tr>\n<tr>\n<td><a id=\"sort_link\" href=\"http:\/\/www.ram2003.dk\/\" target=\"_new\" rel=\"noopener noreferrer\">Ringk\u00f8bing Idr\u00e6tsforening<\/a><\/td>\n<td><a id=\"sort_link\" href=\"http:\/\/www.beachmarathon.com\/\" target=\"_blank\" rel=\"noopener noreferrer\">North Sea Beach Marathon<\/a><\/td>\n<\/tr>\n<tr>\n<td><a id=\"sort_link\" href=\"http:\/\/www.aarhus1900.dk\/\" target=\"_new\" rel=\"noopener noreferrer\">\u00c5rhus 1900<\/a><\/td>\n<td><a id=\"sort_link\" href=\"http:\/\/www.motionslob.dk\/\" target=\"_new\" rel=\"noopener noreferrer\">Motionsl\u00f8b i Danmark<\/a><\/td>\n<\/tr>\n<tr>\n<td><a id=\"sort_link\" href=\"http:\/\/www.vildbjergmotion.dk\/\" target=\"_new\" rel=\"noopener noreferrer\">Vildbjerg Motion<\/a><\/td>\n<td><a id=\"sort_link\" href=\"http:\/\/www.herningonline.dk\/\" target=\"_new\" rel=\"noopener noreferrer\">Herning Online<\/a><\/td>\n<\/tr>\n<tr>\n<td><\/td>\n<td><a id=\"sort_link\" href=\"http:\/\/www.marathon.dk\/\" target=\"_new\" rel=\"noopener noreferrer\">Marathon Travel Club<\/a><\/td>\n<\/tr>\n<tr>\n<td><\/td>\n<td><a id=\"sort_link\" href=\"http:\/\/www.dansk-atletik.dk\/\" target=\"_new\" rel=\"noopener noreferrer\">Dansk Atletik Forbund<\/a><\/td>\n<\/tr>\n<\/tbody>\n<\/table>\n","protected":false},"excerpt":{"rendered":"<p>Klubber Forskelligt Brande Motion Vores Puls DGI Sunds Motion Jydsk Fynske Motionsl\u00f8b Ikast A\/M I Form\u00b4s l\u00f8berute opm\u00e5ling HGF Atletik og Motion L\u00f8berute opm\u00e5ling Herning L\u00f8beklub Dourun Kib\u00e6k Motion Team Triathlon Herning Herning Orienteringsklub Silkeborg Motion og Tri. K\u00f8benhavn Marathon Ringk\u00f8bing Idr\u00e6tsforening North Sea Beach Marathon \u00c5rhus 1900 Motionsl\u00f8b i Danmark Vildbjerg Motion Herning Online [&hellip;]<\/p>\n","protected":false},"author":17,"featured_media":0,"parent":0,"menu_order":0,"comment_status":"closed","ping_status":"closed","template":"","meta":{"footnotes":""},"class_list":["post-75","page","type-page","status-publish","hentry","post"],"_links":{"self":[{"href":"https:\/\/snejbjergsgi.dk\/motion\/wp-json\/wp\/v2\/pages\/75","targetHints":{"allow":["GET"]}}],"collection":[{"href":"https:\/\/snejbjergsgi.dk\/motion\/wp-json\/wp\/v2\/pages"}],"about":[{"href":"https:\/\/snejbjergsgi.dk\/motion\/wp-json\/wp\/v2\/types\/page"}],"author":[{"embeddable":true,"href":"https:\/\/snejbjergsgi.dk\/motion\/wp-json\/wp\/v2\/users\/17"}],"replies":[{"embeddable":true,"href":"https:\/\/snejbjergsgi.dk\/motion\/wp-json\/wp\/v2\/comments?post=75"}],"version-history":[{"count":4,"href":"https:\/\/snejbjergsgi.dk\/motion\/wp-json\/wp\/v2\/pages\/75\/revisions"}],"predecessor-version":[{"id":12874,"href":"https:\/\/snejbjergsgi.dk\/motion\/wp-json\/wp\/v2\/pages\/75\/revisions\/12874"}],"wp:attachment":[{"href":"https:\/\/snejbjergsgi.dk\/motion\/wp-json\/wp\/v2\/media?parent=75"}],"curies":[{"name":"wp","href":"https:\/\/api.w.org\/{rel}","templated":true}]}}