{"id":49,"date":"2019-10-14T22:22:24","date_gmt":"2019-10-14T20:22:24","guid":{"rendered":"http:\/\/168.119.69.83\/~ssgi\/midt24-dk\/?page_id=49"},"modified":"2024-09-26T23:30:36","modified_gmt":"2024-09-26T21:30:36","slug":"regler-og-sikkerhed","status":"publish","type":"page","link":"https:\/\/snejbjergsgi.dk\/midt24-dk\/regler-og-sikkerhed\/","title":{"rendered":"Regler og sikkerhed"},"content":{"rendered":"<p>Du deltager i l\u00f8bet p\u00e5 eget ansvar<\/p>\n<p>Du skal overholde f\u00e6rdselsloven.<\/p>\n<p>Du skal b\u00e6re cykelhjelm.<\/p>\n<p>Alle over 18 \u00e5r p\u00e5 startdagen kan deltage.<\/p>\n<p>Vi tillader alle typer af cykler, som er tilladt at bruge i trafikken, incl. liggecykel, dog ikke elcykler.<\/p>\n<p>Der m\u00e5 ikke bruges Tristyr\/enkeltstartsb\u00f8jler (non draft deltagere er undtaget)<\/p>\n<p>Brug af refleksvest og p\u00e5monteret lys:<\/p>\n<ul>\n<li>Krav til ryttere der k\u00f8rer 24 timer:\u00a0 Montere refleksvest og lys fra kl. 21.00 til 05.00 og lys t\u00e6ndt senest fra kl. 22.00 til 05.00.<\/li>\n<li>Anbefaling til ryttere der k\u00f8rer 12 timer: Refleksvest og lys fra kl. 20.00 til kl. 22.00.<\/li>\n<li>Generelt anbefales brug at refleksvest<\/li>\n<\/ul>\n<p>F\u00f8lgebiler er kun tilladt i solo non draft. F\u00f8lgebiler m\u00e5 ikke k\u00f8re p\u00e5 cykelbroen over Messemotorvejen.<\/p>\n<p>Regler for at ligge p\u00e5 hjul for klasserne <strong>draft<\/strong> og <strong>non draft<\/strong>:<\/p>\n<ul>\n<li>For <strong>non draft<\/strong> ryttere g\u00e6lder f\u00f8lgende:\n<ul>\n<li>Det er ikke tilladt for non draft ryttere at ligge p\u00e5 hjul.<\/li>\n<\/ul>\n<\/li>\n<li>For <strong>draft<\/strong> ryttere g\u00e6lder f\u00f8lgende:\n<ul>\n<li>Det er tilladt at k\u00f8re i grupper med andre ryttere, uanset klasse tilmeldning, og ligge p\u00e5 hjul.<\/li>\n<\/ul>\n<\/li>\n<\/ul>\n<p>Forsikring: Deltagelsen sker p\u00e5 eget ansvar &#8211; husk at checke dine egne forsikringsforhold.<\/p>\n<p>Eventuel aflysning af l\u00f8bet p\u00e5 grund af vejrlig eller anden force majeure vil ikke medf\u00f8re tilbagebetaling af startgebyret.<\/p>\n<p>Bliver du forhindret i at deltage, vil dit tilmeldingsgebyr ikke blive refunderet.<\/p>\n<p>Bem\u00e6rk, at du gerne m\u00e5 s\u00e6lge eller overdrage dit startnummer til en anden person.<\/p>\n<p>Sidste frist for tilmelding er den 15. juni 2025.<\/p>\n\n\n<p>&nbsp;<\/p>\n","protected":false},"excerpt":{"rendered":"<p>Du deltager i l\u00f8bet p\u00e5 eget ansvar Du skal overholde f\u00e6rdselsloven. Du skal b\u00e6re cykelhjelm. Alle over 18 \u00e5r p\u00e5 startdagen kan deltage. Vi tillader alle typer af cykler, som er tilladt at bruge i trafikken, incl. liggecykel, dog ikke elcykler. Der m\u00e5 ikke bruges Tristyr\/enkeltstartsb\u00f8jler (non draft deltagere er undtaget) Brug af refleksvest og [&hellip;]<\/p>\n","protected":false},"author":11,"featured_media":0,"parent":0,"menu_order":0,"comment_status":"closed","ping_status":"closed","template":"","meta":{"footnotes":""},"class_list":["post-49","page","type-page","status-publish","hentry","post"],"_links":{"self":[{"href":"https:\/\/snejbjergsgi.dk\/midt24-dk\/wp-json\/wp\/v2\/pages\/49","targetHints":{"allow":["GET"]}}],"collection":[{"href":"https:\/\/snejbjergsgi.dk\/midt24-dk\/wp-json\/wp\/v2\/pages"}],"about":[{"href":"https:\/\/snejbjergsgi.dk\/midt24-dk\/wp-json\/wp\/v2\/types\/page"}],"author":[{"embeddable":true,"href":"https:\/\/snejbjergsgi.dk\/midt24-dk\/wp-json\/wp\/v2\/users\/11"}],"replies":[{"embeddable":true,"href":"https:\/\/snejbjergsgi.dk\/midt24-dk\/wp-json\/wp\/v2\/comments?post=49"}],"version-history":[{"count":30,"href":"https:\/\/snejbjergsgi.dk\/midt24-dk\/wp-json\/wp\/v2\/pages\/49\/revisions"}],"predecessor-version":[{"id":1210,"href":"https:\/\/snejbjergsgi.dk\/midt24-dk\/wp-json\/wp\/v2\/pages\/49\/revisions\/1210"}],"wp:attachment":[{"href":"https:\/\/snejbjergsgi.dk\/midt24-dk\/wp-json\/wp\/v2\/media?parent=49"}],"curies":[{"name":"wp","href":"https:\/\/api.w.org\/{rel}","templated":true}]}}