{"id":44,"date":"2019-10-14T22:29:56","date_gmt":"2019-10-14T20:29:56","guid":{"rendered":"http:\/\/168.119.69.83\/~ssgi\/midt24-dk\/?page_id=44"},"modified":"2023-06-26T21:56:47","modified_gmt":"2023-06-26T19:56:47","slug":"forplejning","status":"publish","type":"page","link":"https:\/\/snejbjergsgi.dk\/midt24-dk\/forplejning\/","title":{"rendered":"Forplejning"},"content":{"rendered":"<ul>\n<li style=\"text-align: left\">Der er fuld forplejning for ryttere hele d\u00f8gnet inkluderet i tilmeldingsgebyret.<\/li>\n<li style=\"text-align: left\">For kr. 200,- pr. person kan hj\u00e6lpere, familie og venner k\u00f8be et armb\u00e5nd, som giver adgang til at spise med i start-\/m\u00e5lomr\u00e5dets forplejningszone hele d\u00f8gnet.<\/li>\n<li style=\"text-align: left\">B\u00f8rn p\u00e5 3-12 \u00e5r (begge &nbsp;inkl.) betaler kr. 100,- for spisearmb\u00e5nd.<\/li>\n<li style=\"text-align: left\">Armb\u00e5ndet k\u00f8bes ved tilmelding.<\/li>\n<\/ul>\n\n\n<h4 class=\"wp-block-heading\">Forplejning best\u00e5r af:<\/h4>\n\n\n\n<ul class=\"wp-block-list\">\n<li><strong>L\u00f8rdag 08.00 &#8211; 10.00 og s\u00f8ndag 09.00 \u2013 10.00:<\/strong> Rundstykker, sm\u00f8r, ost, marmelade, nutella<\/li>\n\n\n\n<li><strong>F\u00f8r og under l\u00f8bet:<\/strong> Kaffe, vand, energidrik, sodavand<\/li>\n\n\n\n<li><strong>Under l\u00f8bet:<\/strong>&nbsp;&nbsp; Boller\/rugbr\u00f8d med p\u00e5l\u00e6g, marmelade, nutella, p\u00f8lsehorn, diverse frugt, melon, agurk, mandler, rosiner, peanuts, chokolade, chips.<\/li>\n\n\n\n<li><strong>15.00 \u2013 17.00:<\/strong> Pastasalat med kylling<\/li>\n\n\n\n<li><strong>18.00 \u2013 20.00:<\/strong> Pasta med k\u00f8dsovs<\/li>\n\n\n\n<li><strong>22.00 \u2013 23.00:<\/strong> P\u00f8lser med br\u00f8d<\/li>\n\n\n\n<li><strong>00.30 \u2013 02.00:<\/strong> Suppe<\/li>\n<\/ul>\n","protected":false},"excerpt":{"rendered":"<p>Der er fuld forplejning for ryttere hele d\u00f8gnet inkluderet i tilmeldingsgebyret. For kr. 200,- pr. person kan hj\u00e6lpere, familie og venner k\u00f8be et armb\u00e5nd, som giver adgang til at spise med i start-\/m\u00e5lomr\u00e5dets forplejningszone hele d\u00f8gnet. B\u00f8rn p\u00e5 3-12 \u00e5r (begge &nbsp;inkl.) betaler kr. 100,- for spisearmb\u00e5nd. Armb\u00e5ndet k\u00f8bes ved tilmelding. Forplejning best\u00e5r af:<\/p>\n","protected":false},"author":11,"featured_media":0,"parent":0,"menu_order":0,"comment_status":"closed","ping_status":"closed","template":"","meta":{"footnotes":""},"class_list":["post-44","page","type-page","status-publish","hentry","post"],"_links":{"self":[{"href":"https:\/\/snejbjergsgi.dk\/midt24-dk\/wp-json\/wp\/v2\/pages\/44","targetHints":{"allow":["GET"]}}],"collection":[{"href":"https:\/\/snejbjergsgi.dk\/midt24-dk\/wp-json\/wp\/v2\/pages"}],"about":[{"href":"https:\/\/snejbjergsgi.dk\/midt24-dk\/wp-json\/wp\/v2\/types\/page"}],"author":[{"embeddable":true,"href":"https:\/\/snejbjergsgi.dk\/midt24-dk\/wp-json\/wp\/v2\/users\/11"}],"replies":[{"embeddable":true,"href":"https:\/\/snejbjergsgi.dk\/midt24-dk\/wp-json\/wp\/v2\/comments?post=44"}],"version-history":[{"count":12,"href":"https:\/\/snejbjergsgi.dk\/midt24-dk\/wp-json\/wp\/v2\/pages\/44\/revisions"}],"predecessor-version":[{"id":1055,"href":"https:\/\/snejbjergsgi.dk\/midt24-dk\/wp-json\/wp\/v2\/pages\/44\/revisions\/1055"}],"wp:attachment":[{"href":"https:\/\/snejbjergsgi.dk\/midt24-dk\/wp-json\/wp\/v2\/media?parent=44"}],"curies":[{"name":"wp","href":"https:\/\/api.w.org\/{rel}","templated":true}]}}