{"id":42,"date":"2019-10-14T22:29:24","date_gmt":"2019-10-14T20:29:24","guid":{"rendered":"http:\/\/168.119.69.83\/~ssgi\/midt24-dk\/?page_id=42"},"modified":"2023-06-26T21:55:06","modified_gmt":"2023-06-26T19:55:06","slug":"efter-loebet","status":"publish","type":"page","link":"https:\/\/snejbjergsgi.dk\/midt24-dk\/om-loebet\/efter-loebet\/","title":{"rendered":"Efter l\u00f8bet"},"content":{"rendered":"<p>Afh\u00e6ngig af hvilken klasse du har deltaget i, og om du har f\u00e5et tilstr\u00e6kkelig hvile, kan det v\u00e6re uansvarligt at k\u00f8re bil umiddelbart efter l\u00f8bet.<\/p>\n<p>Se under <a href=\"http:\/\/snejbjergsgi.dk\/midt24-dk\/praktisk-info\/\">praktisk info<\/a>.<\/p>\n","protected":false},"excerpt":{"rendered":"<p>Afh\u00e6ngig af hvilken klasse du har deltaget i, og om du har f\u00e5et tilstr\u00e6kkelig hvile, kan det v\u00e6re uansvarligt at k\u00f8re bil umiddelbart efter l\u00f8bet. Se under praktisk info.<\/p>\n","protected":false},"author":11,"featured_media":0,"parent":30,"menu_order":0,"comment_status":"closed","ping_status":"closed","template":"","meta":{"footnotes":""},"class_list":["post-42","page","type-page","status-publish","hentry","post"],"_links":{"self":[{"href":"https:\/\/snejbjergsgi.dk\/midt24-dk\/wp-json\/wp\/v2\/pages\/42","targetHints":{"allow":["GET"]}}],"collection":[{"href":"https:\/\/snejbjergsgi.dk\/midt24-dk\/wp-json\/wp\/v2\/pages"}],"about":[{"href":"https:\/\/snejbjergsgi.dk\/midt24-dk\/wp-json\/wp\/v2\/types\/page"}],"author":[{"embeddable":true,"href":"https:\/\/snejbjergsgi.dk\/midt24-dk\/wp-json\/wp\/v2\/users\/11"}],"replies":[{"embeddable":true,"href":"https:\/\/snejbjergsgi.dk\/midt24-dk\/wp-json\/wp\/v2\/comments?post=42"}],"version-history":[{"count":3,"href":"https:\/\/snejbjergsgi.dk\/midt24-dk\/wp-json\/wp\/v2\/pages\/42\/revisions"}],"predecessor-version":[{"id":747,"href":"https:\/\/snejbjergsgi.dk\/midt24-dk\/wp-json\/wp\/v2\/pages\/42\/revisions\/747"}],"up":[{"embeddable":true,"href":"https:\/\/snejbjergsgi.dk\/midt24-dk\/wp-json\/wp\/v2\/pages\/30"}],"wp:attachment":[{"href":"https:\/\/snejbjergsgi.dk\/midt24-dk\/wp-json\/wp\/v2\/media?parent=42"}],"curies":[{"name":"wp","href":"https:\/\/api.w.org\/{rel}","templated":true}]}}