{"id":40,"date":"2019-10-14T22:33:33","date_gmt":"2019-10-14T20:33:33","guid":{"rendered":"http:\/\/168.119.69.83\/~ssgi\/midt24-dk\/?page_id=40"},"modified":"2023-06-26T21:54:51","modified_gmt":"2023-06-26T19:54:51","slug":"under-loebet","status":"publish","type":"page","link":"https:\/\/snejbjergsgi.dk\/midt24-dk\/om-loebet\/under-loebet\/","title":{"rendered":"Under l\u00f8bet"},"content":{"rendered":"<p>Der k\u00f8res p\u00e5 3 ruter afh\u00e6ngig af tidspunktet (se under <a href=\"http:\/\/snejbjergsgi.dk\/midt24-dk\/om-loebet\/ruter\/\">ruter<\/a>)<\/p>\n<p>V\u00e6r opm\u00e6rksom p\u00e5 draft\/non draft.<\/p>\n<p>Ved holdk\u00f8rsel skiftes som anvist (se under <a href=\"http:\/\/snejbjergsgi.dk\/midt24-dk\/om-loebet\/tidtagning\/\">tidtagning<\/a>)<\/p>\n<p>Dropzone er afm\u00e6rket ved skiltning. Her er det, som det eneste sted p\u00e5 ruten tilladt at smide affald. Se kortskitse under <a href=\"http:\/\/snejbjergsgi.dk\/midt24-dk\/praktisk-info\/\">praktisk info<\/a>.<\/p>\n<p>N\u00e5r du ikke er p\u00e5 ruten er der mulighed for forplejning og hvile mv. ved startomr\u00e5det. (se under <a href=\"http:\/\/snejbjergsgi.dk\/midt24-dk\/forplejning\/\">forplejning<\/a> og <a href=\"http:\/\/snejbjergsgi.dk\/midt24-dk\/praktisk-info\/\">praktisk info<\/a>)<\/p>\n<p>Overhold reglerne for l\u00f8bet (se <a href=\"http:\/\/snejbjergsgi.dk\/midt24-dk\/regler-og-sikkerhed\/\">regler\/sikkerhed<\/a>)<\/p>\n","protected":false},"excerpt":{"rendered":"<p>Der k\u00f8res p\u00e5 3 ruter afh\u00e6ngig af tidspunktet (se under ruter) V\u00e6r opm\u00e6rksom p\u00e5 draft\/non draft. Ved holdk\u00f8rsel skiftes som anvist (se under tidtagning) Dropzone er afm\u00e6rket ved skiltning. Her er det, som det eneste sted p\u00e5 ruten tilladt at smide affald. Se kortskitse under praktisk info. N\u00e5r du ikke er p\u00e5 ruten er der [&hellip;]<\/p>\n","protected":false},"author":11,"featured_media":0,"parent":30,"menu_order":0,"comment_status":"closed","ping_status":"closed","template":"","meta":{"footnotes":""},"class_list":["post-40","page","type-page","status-publish","hentry","post"],"_links":{"self":[{"href":"https:\/\/snejbjergsgi.dk\/midt24-dk\/wp-json\/wp\/v2\/pages\/40","targetHints":{"allow":["GET"]}}],"collection":[{"href":"https:\/\/snejbjergsgi.dk\/midt24-dk\/wp-json\/wp\/v2\/pages"}],"about":[{"href":"https:\/\/snejbjergsgi.dk\/midt24-dk\/wp-json\/wp\/v2\/types\/page"}],"author":[{"embeddable":true,"href":"https:\/\/snejbjergsgi.dk\/midt24-dk\/wp-json\/wp\/v2\/users\/11"}],"replies":[{"embeddable":true,"href":"https:\/\/snejbjergsgi.dk\/midt24-dk\/wp-json\/wp\/v2\/comments?post=40"}],"version-history":[{"count":4,"href":"https:\/\/snejbjergsgi.dk\/midt24-dk\/wp-json\/wp\/v2\/pages\/40\/revisions"}],"predecessor-version":[{"id":749,"href":"https:\/\/snejbjergsgi.dk\/midt24-dk\/wp-json\/wp\/v2\/pages\/40\/revisions\/749"}],"up":[{"embeddable":true,"href":"https:\/\/snejbjergsgi.dk\/midt24-dk\/wp-json\/wp\/v2\/pages\/30"}],"wp:attachment":[{"href":"https:\/\/snejbjergsgi.dk\/midt24-dk\/wp-json\/wp\/v2\/media?parent=40"}],"curies":[{"name":"wp","href":"https:\/\/api.w.org\/{rel}","templated":true}]}}