{"id":36,"date":"2019-10-14T22:33:06","date_gmt":"2019-10-14T20:33:06","guid":{"rendered":"http:\/\/168.119.69.83\/~ssgi\/midt24-dk\/?page_id=36"},"modified":"2024-09-28T15:35:05","modified_gmt":"2024-09-28T13:35:05","slug":"tidtagning","status":"publish","type":"page","link":"https:\/\/snejbjergsgi.dk\/midt24-dk\/om-loebet\/tidtagning\/","title":{"rendered":"Tidtagning, solo\/team"},"content":{"rendered":"<p>Tidtagning foretages med den udleverede chip, der skal monteres p\u00e5 anklen eller p\u00e5 cyklen. Chippen skal afleveres efter l\u00f8bet, ellers\u00a0 koster det 375 kr.<\/p>\n<p>Der er b\u00e5de en startscanning og en slutscanning, der skal passeres for hver omgang. Der vil v\u00e6re tjekscanninger rundt p\u00e5 de forskellige ruter.<\/p>\n<p>Der tilbydes mulighed for live tracking som till\u00e6g til vores normale tidtagning. Det giver mulighed for familie og venner m.v. at f\u00f8lge med <strong>live<\/strong> i, hvor man befinder sig p\u00e5 ruten. Det er ikke n\u00f8dvendigt, men hvis man \u00f8nsker at benytte live tracking betales der 200 kr. i till\u00e6g til normalprisen.<\/p>\n<h5><strong>Ved holdk\u00f8rsel:<\/strong><\/h5>\n<p>Ved tilmelding som team skiftes man til at k\u00f8re (dvs. stafet).<\/p>\n<p>For hold\/teams skal hver deltager ogs\u00e5 have en chip monteret p\u00e5 anklen eller p\u00e5 cyklen.<\/p>\n<p>Der foretages skift ved, at n\u00e5r en rytter vil skifte, skal denne k\u00f8re gennem slutscanning og i depot, hvorefter n\u00e6ste holddeltager k\u00f8rer over startscanning.<\/p>\n<p>Der m\u00e5 kun v\u00e6re \u00e9n holddeltager p\u00e5 ruten ad gangen.<\/p>\n<h5><strong>Ved solok\u00f8rsel:<\/strong><\/h5>\n<p>Hvis du er tilmeldt som solo\/draft, kan du naturligvis lave egne aftaler om at k\u00f8re sammen med andre ryttere, og dermed gennemf\u00f8re l\u00f8bet som et samlet hold, men med individuel tidtagning (chip p\u00e5 ankel).<\/p>\n","protected":false},"excerpt":{"rendered":"<p>Tidtagning foretages med den udleverede chip, der skal monteres p\u00e5 anklen eller p\u00e5 cyklen. Chippen skal afleveres efter l\u00f8bet, ellers\u00a0 koster det 375 kr. Der er b\u00e5de en startscanning og en slutscanning, der skal passeres for hver omgang. Der vil v\u00e6re tjekscanninger rundt p\u00e5 de forskellige ruter. Der tilbydes mulighed for live tracking som till\u00e6g [&hellip;]<\/p>\n","protected":false},"author":11,"featured_media":0,"parent":30,"menu_order":0,"comment_status":"closed","ping_status":"closed","template":"","meta":{"footnotes":""},"class_list":["post-36","page","type-page","status-publish","hentry","post"],"_links":{"self":[{"href":"https:\/\/snejbjergsgi.dk\/midt24-dk\/wp-json\/wp\/v2\/pages\/36","targetHints":{"allow":["GET"]}}],"collection":[{"href":"https:\/\/snejbjergsgi.dk\/midt24-dk\/wp-json\/wp\/v2\/pages"}],"about":[{"href":"https:\/\/snejbjergsgi.dk\/midt24-dk\/wp-json\/wp\/v2\/types\/page"}],"author":[{"embeddable":true,"href":"https:\/\/snejbjergsgi.dk\/midt24-dk\/wp-json\/wp\/v2\/users\/11"}],"replies":[{"embeddable":true,"href":"https:\/\/snejbjergsgi.dk\/midt24-dk\/wp-json\/wp\/v2\/comments?post=36"}],"version-history":[{"count":20,"href":"https:\/\/snejbjergsgi.dk\/midt24-dk\/wp-json\/wp\/v2\/pages\/36\/revisions"}],"predecessor-version":[{"id":1214,"href":"https:\/\/snejbjergsgi.dk\/midt24-dk\/wp-json\/wp\/v2\/pages\/36\/revisions\/1214"}],"up":[{"embeddable":true,"href":"https:\/\/snejbjergsgi.dk\/midt24-dk\/wp-json\/wp\/v2\/pages\/30"}],"wp:attachment":[{"href":"https:\/\/snejbjergsgi.dk\/midt24-dk\/wp-json\/wp\/v2\/media?parent=36"}],"curies":[{"name":"wp","href":"https:\/\/api.w.org\/{rel}","templated":true}]}}