{"id":34,"date":"2019-10-14T22:30:15","date_gmt":"2019-10-14T20:30:15","guid":{"rendered":"http:\/\/168.119.69.83\/~ssgi\/midt24-dk\/?page_id=34"},"modified":"2025-10-11T10:48:39","modified_gmt":"2025-10-11T08:48:39","slug":"klasser-og-priser","status":"publish","type":"page","link":"https:\/\/snejbjergsgi.dk\/midt24-dk\/om-loebet\/klasser-og-priser\/","title":{"rendered":"Klasser og priser"},"content":{"rendered":"<p>Der er mulighed for tilk\u00f8b af forplejning til familie, venner m.fl. Se under <a href=\"https:\/\/snejbjergsgi.dk\/midt24-dk\/forplejning\/\">forplejning<\/a>.<\/p>\n<p>Der er mulighed for tilk\u00f8b af live tracking. Se under <a href=\"https:\/\/snejbjergsgi.dk\/midt24-dk\/om-loebet\/tidtagning\/\">tidtagning.<\/a><\/p>\n<h4><span style=\"text-decoration: underline\">Der kan v\u00e6lges mellem f\u00f8lgende klasser (draft = at ligge p\u00e5 hjul):<\/span><\/h4>\n<ul>\n<li>24H Non draft solo &#8211; RAAM klassen &#8211; incl. liggecykel<\/li>\n<li>24H Non draft 2 personer team &#8211; (stafetl\u00f8b)<\/li>\n<li>\u00a0<\/li>\n<li>12H Non draft solo \u2013 incl. liggecykel<\/li>\n<li>\u00a0<\/li>\n<li>6 H Non draft solo \u2013 incl. liggecykel<\/li>\n<\/ul>\n<p><strong>Det er ikke tilladt for non draft ryttere at ligge p\u00e5 hjul<del><\/del><\/strong><\/p>\n<hr \/>\n<ul>\n<li>24H Draft solo<\/li>\n<li>24H Draft 2 personer team &#8211; (stafetl\u00f8b)<\/li>\n<li>\u00a0<\/li>\n<li>12H Draft solo<\/li>\n<li>\u00a0<\/li>\n<li>6H Draft solo<\/li>\n<\/ul>\n<p><strong><u>Det er tilladt for draft ryttere at k\u00f8re i grupper med andre ryttere, uanset klasse tilmeldning, og ligge p\u00e5 hjul.<\/u><\/strong><\/p>\n<hr \/>\n<h4><strong><u>Priser (dkr pr. person)<\/u><\/strong><\/h4>\n\n\n<figure class=\"wp-block-image size-full\"><img loading=\"lazy\" decoding=\"async\" width=\"630\" height=\"306\" src=\"https:\/\/snejbjergsgi.dk\/midt24-dk\/wp-content\/uploads\/sites\/20\/2025\/10\/Skaermbillede-2025-10-11-104332-1.png\" alt=\"\" class=\"wp-image-1283\" srcset=\"https:\/\/snejbjergsgi.dk\/midt24-dk\/wp-content\/uploads\/sites\/20\/2025\/10\/Skaermbillede-2025-10-11-104332-1.png 630w, https:\/\/snejbjergsgi.dk\/midt24-dk\/wp-content\/uploads\/sites\/20\/2025\/10\/Skaermbillede-2025-10-11-104332-1-300x146.png 300w\" sizes=\"auto, (max-width: 630px) 100vw, 630px\" \/><\/figure>\n","protected":false},"excerpt":{"rendered":"<p>Der er mulighed for tilk\u00f8b af forplejning til familie, venner m.fl. Se under forplejning. Der er mulighed for tilk\u00f8b af live tracking. Se under tidtagning. Der kan v\u00e6lges mellem f\u00f8lgende klasser (draft = at ligge p\u00e5 hjul): 24H Non draft solo &#8211; RAAM klassen &#8211; incl. liggecykel 24H Non draft 2 personer team &#8211; (stafetl\u00f8b) [&hellip;]<\/p>\n","protected":false},"author":11,"featured_media":0,"parent":30,"menu_order":0,"comment_status":"closed","ping_status":"closed","template":"","meta":{"footnotes":""},"class_list":["post-34","page","type-page","status-publish","hentry","post"],"_links":{"self":[{"href":"https:\/\/snejbjergsgi.dk\/midt24-dk\/wp-json\/wp\/v2\/pages\/34","targetHints":{"allow":["GET"]}}],"collection":[{"href":"https:\/\/snejbjergsgi.dk\/midt24-dk\/wp-json\/wp\/v2\/pages"}],"about":[{"href":"https:\/\/snejbjergsgi.dk\/midt24-dk\/wp-json\/wp\/v2\/types\/page"}],"author":[{"embeddable":true,"href":"https:\/\/snejbjergsgi.dk\/midt24-dk\/wp-json\/wp\/v2\/users\/11"}],"replies":[{"embeddable":true,"href":"https:\/\/snejbjergsgi.dk\/midt24-dk\/wp-json\/wp\/v2\/comments?post=34"}],"version-history":[{"count":54,"href":"https:\/\/snejbjergsgi.dk\/midt24-dk\/wp-json\/wp\/v2\/pages\/34\/revisions"}],"predecessor-version":[{"id":1284,"href":"https:\/\/snejbjergsgi.dk\/midt24-dk\/wp-json\/wp\/v2\/pages\/34\/revisions\/1284"}],"up":[{"embeddable":true,"href":"https:\/\/snejbjergsgi.dk\/midt24-dk\/wp-json\/wp\/v2\/pages\/30"}],"wp:attachment":[{"href":"https:\/\/snejbjergsgi.dk\/midt24-dk\/wp-json\/wp\/v2\/media?parent=34"}],"curies":[{"name":"wp","href":"https:\/\/api.w.org\/{rel}","templated":true}]}}