{"id":32,"date":"2019-10-14T22:32:52","date_gmt":"2019-10-14T20:32:52","guid":{"rendered":"http:\/\/168.119.69.83\/~ssgi\/midt24-dk\/?page_id=32"},"modified":"2025-09-06T11:11:49","modified_gmt":"2025-09-06T09:11:49","slug":"tid-og-sted","status":"publish","type":"page","link":"https:\/\/snejbjergsgi.dk\/midt24-dk\/om-loebet\/tid-og-sted\/","title":{"rendered":"Tid og sted"},"content":{"rendered":"<p>Midt24 afvikles fra 20. juni kl. 10.00 til 21. juni 2026 kl. 10.00.<\/p>\n<p>Sted: Snejbjerg Hallen, Snejbjerg hovedgade 75, 7400 Herning<\/p>\n<p>Der skal minimum k\u00f8res \u00e9n omgang p\u00e5 f\u00f8rste rute.<\/p>\n<p>For hold g\u00e6lder dette for en enkelt holddeltager.<\/p>\n<p>Ved holdl\u00f8b m\u00e5 der kun v\u00e6re \u00e9n rytter p\u00e5 ruten af gangen<\/p>\n\n\n<p>&nbsp;<\/p>\n","protected":false},"excerpt":{"rendered":"<p>Midt24 afvikles fra 20. juni kl. 10.00 til 21. juni 2026 kl. 10.00. Sted: Snejbjerg Hallen, Snejbjerg hovedgade 75, 7400 Herning Der skal minimum k\u00f8res \u00e9n omgang p\u00e5 f\u00f8rste rute. For hold g\u00e6lder dette for en enkelt holddeltager. Ved holdl\u00f8b m\u00e5 der kun v\u00e6re \u00e9n rytter p\u00e5 ruten af gangen &nbsp;<\/p>\n","protected":false},"author":11,"featured_media":0,"parent":30,"menu_order":0,"comment_status":"closed","ping_status":"closed","template":"","meta":{"footnotes":""},"class_list":["post-32","page","type-page","status-publish","hentry","post"],"_links":{"self":[{"href":"https:\/\/snejbjergsgi.dk\/midt24-dk\/wp-json\/wp\/v2\/pages\/32","targetHints":{"allow":["GET"]}}],"collection":[{"href":"https:\/\/snejbjergsgi.dk\/midt24-dk\/wp-json\/wp\/v2\/pages"}],"about":[{"href":"https:\/\/snejbjergsgi.dk\/midt24-dk\/wp-json\/wp\/v2\/types\/page"}],"author":[{"embeddable":true,"href":"https:\/\/snejbjergsgi.dk\/midt24-dk\/wp-json\/wp\/v2\/users\/11"}],"replies":[{"embeddable":true,"href":"https:\/\/snejbjergsgi.dk\/midt24-dk\/wp-json\/wp\/v2\/comments?post=32"}],"version-history":[{"count":12,"href":"https:\/\/snejbjergsgi.dk\/midt24-dk\/wp-json\/wp\/v2\/pages\/32\/revisions"}],"predecessor-version":[{"id":1278,"href":"https:\/\/snejbjergsgi.dk\/midt24-dk\/wp-json\/wp\/v2\/pages\/32\/revisions\/1278"}],"up":[{"embeddable":true,"href":"https:\/\/snejbjergsgi.dk\/midt24-dk\/wp-json\/wp\/v2\/pages\/30"}],"wp:attachment":[{"href":"https:\/\/snejbjergsgi.dk\/midt24-dk\/wp-json\/wp\/v2\/media?parent=32"}],"curies":[{"name":"wp","href":"https:\/\/api.w.org\/{rel}","templated":true}]}}