{"id":30,"date":"2019-10-14T22:31:14","date_gmt":"2019-10-14T20:31:14","guid":{"rendered":"http:\/\/168.119.69.83\/~ssgi\/midt24-dk\/?page_id=30"},"modified":"2023-06-26T21:49:32","modified_gmt":"2023-06-26T19:49:32","slug":"om-loebet","status":"publish","type":"page","link":"https:\/\/snejbjergsgi.dk\/midt24-dk\/om-loebet\/","title":{"rendered":"Om l\u00f8bet"},"content":{"rendered":"<p><strong>Her finder du informationer om l\u00f8bet (v\u00e6lg p\u00e5 menuen ovenfor)<\/strong><\/p>\n<p>Tid og sted<\/p>\n<p>Klasser og priser<\/p>\n<p>Ruter<\/p>\n<p>Tidtagning<\/p>\n<p>F\u00f8r l\u00f8bet<\/p>\n<p>Under l\u00f8bet<\/p>\n<p>Efter l\u00f8bet<\/p>\n","protected":false},"excerpt":{"rendered":"<p>Her finder du informationer om l\u00f8bet (v\u00e6lg p\u00e5 menuen ovenfor) Tid og sted Klasser og priser Ruter Tidtagning F\u00f8r l\u00f8bet Under l\u00f8bet Efter l\u00f8bet<\/p>\n","protected":false},"author":11,"featured_media":0,"parent":0,"menu_order":0,"comment_status":"closed","ping_status":"closed","template":"","meta":{"footnotes":""},"class_list":["post-30","page","type-page","status-publish","hentry","post"],"_links":{"self":[{"href":"https:\/\/snejbjergsgi.dk\/midt24-dk\/wp-json\/wp\/v2\/pages\/30","targetHints":{"allow":["GET"]}}],"collection":[{"href":"https:\/\/snejbjergsgi.dk\/midt24-dk\/wp-json\/wp\/v2\/pages"}],"about":[{"href":"https:\/\/snejbjergsgi.dk\/midt24-dk\/wp-json\/wp\/v2\/types\/page"}],"author":[{"embeddable":true,"href":"https:\/\/snejbjergsgi.dk\/midt24-dk\/wp-json\/wp\/v2\/users\/11"}],"replies":[{"embeddable":true,"href":"https:\/\/snejbjergsgi.dk\/midt24-dk\/wp-json\/wp\/v2\/comments?post=30"}],"version-history":[{"count":2,"href":"https:\/\/snejbjergsgi.dk\/midt24-dk\/wp-json\/wp\/v2\/pages\/30\/revisions"}],"predecessor-version":[{"id":640,"href":"https:\/\/snejbjergsgi.dk\/midt24-dk\/wp-json\/wp\/v2\/pages\/30\/revisions\/640"}],"wp:attachment":[{"href":"https:\/\/snejbjergsgi.dk\/midt24-dk\/wp-json\/wp\/v2\/media?parent=30"}],"curies":[{"name":"wp","href":"https:\/\/api.w.org\/{rel}","templated":true}]}}