{"id":60,"date":"2018-08-15T19:09:30","date_gmt":"2018-08-15T19:09:30","guid":{"rendered":"http:\/\/2018.snejbjergsgi.dk\/handbold\/?page_id=60"},"modified":"2026-02-16T17:10:20","modified_gmt":"2026-02-16T17:10:20","slug":"vaerdigrundlag-for-snejbjerg-haandbold","status":"publish","type":"page","link":"https:\/\/snejbjergsgi.dk\/handbold\/praktisk-info\/vaerdigrundlag-for-snejbjerg-haandbold\/","title":{"rendered":"V\u00c6RDIS\u00c6T"},"content":{"rendered":"<p><strong>V\u00c6RDIS\u00c6T<\/strong><\/p>\n\n\n<div data-wp-interactive=\"core\/file\" class=\"wp-block-file\"><object data-wp-bind--hidden=\"!state.hasPdfPreview\" hidden class=\"wp-block-file__embed\" data=\"https:\/\/snejbjergsgi.dk\/handbold\/wp-content\/uploads\/sites\/9\/2026\/02\/VAeRDISAeT.pdf\" type=\"application\/pdf\" style=\"width:100%;height:600px\" aria-label=\"Embed V\u00c6RDIS\u00c6T.\"><\/object><a id=\"wp-block-file--media-36b2deca-1eac-4bf4-b508-8ae85fd23c0b\" href=\"https:\/\/snejbjergsgi.dk\/handbold\/wp-content\/uploads\/sites\/9\/2026\/02\/VAeRDISAeT.pdf\">V\u00c6RDIS\u00c6T<\/a><a href=\"https:\/\/snejbjergsgi.dk\/handbold\/wp-content\/uploads\/sites\/9\/2026\/02\/VAeRDISAeT.pdf\" class=\"wp-block-file__button wp-element-button\" download aria-describedby=\"wp-block-file--media-36b2deca-1eac-4bf4-b508-8ae85fd23c0b\">Download<\/a><\/div>\n\n\n\n<p>.<\/p>\n","protected":false},"excerpt":{"rendered":"<p>V\u00c6RDIS\u00c6T .<\/p>\n","protected":false},"author":13,"featured_media":0,"parent":17,"menu_order":0,"comment_status":"closed","ping_status":"closed","template":"","meta":{"footnotes":""},"class_list":["post-60","page","type-page","status-publish","hentry","post"],"_links":{"self":[{"href":"https:\/\/snejbjergsgi.dk\/handbold\/wp-json\/wp\/v2\/pages\/60","targetHints":{"allow":["GET"]}}],"collection":[{"href":"https:\/\/snejbjergsgi.dk\/handbold\/wp-json\/wp\/v2\/pages"}],"about":[{"href":"https:\/\/snejbjergsgi.dk\/handbold\/wp-json\/wp\/v2\/types\/page"}],"author":[{"embeddable":true,"href":"https:\/\/snejbjergsgi.dk\/handbold\/wp-json\/wp\/v2\/users\/13"}],"replies":[{"embeddable":true,"href":"https:\/\/snejbjergsgi.dk\/handbold\/wp-json\/wp\/v2\/comments?post=60"}],"version-history":[{"count":8,"href":"https:\/\/snejbjergsgi.dk\/handbold\/wp-json\/wp\/v2\/pages\/60\/revisions"}],"predecessor-version":[{"id":691,"href":"https:\/\/snejbjergsgi.dk\/handbold\/wp-json\/wp\/v2\/pages\/60\/revisions\/691"}],"up":[{"embeddable":true,"href":"https:\/\/snejbjergsgi.dk\/handbold\/wp-json\/wp\/v2\/pages\/17"}],"wp:attachment":[{"href":"https:\/\/snejbjergsgi.dk\/handbold\/wp-json\/wp\/v2\/media?parent=60"}],"curies":[{"name":"wp","href":"https:\/\/api.w.org\/{rel}","templated":true}]}}