{"id":52,"date":"2018-08-15T18:48:46","date_gmt":"2018-08-15T18:48:46","guid":{"rendered":"http:\/\/2018.snejbjergsgi.dk\/handbold\/?page_id=52"},"modified":"2024-11-20T18:32:35","modified_gmt":"2024-11-20T18:32:35","slug":"beach","status":"publish","type":"page","link":"https:\/\/snejbjergsgi.dk\/handbold\/beach\/","title":{"rendered":"Beach-baner"},"content":{"rendered":"<p>Alle er velkomne til at benytte de 2 beach-baner.<\/p>\n<p>Dog har de hold, som har booket banerne i nedenst\u00e5ende kalender, altid fortrinsret til banerne.<\/p>\n<p>Hvis man \u00f8nsker at benytte beach-banerne, kan disse bookes p\u00e5 forh\u00e5nd ved at sende en mail til <a href=\"mailto:nettehvam@hotmail.com?subject=booking af beachbaner\">nettehvam@hotmail.com<\/a>.<\/p>\n<p>Evt. sp\u00f8rgsm\u00e5l kan rettes til kontaktperson: Marie Veng Tlf.\u00a022775622<\/p>\n<p>.<\/p>\n\n<p>P\u00e5 Snejbjergs beachbaner findes<\/p>\n<ul>\n<li>4 permanente m\u00e5l til beachh\u00e5ndbold<\/li>\n<li>2 net til beachvolley<\/li>\n<li>Redskabsrum til forneingerne bag beachbanerne (<a href=\"\/handbold\">Snejbjerg H\u00e5ndbold<\/a> og <a href=\"https:\/\/snejbjergsgi.dk\/volleyball\">Snejbjerg Volleyball<\/a><\/li>\n<li>Overd\u00e6kket terrasse som frit m\u00e5 benyttes &#8211; er banerne booket, har brugerne f\u00f8rsteret til terrassen.<\/li>\n<\/ul>\n<p><img loading=\"lazy\" decoding=\"async\" class=\"alignnone size-medium wp-image-230\" src=\"https:\/\/snejbjergsgi.dk\/handbold\/wp-content\/uploads\/sites\/9\/2018\/10\/Beach-2-300x225.jpg\" alt=\"Beachbaner i Snejbjerg\" width=\"300\" height=\"225\" srcset=\"https:\/\/snejbjergsgi.dk\/handbold\/wp-content\/uploads\/sites\/9\/2018\/10\/Beach-2-300x225.jpg 300w, https:\/\/snejbjergsgi.dk\/handbold\/wp-content\/uploads\/sites\/9\/2018\/10\/Beach-2-768x576.jpg 768w, https:\/\/snejbjergsgi.dk\/handbold\/wp-content\/uploads\/sites\/9\/2018\/10\/Beach-2.jpg 960w\" sizes=\"auto, (max-width: 300px) 100vw, 300px\" \/><\/p>\n","protected":false},"excerpt":{"rendered":"<p>Alle er velkomne til at benytte de 2 beach-baner. Dog har de hold, som har booket banerne i nedenst\u00e5ende kalender, altid fortrinsret til banerne. Hvis man \u00f8nsker at benytte beach-banerne, kan disse bookes p\u00e5 forh\u00e5nd ved at sende en mail til nettehvam@hotmail.com. Evt. sp\u00f8rgsm\u00e5l kan rettes til kontaktperson: Marie Veng Tlf.\u00a022775622 . P\u00e5 Snejbjergs beachbaner [&hellip;]<\/p>\n","protected":false},"author":13,"featured_media":0,"parent":0,"menu_order":0,"comment_status":"closed","ping_status":"closed","template":"","meta":{"footnotes":""},"class_list":["post-52","page","type-page","status-publish","hentry","post"],"_links":{"self":[{"href":"https:\/\/snejbjergsgi.dk\/handbold\/wp-json\/wp\/v2\/pages\/52","targetHints":{"allow":["GET"]}}],"collection":[{"href":"https:\/\/snejbjergsgi.dk\/handbold\/wp-json\/wp\/v2\/pages"}],"about":[{"href":"https:\/\/snejbjergsgi.dk\/handbold\/wp-json\/wp\/v2\/types\/page"}],"author":[{"embeddable":true,"href":"https:\/\/snejbjergsgi.dk\/handbold\/wp-json\/wp\/v2\/users\/13"}],"replies":[{"embeddable":true,"href":"https:\/\/snejbjergsgi.dk\/handbold\/wp-json\/wp\/v2\/comments?post=52"}],"version-history":[{"count":22,"href":"https:\/\/snejbjergsgi.dk\/handbold\/wp-json\/wp\/v2\/pages\/52\/revisions"}],"predecessor-version":[{"id":563,"href":"https:\/\/snejbjergsgi.dk\/handbold\/wp-json\/wp\/v2\/pages\/52\/revisions\/563"}],"wp:attachment":[{"href":"https:\/\/snejbjergsgi.dk\/handbold\/wp-json\/wp\/v2\/media?parent=52"}],"curies":[{"name":"wp","href":"https:\/\/api.w.org\/{rel}","templated":true}]}}