{"id":164,"date":"2018-08-22T21:21:19","date_gmt":"2018-08-22T21:21:19","guid":{"rendered":"http:\/\/2018.snejbjergsgi.dk\/handbold\/?page_id=164"},"modified":"2018-08-22T21:23:23","modified_gmt":"2018-08-22T21:23:23","slug":"kontingentsatser","status":"publish","type":"page","link":"https:\/\/snejbjergsgi.dk\/handbold\/praktisk-info\/kontingentsatser\/","title":{"rendered":"Kontingentsatser"},"content":{"rendered":"<p>Kontingentsatser fasts\u00e6ttes \u00e5rligt af bestyrelsen og de g\u00e6ldende satser for s\u00e6sonen ses under Tilmelding og Online-tilmeldning.<\/p>\n<p>&nbsp;<\/p>\n<p><strong>Handelsbetingelser<\/strong><\/p>\n<p>Ved online-onlinemeldning accepteres f\u00f8lgende handelsbetingelser:<\/p>\n<p>Der er 14 dages fortrydelsesret ved online-tilmeldning. Der kan ved online-betaling kun betales med Dankort.<\/p>\n<p>Tilbagebetaling af kontingent er ikke muligt efter 14 dage.<\/p>\n<p>Snejbjerg H\u00e5ndbold arrangerer hvert \u00e5r Snejbjerg Cup, der er et vigtigt element i klubbens \u00f8konomi. Snejbjerg Cuppen har brug for mange frivillige hj\u00e6lper i forskellige funktioner. Snejbjerg Cup-udvalget kan kontakte medlemmer af Snejbjerg H\u00e5ndbold for at foresp\u00f8rge om en hj\u00e6lpende h\u00e5nd.<\/p>\n<p>Medlemmer af Snejbjerg H\u00e5ndbold accepterer, at klubben kan offentligg\u00f8re fotos p\u00e5 hjemmeside og i trykte medier fra tr\u00e6ningssamlinger, kampe etc.<\/p>\n<p>Medlemmer af Snejbjerg H\u00e5ndbold accepterer, at klubben kan offentligg\u00f8re oplysninger om navn, adresse og telefonnummer i forbindelse med hold- og medlemslister s\u00e5vel udleverede som p\u00e5 hjemmeside etc.<\/p>\n<p>&nbsp;<\/p>\n","protected":false},"excerpt":{"rendered":"<p>Kontingentsatser fasts\u00e6ttes \u00e5rligt af bestyrelsen og de g\u00e6ldende satser for s\u00e6sonen ses under Tilmelding og Online-tilmeldning. &nbsp; Handelsbetingelser Ved online-onlinemeldning accepteres f\u00f8lgende handelsbetingelser: Der er 14 dages fortrydelsesret ved online-tilmeldning. Der kan ved online-betaling kun betales med Dankort. Tilbagebetaling af kontingent er ikke muligt efter 14 dage. Snejbjerg H\u00e5ndbold arrangerer hvert \u00e5r Snejbjerg Cup, der [&hellip;]<\/p>\n","protected":false},"author":13,"featured_media":0,"parent":17,"menu_order":0,"comment_status":"closed","ping_status":"closed","template":"","meta":{"footnotes":""},"class_list":["post-164","page","type-page","status-publish","hentry","post"],"_links":{"self":[{"href":"https:\/\/snejbjergsgi.dk\/handbold\/wp-json\/wp\/v2\/pages\/164","targetHints":{"allow":["GET"]}}],"collection":[{"href":"https:\/\/snejbjergsgi.dk\/handbold\/wp-json\/wp\/v2\/pages"}],"about":[{"href":"https:\/\/snejbjergsgi.dk\/handbold\/wp-json\/wp\/v2\/types\/page"}],"author":[{"embeddable":true,"href":"https:\/\/snejbjergsgi.dk\/handbold\/wp-json\/wp\/v2\/users\/13"}],"replies":[{"embeddable":true,"href":"https:\/\/snejbjergsgi.dk\/handbold\/wp-json\/wp\/v2\/comments?post=164"}],"version-history":[{"count":2,"href":"https:\/\/snejbjergsgi.dk\/handbold\/wp-json\/wp\/v2\/pages\/164\/revisions"}],"predecessor-version":[{"id":167,"href":"https:\/\/snejbjergsgi.dk\/handbold\/wp-json\/wp\/v2\/pages\/164\/revisions\/167"}],"up":[{"embeddable":true,"href":"https:\/\/snejbjergsgi.dk\/handbold\/wp-json\/wp\/v2\/pages\/17"}],"wp:attachment":[{"href":"https:\/\/snejbjergsgi.dk\/handbold\/wp-json\/wp\/v2\/media?parent=164"}],"curies":[{"name":"wp","href":"https:\/\/api.w.org\/{rel}","templated":true}]}}