{"id":158,"date":"2018-08-22T20:40:05","date_gmt":"2018-08-22T20:40:05","guid":{"rendered":"http:\/\/2018.snejbjergsgi.dk\/handbold\/?page_id=158"},"modified":"2023-03-06T22:31:06","modified_gmt":"2023-03-06T22:31:06","slug":"billetter","status":"publish","type":"page","link":"https:\/\/snejbjergsgi.dk\/handbold\/tilmelding\/billetter\/","title":{"rendered":"Billetter"},"content":{"rendered":"<p>Her kan du k\u00f8be billetter til forskellige arrangementer i regi af Snejbjerg H\u00e5ndbold.<br \/>\nHar du sp\u00f8rgsm\u00e5l til onlinek\u00f8b af billetter, kan du kontakte kassereren eller sende en e-mail til kasserer@snejbjerghaandbold.dk.<\/p>\n\n<p><strong>Har du allerede et login?<\/strong><br \/>\nS\u00e5 kan du logge ind og opdatere din profil eller foretage \u00e6ndringer i dine tilmeldinger.<\/p>\n","protected":false},"excerpt":{"rendered":"<p>Her kan du k\u00f8be billetter til forskellige arrangementer i regi af Snejbjerg H\u00e5ndbold. Har du sp\u00f8rgsm\u00e5l til onlinek\u00f8b af billetter, kan du kontakte kassereren eller sende en e-mail til kasserer@snejbjerghaandbold.dk. Har du allerede et login? S\u00e5 kan du logge ind og opdatere din profil eller foretage \u00e6ndringer i dine tilmeldinger.<\/p>\n","protected":false},"author":13,"featured_media":0,"parent":15,"menu_order":0,"comment_status":"closed","ping_status":"closed","template":"","meta":{"footnotes":""},"class_list":["post-158","page","type-page","status-publish","hentry","post"],"_links":{"self":[{"href":"https:\/\/snejbjergsgi.dk\/handbold\/wp-json\/wp\/v2\/pages\/158","targetHints":{"allow":["GET"]}}],"collection":[{"href":"https:\/\/snejbjergsgi.dk\/handbold\/wp-json\/wp\/v2\/pages"}],"about":[{"href":"https:\/\/snejbjergsgi.dk\/handbold\/wp-json\/wp\/v2\/types\/page"}],"author":[{"embeddable":true,"href":"https:\/\/snejbjergsgi.dk\/handbold\/wp-json\/wp\/v2\/users\/13"}],"replies":[{"embeddable":true,"href":"https:\/\/snejbjergsgi.dk\/handbold\/wp-json\/wp\/v2\/comments?post=158"}],"version-history":[{"count":6,"href":"https:\/\/snejbjergsgi.dk\/handbold\/wp-json\/wp\/v2\/pages\/158\/revisions"}],"predecessor-version":[{"id":505,"href":"https:\/\/snejbjergsgi.dk\/handbold\/wp-json\/wp\/v2\/pages\/158\/revisions\/505"}],"up":[{"embeddable":true,"href":"https:\/\/snejbjergsgi.dk\/handbold\/wp-json\/wp\/v2\/pages\/15"}],"wp:attachment":[{"href":"https:\/\/snejbjergsgi.dk\/handbold\/wp-json\/wp\/v2\/media?parent=158"}],"curies":[{"name":"wp","href":"https:\/\/api.w.org\/{rel}","templated":true}]}}