{"id":137,"date":"2018-08-15T21:06:05","date_gmt":"2018-08-15T21:06:05","guid":{"rendered":"http:\/\/2018.snejbjergsgi.dk\/handbold\/?page_id=137"},"modified":"2018-08-15T21:06:05","modified_gmt":"2018-08-15T21:06:05","slug":"sponsorer","status":"publish","type":"page","link":"https:\/\/snejbjergsgi.dk\/handbold\/praktisk-info\/oevrige-informationer\/sponsorer\/","title":{"rendered":"Sponsorer"},"content":{"rendered":"<p>Snejbjerg H\u00e5ndbold\u00a0tilbyder gode annonceringsmuligheder og\u00a0er afh\u00e6ngig af sponsorst\u00f8tte for at kunne holde et tilfredsstillende aktivitetsniveau samtidig med et acceptabelt kontingentniveau. Der skal v\u00e6re\u00a0gode tr\u00e6nere,\u00a0holdene skal deltage i turneringer og der skal v\u00e6re flere\u00a0sociale aktiviteter.<\/p>\n<p>Snejbjerg H\u00e5ndbold tilbyder derfor f\u00f8lgende mulige sponsorater:<\/p>\n<ul>\n<li>Skiltesponsor i Snejbjerg Hallen<\/li>\n<li>Annonc\u00f8r p\u00e5 hjemmesiden<\/li>\n<li>Sponsor for \u00f8vrige hold &#8211; reklame p\u00e5 tr\u00f8jer og bukser<\/li>\n<\/ul>\n<p>Kontakt derfor formand Kristina Lindberg p\u00e5 <a href=\"mailto:kristina@lindberg-okonomi.dk\">kristina@lindberg-okonomi.dk<\/a>, hvis du \u00f8nsker at v\u00e6re sponsor i Snejbjerg H\u00e5ndbold eller kender en potentiel\u00a0sponsor.<\/p>\n<p>&nbsp;<\/p>\n<p>&nbsp;<\/p>\n","protected":false},"excerpt":{"rendered":"<p>Snejbjerg H\u00e5ndbold\u00a0tilbyder gode annonceringsmuligheder og\u00a0er afh\u00e6ngig af sponsorst\u00f8tte for at kunne holde et tilfredsstillende aktivitetsniveau samtidig med et acceptabelt kontingentniveau. Der skal v\u00e6re\u00a0gode tr\u00e6nere,\u00a0holdene skal deltage i turneringer og der skal v\u00e6re flere\u00a0sociale aktiviteter. Snejbjerg H\u00e5ndbold tilbyder derfor f\u00f8lgende mulige sponsorater: Skiltesponsor i Snejbjerg Hallen Annonc\u00f8r p\u00e5 hjemmesiden Sponsor for \u00f8vrige hold &#8211; reklame p\u00e5 [&hellip;]<\/p>\n","protected":false},"author":13,"featured_media":0,"parent":94,"menu_order":0,"comment_status":"closed","ping_status":"closed","template":"","meta":{"footnotes":""},"class_list":["post-137","page","type-page","status-publish","hentry","post"],"_links":{"self":[{"href":"https:\/\/snejbjergsgi.dk\/handbold\/wp-json\/wp\/v2\/pages\/137","targetHints":{"allow":["GET"]}}],"collection":[{"href":"https:\/\/snejbjergsgi.dk\/handbold\/wp-json\/wp\/v2\/pages"}],"about":[{"href":"https:\/\/snejbjergsgi.dk\/handbold\/wp-json\/wp\/v2\/types\/page"}],"author":[{"embeddable":true,"href":"https:\/\/snejbjergsgi.dk\/handbold\/wp-json\/wp\/v2\/users\/13"}],"replies":[{"embeddable":true,"href":"https:\/\/snejbjergsgi.dk\/handbold\/wp-json\/wp\/v2\/comments?post=137"}],"version-history":[{"count":1,"href":"https:\/\/snejbjergsgi.dk\/handbold\/wp-json\/wp\/v2\/pages\/137\/revisions"}],"predecessor-version":[{"id":138,"href":"https:\/\/snejbjergsgi.dk\/handbold\/wp-json\/wp\/v2\/pages\/137\/revisions\/138"}],"up":[{"embeddable":true,"href":"https:\/\/snejbjergsgi.dk\/handbold\/wp-json\/wp\/v2\/pages\/94"}],"wp:attachment":[{"href":"https:\/\/snejbjergsgi.dk\/handbold\/wp-json\/wp\/v2\/media?parent=137"}],"curies":[{"name":"wp","href":"https:\/\/api.w.org\/{rel}","templated":true}]}}