{"id":133,"date":"2018-08-15T21:04:27","date_gmt":"2018-08-15T21:04:27","guid":{"rendered":"http:\/\/2018.snejbjergsgi.dk\/handbold\/?page_id=133"},"modified":"2018-08-15T21:04:27","modified_gmt":"2018-08-15T21:04:27","slug":"god-opfoersel-for-traenere","status":"publish","type":"page","link":"https:\/\/snejbjergsgi.dk\/handbold\/praktisk-info\/oevrige-informationer\/god-opfoersel-for-traenere\/","title":{"rendered":"God opf\u00f8rsel for tr\u00e6nere"},"content":{"rendered":"<p>Snejbjerg H\u00e5ndbold har udarbejdet sin forst\u00e5else af\u00a0god opf\u00f8rsel bl.a. for tr\u00e6nere.<\/p>\n<p>Som tr\u00e6ner fremst\u00e5r man som en rollemodel for mange mennesker og derfor er god opf\u00f8rsel specielt vigtig.<\/p>\n<p>Tr\u00e6nere s\u00f8ger efter ud\u00f8verens og holdets potentiale for forbedring, og tr\u00e6nere tilrettel\u00e6gger tr\u00e6ningen, for at dette potentiale kan realiseres p\u00e5 bedst mulig m\u00e5de. Men den gode tr\u00e6ner har ogs\u00e5 et st\u00f8rre m\u00e5l. Han eller hun kender idr\u00e6tten som en arena for menneskelig v\u00e6kst og udvikling, hvor der skabes tr\u00e6nings- og konkurrencemilj\u00f8er kendetegnet af gl\u00e6de, f\u00e6llesskab og orientering mod mestring. Den gode tr\u00e6ner udvikler hele ud\u00f8vere: fysisk, psykisk, socialt og moralsk.<\/p>\n<p>Den gode tr\u00e6ner er en menneskeudvikler. Ligesom gode ud\u00f8vere har ogs\u00e5 gode tr\u00e6nere talent. I en god tr\u00e6ner-\/ud\u00f8verrelation er der to ligev\u00e6rdige parter, som udvikler hinanden gensidigt. Tr\u00e6neren er en n\u00f8gleperson med hensyn til at forme holdninger og v\u00e6rdier hos de ud\u00f8vere og hold, han eller hun har ansvaret for. Heri ligger der stor magt. Den uansvarlige tr\u00e6ner udnytter en s\u00e5dan magt p\u00e5 tv\u00e6rs af ud\u00f8vernes interesser. Den kyniske tr\u00e6ner ser ud\u00f8vere som middel i sin egen karriere og behandler ud\u00f8vere som underordnede midler til at n\u00e5 egne m\u00e5l.<\/p>\n<p>De f\u00f8lgende normer henviser til handlinger og holdninger, der kendetegner den gode tr\u00e6ner:<\/p>\n<ul>\n<li>Behandl alle ud\u00f8vere individuelt og p\u00e5 ud\u00f8verens pr\u00e6misser!<\/li>\n<li>S\u00f8rg for, at tr\u00e6ning og konkurrencer er passende i forhold til ud\u00f8verens alder, erfaring, talent og modenhed!<\/li>\n<li>Overhold idr\u00e6ttens regler og normer for fair play i din idr\u00e6tsgren!<\/li>\n<li>Respekt\u00e9r de afg\u00f8relser, som er truffet af dommere og andre officials!<\/li>\n<li>Inddrag ud\u00f8verne i beslutninger, som ber\u00f8rer dem, og l\u00e6r den enkelte ud\u00f8ver at tage sin del af ansvaret for sin opf\u00f8rsel og idr\u00e6tslige udvikling!<\/li>\n<li>V\u00e6r fair, omsorgsfuld og \u00e6rlig over for ud\u00f8veren!<\/li>\n<li>Giv konstruktiv kritik og undg\u00e5 overdreven negativ kritik!<\/li>\n<li>Priorit\u00e9r altid dine ud\u00f8veres helbred og undg\u00e5, at de uds\u00e6ttes for un\u00f8dvendige helbredsrisici!<\/li>\n<li>Vis interesse og omsorg for syge og skadede ud\u00f8vere!<\/li>\n<li>S\u00f8g samarbejde med andre tr\u00e6nere og specialister, hvor det tjener ud\u00f8veren!<\/li>\n<li>Anerkend ud\u00f8verens ret til at modtage r\u00e5d og vejledning fra andre tr\u00e6nere!<\/li>\n<li>Accept\u00e9r aldrig truende og voldelig adf\u00e6rd!<\/li>\n<li>Undg\u00e5 enhver seksuel tiln\u00e6rmelse af og intim kontakt med ud\u00f8verne!<\/li>\n<li>Bevar en h\u00f8j standard for din personlige opf\u00f8rsel i og uden for konkurrence! V\u00e6r opm\u00e6rksom p\u00e5 din betydning som rollemodel!<\/li>\n<li>V\u00e6r aktiv modstander af misbrug af doping og illegale rusmidler! V\u00e6r aktiv modstander af brug af alkohol og tobak i idr\u00e6tslig sammenh\u00e6ng!<\/li>\n<li>Behandl alle ud\u00f8vere ligev\u00e6rdigt &#8211; uafh\u00e6ngigt af k\u00f8n, race, etnisk, politisk og religi\u00f8st tilh\u00f8rsforhold samt seksuel orientering!<\/li>\n<li>Udnyt aldrig din virksomhed som tr\u00e6ner til at fremme egne interesser p\u00e5 bekostning af ud\u00f8vernes og\/eller idr\u00e6ttens interesser!<\/li>\n<\/ul>\n<p>&nbsp;<\/p>\n<p>&nbsp;<\/p>\n","protected":false},"excerpt":{"rendered":"<p>Snejbjerg H\u00e5ndbold har udarbejdet sin forst\u00e5else af\u00a0god opf\u00f8rsel bl.a. for tr\u00e6nere. Som tr\u00e6ner fremst\u00e5r man som en rollemodel for mange mennesker og derfor er god opf\u00f8rsel specielt vigtig. Tr\u00e6nere s\u00f8ger efter ud\u00f8verens og holdets potentiale for forbedring, og tr\u00e6nere tilrettel\u00e6gger tr\u00e6ningen, for at dette potentiale kan realiseres p\u00e5 bedst mulig m\u00e5de. Men den gode tr\u00e6ner [&hellip;]<\/p>\n","protected":false},"author":13,"featured_media":0,"parent":94,"menu_order":0,"comment_status":"closed","ping_status":"closed","template":"","meta":{"footnotes":""},"class_list":["post-133","page","type-page","status-publish","hentry","post"],"_links":{"self":[{"href":"https:\/\/snejbjergsgi.dk\/handbold\/wp-json\/wp\/v2\/pages\/133","targetHints":{"allow":["GET"]}}],"collection":[{"href":"https:\/\/snejbjergsgi.dk\/handbold\/wp-json\/wp\/v2\/pages"}],"about":[{"href":"https:\/\/snejbjergsgi.dk\/handbold\/wp-json\/wp\/v2\/types\/page"}],"author":[{"embeddable":true,"href":"https:\/\/snejbjergsgi.dk\/handbold\/wp-json\/wp\/v2\/users\/13"}],"replies":[{"embeddable":true,"href":"https:\/\/snejbjergsgi.dk\/handbold\/wp-json\/wp\/v2\/comments?post=133"}],"version-history":[{"count":1,"href":"https:\/\/snejbjergsgi.dk\/handbold\/wp-json\/wp\/v2\/pages\/133\/revisions"}],"predecessor-version":[{"id":134,"href":"https:\/\/snejbjergsgi.dk\/handbold\/wp-json\/wp\/v2\/pages\/133\/revisions\/134"}],"up":[{"embeddable":true,"href":"https:\/\/snejbjergsgi.dk\/handbold\/wp-json\/wp\/v2\/pages\/94"}],"wp:attachment":[{"href":"https:\/\/snejbjergsgi.dk\/handbold\/wp-json\/wp\/v2\/media?parent=133"}],"curies":[{"name":"wp","href":"https:\/\/api.w.org\/{rel}","templated":true}]}}