{"id":131,"date":"2018-08-15T21:03:56","date_gmt":"2018-08-15T21:03:56","guid":{"rendered":"http:\/\/2018.snejbjergsgi.dk\/handbold\/?page_id=131"},"modified":"2018-08-15T21:03:56","modified_gmt":"2018-08-15T21:03:56","slug":"god-opfoersel-for-foraeldre","status":"publish","type":"page","link":"https:\/\/snejbjergsgi.dk\/handbold\/praktisk-info\/oevrige-informationer\/god-opfoersel-for-foraeldre\/","title":{"rendered":"God opf\u00f8rsel for for\u00e6ldre"},"content":{"rendered":"<p>Snejbjerg H\u00e5ndbold har udarbejdet sin forst\u00e5else af\u00a0god opf\u00f8rsel bl.a. for for\u00e6ldre.<\/p>\n<p>For\u00e6ldre spiller en vigtig rolle i b\u00f8rns idr\u00e6t. Det er vigtigt at opmuntre b\u00f8rn til at opf\u00f8re sig ordentlig &#8211; samtidig med at man selv g\u00f8r det fra sidelinjen som tilskuer.<\/p>\n<ul>\n<li>Husk, at dit barn deltager for at gl\u00e6de sig selv og ikke dig!<\/li>\n<li>Tilskynd kun dit barn til at deltage, tving det ikke!<\/li>\n<li>Tilskynd dit barn til at spille eller ud\u00f8ve sin idr\u00e6t efter reglerne og til at l\u00f8se konflikter uden fjendtlighed eller vold!<\/li>\n<li>St\u00f8t og opmunter alle b\u00f8rn og unge i tr\u00e6ning og konkurrence &#8211; ikke bare dine egne!<\/li>\n<li>V\u00e6r positiv b\u00e5de i modgang og medgang!<\/li>\n<li>Latterligg\u00f8r aldrig et barn og r\u00e5b ikke ad det, hvis det har beg\u00e5et en fejl!<\/li>\n<li>Husk, at b\u00f8rn og unge l\u00e6rer bedst med\/gennem eksempler.<\/li>\n<li>V\u00e6rds\u00e6t altid godt spil og gode pr\u00e6stationer fra alle b\u00f8rn og unge!<\/li>\n<li>Respekt\u00e9r dommeres og officials\u2019 afg\u00f8relser og l\u00e6r b\u00f8rn og unge at g\u00f8re det samme!<\/li>\n<li>V\u00e6rds\u00e6t frivillige tr\u00e6nere, ledere og officials. Uden dem kunne dit barn ikke deltage i nogen kamp\/konkurrence!<\/li>\n<li>Respekt\u00e9r ethvert barns rettigheder og v\u00e6rdighed &#8211; uafh\u00e6ngigt af k\u00f8n, race, etnisk og religi\u00f8st tilh\u00f8rsforhold!<\/li>\n<\/ul>\n<p><strong>Transport<\/strong><\/p>\n<p>Snejbjerg H\u00e5ndbold forventer, at for\u00e6ldrer, der transporterer b\u00f8rn og andre i regi af Snejbjerg H\u00e5ndbold, overholder f\u00e6rdelsloven og er yderst bet\u00e6nksomme i deres adf\u00e6rd i trafikken.<\/p>\n<p>Specielt henledes opm\u00e6rksomheden p\u00e5 overholdelse af fartgr\u00e6nser samt benyttelse af seler.<\/p>\n<p>Snejbjerg H\u00e5ndbold forventer, at for\u00e6ldre udviser en &#8220;nul tolerance politik&#8221; for indtagelsen af alkohol i forbindelse med transport af b\u00f8rn og andre i regi af Snejbjerg H\u00e5ndbold.<\/p>\n<p>&nbsp;<\/p>\n","protected":false},"excerpt":{"rendered":"<p>Snejbjerg H\u00e5ndbold har udarbejdet sin forst\u00e5else af\u00a0god opf\u00f8rsel bl.a. for for\u00e6ldre. For\u00e6ldre spiller en vigtig rolle i b\u00f8rns idr\u00e6t. Det er vigtigt at opmuntre b\u00f8rn til at opf\u00f8re sig ordentlig &#8211; samtidig med at man selv g\u00f8r det fra sidelinjen som tilskuer. Husk, at dit barn deltager for at gl\u00e6de sig selv og ikke dig! [&hellip;]<\/p>\n","protected":false},"author":13,"featured_media":0,"parent":94,"menu_order":0,"comment_status":"closed","ping_status":"closed","template":"","meta":{"footnotes":""},"class_list":["post-131","page","type-page","status-publish","hentry","post"],"_links":{"self":[{"href":"https:\/\/snejbjergsgi.dk\/handbold\/wp-json\/wp\/v2\/pages\/131","targetHints":{"allow":["GET"]}}],"collection":[{"href":"https:\/\/snejbjergsgi.dk\/handbold\/wp-json\/wp\/v2\/pages"}],"about":[{"href":"https:\/\/snejbjergsgi.dk\/handbold\/wp-json\/wp\/v2\/types\/page"}],"author":[{"embeddable":true,"href":"https:\/\/snejbjergsgi.dk\/handbold\/wp-json\/wp\/v2\/users\/13"}],"replies":[{"embeddable":true,"href":"https:\/\/snejbjergsgi.dk\/handbold\/wp-json\/wp\/v2\/comments?post=131"}],"version-history":[{"count":1,"href":"https:\/\/snejbjergsgi.dk\/handbold\/wp-json\/wp\/v2\/pages\/131\/revisions"}],"predecessor-version":[{"id":132,"href":"https:\/\/snejbjergsgi.dk\/handbold\/wp-json\/wp\/v2\/pages\/131\/revisions\/132"}],"up":[{"embeddable":true,"href":"https:\/\/snejbjergsgi.dk\/handbold\/wp-json\/wp\/v2\/pages\/94"}],"wp:attachment":[{"href":"https:\/\/snejbjergsgi.dk\/handbold\/wp-json\/wp\/v2\/media?parent=131"}],"curies":[{"name":"wp","href":"https:\/\/api.w.org\/{rel}","templated":true}]}}