{"id":129,"date":"2018-08-15T21:03:23","date_gmt":"2018-08-15T21:03:23","guid":{"rendered":"http:\/\/2018.snejbjergsgi.dk\/handbold\/?page_id=129"},"modified":"2018-08-15T21:03:23","modified_gmt":"2018-08-15T21:03:23","slug":"god-opfoersel-for-voksne","status":"publish","type":"page","link":"https:\/\/snejbjergsgi.dk\/handbold\/praktisk-info\/oevrige-informationer\/god-opfoersel-for-voksne\/","title":{"rendered":"God opf\u00f8rsel for voksne"},"content":{"rendered":"<p>Snejbjerg H\u00e5ndbold har udarbejdet sin forst\u00e5else af\u00a0god opf\u00f8rsel bl.a. for voksne.<\/p>\n<p>Respekt for modstanderne samt dommere og officiels er nogle af de vigtige ting, du b\u00f8r huske p\u00e5 idr\u00e6tsbanen.<\/p>\n<p>De fleste ud\u00f8vere s\u00f8ger idr\u00e6ttens indbyggede v\u00e6rdier. Idr\u00e6tten kan give mange gode oplevelser af gl\u00e6de, f\u00e6llesskab, udfordring, sp\u00e6nding, pr\u00e6station og udvikling.<\/p>\n<p>Her ser man idr\u00e6ttens n\u00e6re sl\u00e6gtskab med legen, og under de umiddelbare oplevelser ligger der dybere v\u00e6rdier. I idr\u00e6tten kan ud\u00f8vere p\u00e5 konkret og direkte vis afpr\u00f8ve, hvem de er, og hvad de kan blive, ligesom de kan afpr\u00f8ve forholdet til andre mennesker. I idr\u00e6tten udforsker ud\u00f8veren sin identitet og egenart. S\u00e5ledes kan idr\u00e6tten v\u00e6re en arena for menneskelig v\u00e6kst og udvikling. Men idr\u00e6tten har ogs\u00e5 sl\u00e6gtskab med kampen og konflikten. Og konfliktindstillingen kan give destruktive udslag. Konkurrencen kan blive en strid om ekstern gevinst: prestige og profit. Under konkurrencer k\u00e6mper nogle med frygten for at tabe, og andre bliver kyniske og tager ethvert middel i brug for at vinde. S\u00e5ledes kan idr\u00e6tten v\u00e6re en arena for degradering af mennesket og menneskelige v\u00e6rdier.<\/p>\n<p>De f\u00f8lgende normer henviser til handlinger og holdninger, som kendetegner ud\u00f8vere, der s\u00f8ger idr\u00e6ttens positive v\u00e6rdier.<\/p>\n<p>God opf\u00f8rsel for voksne ud\u00f8verne:<\/p>\n<ul>\n<li>G\u00f8r altid dit bedste!<\/li>\n<li>Vis v\u00e6rdighed b\u00e5de ved sejr og nederlag!<\/li>\n<li>Overhold idr\u00e6ttens regler og normerne for fair play i din idr\u00e6tsgren!<\/li>\n<li>Priorit\u00e9r altid dit helbred og undg\u00e5 un\u00f8dvendige helbredsrisici!<\/li>\n<li>Respekt\u00e9r de afg\u00f8relser, som er truffet af dommere og andre officials!<\/li>\n<li>Respekt\u00e9r andre ud\u00f8veres talent, potentiale og dygtighed &#8211; uafh\u00e6ngigt af k\u00f8n, race, etnisk, politisk og religi\u00f8st tilh\u00f8rsforhold samt seksuel orientering!<\/li>\n<li>Undg\u00e5 brug af neds\u00e6ttende tale og sk\u00e6ldsord i forhold til alle idr\u00e6ttens akt\u00f8rer!<\/li>\n<li>Samarbejd \u00e5bent og \u00e6rligt med dine tr\u00e6nere og andre, som st\u00f8tter dig!<\/li>\n<li>Tag selv hovedansvaret for din idr\u00e6tslige udvikling og pr\u00e6stationer!<\/li>\n<li>Bevar en h\u00f8j standard for din personlige opf\u00f8rsel i og uden for konkurrence!<\/li>\n<li>V\u00e6r opm\u00e6rksom p\u00e5 din betydning som rollemodel!<\/li>\n<li>Accept\u00e9r aldrig truende og voldelig adf\u00e6rd!<\/li>\n<li>Undg\u00e5 intim kontakt med din tr\u00e6ner!<\/li>\n<li>Involv\u00e9r dig ikke i dopingmisbrug!<\/li>\n<li>Accept\u00e9r aldrig truende og voldelig adf\u00e6rd!<\/li>\n<li>Undg\u00e5 intim kontakt med din tr\u00e6ner!<\/li>\n<\/ul>\n<p>&nbsp;<\/p>\n","protected":false},"excerpt":{"rendered":"<p>Snejbjerg H\u00e5ndbold har udarbejdet sin forst\u00e5else af\u00a0god opf\u00f8rsel bl.a. for voksne. Respekt for modstanderne samt dommere og officiels er nogle af de vigtige ting, du b\u00f8r huske p\u00e5 idr\u00e6tsbanen. De fleste ud\u00f8vere s\u00f8ger idr\u00e6ttens indbyggede v\u00e6rdier. Idr\u00e6tten kan give mange gode oplevelser af gl\u00e6de, f\u00e6llesskab, udfordring, sp\u00e6nding, pr\u00e6station og udvikling. Her ser man idr\u00e6ttens n\u00e6re [&hellip;]<\/p>\n","protected":false},"author":13,"featured_media":0,"parent":94,"menu_order":0,"comment_status":"closed","ping_status":"closed","template":"","meta":{"footnotes":""},"class_list":["post-129","page","type-page","status-publish","hentry","post"],"_links":{"self":[{"href":"https:\/\/snejbjergsgi.dk\/handbold\/wp-json\/wp\/v2\/pages\/129","targetHints":{"allow":["GET"]}}],"collection":[{"href":"https:\/\/snejbjergsgi.dk\/handbold\/wp-json\/wp\/v2\/pages"}],"about":[{"href":"https:\/\/snejbjergsgi.dk\/handbold\/wp-json\/wp\/v2\/types\/page"}],"author":[{"embeddable":true,"href":"https:\/\/snejbjergsgi.dk\/handbold\/wp-json\/wp\/v2\/users\/13"}],"replies":[{"embeddable":true,"href":"https:\/\/snejbjergsgi.dk\/handbold\/wp-json\/wp\/v2\/comments?post=129"}],"version-history":[{"count":1,"href":"https:\/\/snejbjergsgi.dk\/handbold\/wp-json\/wp\/v2\/pages\/129\/revisions"}],"predecessor-version":[{"id":130,"href":"https:\/\/snejbjergsgi.dk\/handbold\/wp-json\/wp\/v2\/pages\/129\/revisions\/130"}],"up":[{"embeddable":true,"href":"https:\/\/snejbjergsgi.dk\/handbold\/wp-json\/wp\/v2\/pages\/94"}],"wp:attachment":[{"href":"https:\/\/snejbjergsgi.dk\/handbold\/wp-json\/wp\/v2\/media?parent=129"}],"curies":[{"name":"wp","href":"https:\/\/api.w.org\/{rel}","templated":true}]}}