{"id":121,"date":"2018-08-15T21:00:04","date_gmt":"2018-08-15T21:00:04","guid":{"rendered":"http:\/\/2018.snejbjergsgi.dk\/handbold\/?page_id=121"},"modified":"2018-08-15T21:01:26","modified_gmt":"2018-08-15T21:01:26","slug":"boerneattester","status":"publish","type":"page","link":"https:\/\/snejbjergsgi.dk\/handbold\/praktisk-info\/oevrige-informationer\/boerneattester\/","title":{"rendered":"B\u00f8rneattester"},"content":{"rendered":"<p>Overgreb mod b\u00f8rn v\u00e6kker voldsomme f\u00f8lelser hos os alle. F\u00f8lelser som afsky, had og afmagt. Samtidig kan den offentlige opm\u00e6rksomhed omkring overgreb i idr\u00e6tslivet rokke ved den tillid, som for\u00e6ldre og b\u00f8rn skal have til idr\u00e6tslivet. Konkrete sager kan ogs\u00e5 rokke ved vor tillid til hinanden som idr\u00e6ts-kolleger.<\/p>\n<p>Overgreb m\u00e5 ikke finde sted! Alle har ansvar for at beskytte vore b\u00f8rn og unge mod seksuelle overgreb. Og Snejbjerg H\u00e5ndbold har et ansvar for, at vores klub fortsat er det sted, hvor tr\u00e6nere, ledere, b\u00f8rn og unge kan m\u00f8des og opleve sp\u00e6nding, gl\u00e6de og f\u00e6llesskab.<\/p>\n<p>Det er dog ogs\u00e5 vigtigt, at frygten for beskyldninger om seksuelle overgreb ikke f\u00f8rer til, at tr\u00e6nere og ledere ikke t\u00f8r r\u00f8re b\u00f8rnene. Tr\u00e6neren er rollemodel for b\u00f8rnene. Autoritet og forbillede p\u00e5 samme tid. Det er derfor utrolig vigtigt, at tr\u00e6neren er bevidst om sin rolle.<\/p>\n<p>At klubben er opm\u00e6rksom p\u00e5 de roller, deres tr\u00e6nere og ledere varetager \u2013 og ikke mindst den m\u00e5de, de taler og handler p\u00e5 i forhold til b\u00f8rnene.<\/p>\n<p><strong>Snejbjerg H\u00e5ndbolds leveregler &#8230;<\/strong><\/p>\n<p>&#8230; for hvordan vi skal v\u00e6re sammen med b\u00f8rnene i vores klub:<\/p>\n<p>Tr\u00e6nere og ledere af det modsatte k\u00f8n skal holde sig ude fra omkl\u00e6dningsrum under omkl\u00e6dning og bad.<\/p>\n<p>Tr\u00e6nere og ledere skal respektere det enkelte barn\/unges bluf\u00e6rdighed og v\u00e6re bevidste om ikke at uds\u00e6tte dem for seksuelle kr\u00e6nkelser af s\u00e5vel fysisk som ikke-fysisk karakter. Tr\u00e6nere og ledere skal praktisere en omgangstone, som sikrer at ingen uds\u00e6ttes for verbale kr\u00e6nkelser.<\/p>\n<p>Tr\u00e6nere og ledere skal respektere det enkelte barn\/unges gr\u00e6nser for kropskontakt. Kys og ber\u00f8ring af skridt og bryster er aldrig acceptable.<\/p>\n<p>Tr\u00e6nere og ledere m\u00e5 ikke misbruge deres position og erfaring i forhold til b\u00f8rn og unge.<\/p>\n<p>Tr\u00e6nere og ledere skal v\u00e6re bevidste om deres betydning som voksne rollemodeller for b\u00f8rn og unge &#8211; og at de overfor b\u00f8rn og unge repr\u00e6senterer dansk h\u00e5ndbold. Dette sker blandt andet ved at respektere h\u00e5ndboldens v\u00e6rdier, hvor h\u00e5ndbold er kendetegnet som:<\/p>\n<ul>\n<li>Sjovt<\/li>\n<li>Holdspil<\/li>\n<li>Fair play<\/li>\n<li>Respekt<\/li>\n<li>Engagement<\/li>\n<\/ul>\n<p>For\u00e6ldrene skal opfordres til at deltage i b\u00f8rnenes idr\u00e6tsliv. De kender b\u00f8rnene bedre end vi g\u00f8r og er derfor bedre i stand til at opdage, hvis barnet mistrives.<\/p>\n<p>Alle har pligt til at g\u00e5 til et bestyrelsesmedlem, hvis de h\u00f8rer rygter om overgreb eller selv fornemmer, at noget er galt. Bestyrelsen har altid pligt til at tage s\u00e5danne henvendelser alvorligt og reagere hurtigt.<\/p>\n<p><strong>Det centrale Kriminalregister<\/strong><\/p>\n<p>Snejbjerg H\u00e5ndbold s\u00f8ger oplysninger i Det centrale Kriminalregister for tr\u00e6nere og ledere, der har en direkte kontakt med b\u00f8rn under 15 \u00e5r gennem en hel s\u00e6son.<\/p>\n<p>Det sker typisk i forbindelse med &#8220;ans\u00e6ttelsen&#8221; og tjekkes l\u00f8bende.<\/p>\n<p><strong>Danmarks Idr\u00e6ts-Forbund<\/strong><\/p>\n<p>Snejbjerg H\u00e5ndbold er underlagt de retningslinier, der udsendes fra Danmarks Idr\u00e6ts-Forbund (DIF). Snejbjerg H\u00e5ndbold vil h\u00e5ndtere en givent tilf\u00e6lde i samr\u00e5d med F\u00e6llesforeningen for Snejbjerg SG&amp;I.<\/p>\n<p>&nbsp;<\/p>\n<p>&nbsp;<\/p>\n","protected":false},"excerpt":{"rendered":"<p>Overgreb mod b\u00f8rn v\u00e6kker voldsomme f\u00f8lelser hos os alle. F\u00f8lelser som afsky, had og afmagt. Samtidig kan den offentlige opm\u00e6rksomhed omkring overgreb i idr\u00e6tslivet rokke ved den tillid, som for\u00e6ldre og b\u00f8rn skal have til idr\u00e6tslivet. Konkrete sager kan ogs\u00e5 rokke ved vor tillid til hinanden som idr\u00e6ts-kolleger. Overgreb m\u00e5 ikke finde sted! Alle har [&hellip;]<\/p>\n","protected":false},"author":13,"featured_media":0,"parent":94,"menu_order":0,"comment_status":"closed","ping_status":"closed","template":"","meta":{"footnotes":""},"class_list":["post-121","page","type-page","status-publish","hentry","post"],"_links":{"self":[{"href":"https:\/\/snejbjergsgi.dk\/handbold\/wp-json\/wp\/v2\/pages\/121","targetHints":{"allow":["GET"]}}],"collection":[{"href":"https:\/\/snejbjergsgi.dk\/handbold\/wp-json\/wp\/v2\/pages"}],"about":[{"href":"https:\/\/snejbjergsgi.dk\/handbold\/wp-json\/wp\/v2\/types\/page"}],"author":[{"embeddable":true,"href":"https:\/\/snejbjergsgi.dk\/handbold\/wp-json\/wp\/v2\/users\/13"}],"replies":[{"embeddable":true,"href":"https:\/\/snejbjergsgi.dk\/handbold\/wp-json\/wp\/v2\/comments?post=121"}],"version-history":[{"count":2,"href":"https:\/\/snejbjergsgi.dk\/handbold\/wp-json\/wp\/v2\/pages\/121\/revisions"}],"predecessor-version":[{"id":125,"href":"https:\/\/snejbjergsgi.dk\/handbold\/wp-json\/wp\/v2\/pages\/121\/revisions\/125"}],"up":[{"embeddable":true,"href":"https:\/\/snejbjergsgi.dk\/handbold\/wp-json\/wp\/v2\/pages\/94"}],"wp:attachment":[{"href":"https:\/\/snejbjergsgi.dk\/handbold\/wp-json\/wp\/v2\/media?parent=121"}],"curies":[{"name":"wp","href":"https:\/\/api.w.org\/{rel}","templated":true}]}}