{"id":118,"date":"2018-08-15T20:59:16","date_gmt":"2018-08-15T20:59:16","guid":{"rendered":"http:\/\/2018.snejbjergsgi.dk\/handbold\/?page_id=118"},"modified":"2018-08-15T21:01:35","modified_gmt":"2018-08-15T21:01:35","slug":"billeder-og-fotografering","status":"publish","type":"page","link":"https:\/\/snejbjergsgi.dk\/handbold\/praktisk-info\/oevrige-informationer\/billeder-og-fotografering\/","title":{"rendered":"Billeder og fotografering"},"content":{"rendered":"<p>P\u00e5 hjemmesiden vil du kunne se billeder fra kampe, tr\u00e6ninger, sociale aktivieter og andre events afholdt i regi af Snejbjerg H\u00e5ndbold.<\/p>\n<p>Alle aktiviteter i Snejbjerg H\u00e5ndbold er\u00a0offentlige tilg\u00e6ngelige, hvorfra\u00a0der\u00a0derfor m\u00e5 fotograferes.<\/p>\n<p>I den forbindelse vil Datatilsynets retningslinier for offentligg\u00f8relse af billeder p\u00e5 internettet naturligvis blive fulgt.<\/p>\n<p>P\u00e5 Datatilsynets hjemmeside &#8211; <a href=\"http:\/\/www.datatilsynet.dk\" target=\"_blank\" rel=\"noopener\">http:\/\/www.datatilsynet.dk<\/a>&#8211; findes retningslinierne.<\/p>\n<p><img loading=\"lazy\" decoding=\"async\" class=\"alignnone size-full wp-image-119\" src=\"http:\/\/2018.snejbjergsgi.dk\/handbold\/wp-content\/uploads\/sites\/9\/2018\/08\/datatilsyn.jpg\" alt=\"\" width=\"227\" height=\"63\" \/><\/p>\n<p>&nbsp;<\/p>\n","protected":false},"excerpt":{"rendered":"<p>P\u00e5 hjemmesiden vil du kunne se billeder fra kampe, tr\u00e6ninger, sociale aktivieter og andre events afholdt i regi af Snejbjerg H\u00e5ndbold. Alle aktiviteter i Snejbjerg H\u00e5ndbold er\u00a0offentlige tilg\u00e6ngelige, hvorfra\u00a0der\u00a0derfor m\u00e5 fotograferes. I den forbindelse vil Datatilsynets retningslinier for offentligg\u00f8relse af billeder p\u00e5 internettet naturligvis blive fulgt. P\u00e5 Datatilsynets hjemmeside &#8211; http:\/\/www.datatilsynet.dk&#8211; findes retningslinierne. &nbsp;<\/p>\n","protected":false},"author":13,"featured_media":0,"parent":94,"menu_order":0,"comment_status":"closed","ping_status":"closed","template":"","meta":{"footnotes":""},"class_list":["post-118","page","type-page","status-publish","hentry","post"],"_links":{"self":[{"href":"https:\/\/snejbjergsgi.dk\/handbold\/wp-json\/wp\/v2\/pages\/118","targetHints":{"allow":["GET"]}}],"collection":[{"href":"https:\/\/snejbjergsgi.dk\/handbold\/wp-json\/wp\/v2\/pages"}],"about":[{"href":"https:\/\/snejbjergsgi.dk\/handbold\/wp-json\/wp\/v2\/types\/page"}],"author":[{"embeddable":true,"href":"https:\/\/snejbjergsgi.dk\/handbold\/wp-json\/wp\/v2\/users\/13"}],"replies":[{"embeddable":true,"href":"https:\/\/snejbjergsgi.dk\/handbold\/wp-json\/wp\/v2\/comments?post=118"}],"version-history":[{"count":2,"href":"https:\/\/snejbjergsgi.dk\/handbold\/wp-json\/wp\/v2\/pages\/118\/revisions"}],"predecessor-version":[{"id":126,"href":"https:\/\/snejbjergsgi.dk\/handbold\/wp-json\/wp\/v2\/pages\/118\/revisions\/126"}],"up":[{"embeddable":true,"href":"https:\/\/snejbjergsgi.dk\/handbold\/wp-json\/wp\/v2\/pages\/94"}],"wp:attachment":[{"href":"https:\/\/snejbjergsgi.dk\/handbold\/wp-json\/wp\/v2\/media?parent=118"}],"curies":[{"name":"wp","href":"https:\/\/api.w.org\/{rel}","templated":true}]}}