{"id":63,"date":"2018-06-28T16:16:51","date_gmt":"2018-06-28T16:16:51","guid":{"rendered":"http:\/\/2018.snejbjergsgi.dk\/gymnastik\/?page_id=63"},"modified":"2023-10-10T15:41:22","modified_gmt":"2023-10-10T15:41:22","slug":"online-tilmelding","status":"publish","type":"page","link":"https:\/\/snejbjergsgi.dk\/gymnastik\/tilmelding\/online-tilmelding\/","title":{"rendered":"Online tilmelding"},"content":{"rendered":"<p>Har du sp\u00f8rgsm\u00e5l i forbindelse med tilmelding kontakt da Anja Storgaard fra bestyrelsen p\u00e5 27216793.<\/p>\n<p>Ved tilmelding accepterer du samtidig, at der tages foto p\u00e5 holdet, som bruges p\u00e5 hjemmesiden, facebook og i Sportsnyt.<\/p>\n<p>Er du nyt medlem, kan du oprette dig f\u00f8r tilmelding ved at trykke <a href=\"https:\/\/www.conventus.dk\/dataudv\/www\/new_tilmelding.php?foreningsid=77&amp;gruppe=807260&amp;skjul_nyt_medlem=0&amp;skjul_allerede_medlem=1\" target=\"_blank\" rel=\"noopener\">her<\/a><\/p>\n<p><strong>Venteliste.<\/strong><br \/>\nBliver et hold med begr\u00e6nset pladser fyldt, kan du tilmelde dig p\u00e5 holdets venteliste. Det er gratis. Bliver der en plads ledig, f\u00e5r du besked pr. mail, SMS og har 24 timer til at betale for pladsen, inden den automatisk g\u00e5r videre til den n\u00e6ste p\u00e5 listen.<br \/>\nFortvivl ikke: Alle tilmeldes automatisk venteliste fra start og i takt med at tilmeldingerne udfyldes, tildeles pladserne..<\/p>\n<p><strong>Fortrydelsesret. <\/strong><br \/>\nSnejbjerg gymnastikforening yder 4 ugers fortrydelsesret regnet fra f\u00f8rste tr\u00e6ningsdag (denne inkl.) Har vi ikke h\u00f8rt fra dig skriftligt senest 4 uger fra f\u00f8rste tr\u00e6ningsdag (denne inkl.), refunderes kontingentet ikke.<br \/>\nStarter man senere p\u00e5 s\u00e6sonen end ved f\u00f8rste tr\u00e6ningsdag, er det 4 uger g\u00e6ldende fra den f\u00f8rste tr\u00e6ningsdag efter tilmelding.<\/p>\n<p>&nbsp;<\/p>\n\n<p>&nbsp;<\/p>\n","protected":false},"excerpt":{"rendered":"<p>Har du sp\u00f8rgsm\u00e5l i forbindelse med tilmelding kontakt da Anja Storgaard fra bestyrelsen p\u00e5 27216793. Ved tilmelding accepterer du samtidig, at der tages foto p\u00e5 holdet, som bruges p\u00e5 hjemmesiden, facebook og i Sportsnyt. Er du nyt medlem, kan du oprette dig f\u00f8r tilmelding ved at trykke her Venteliste. Bliver et hold med begr\u00e6nset pladser [&hellip;]<\/p>\n","protected":false},"author":4,"featured_media":0,"parent":15,"menu_order":0,"comment_status":"closed","ping_status":"closed","template":"","meta":{"footnotes":""},"class_list":["post-63","page","type-page","status-publish","hentry","post"],"_links":{"self":[{"href":"https:\/\/snejbjergsgi.dk\/gymnastik\/wp-json\/wp\/v2\/pages\/63","targetHints":{"allow":["GET"]}}],"collection":[{"href":"https:\/\/snejbjergsgi.dk\/gymnastik\/wp-json\/wp\/v2\/pages"}],"about":[{"href":"https:\/\/snejbjergsgi.dk\/gymnastik\/wp-json\/wp\/v2\/types\/page"}],"author":[{"embeddable":true,"href":"https:\/\/snejbjergsgi.dk\/gymnastik\/wp-json\/wp\/v2\/users\/4"}],"replies":[{"embeddable":true,"href":"https:\/\/snejbjergsgi.dk\/gymnastik\/wp-json\/wp\/v2\/comments?post=63"}],"version-history":[{"count":37,"href":"https:\/\/snejbjergsgi.dk\/gymnastik\/wp-json\/wp\/v2\/pages\/63\/revisions"}],"predecessor-version":[{"id":804,"href":"https:\/\/snejbjergsgi.dk\/gymnastik\/wp-json\/wp\/v2\/pages\/63\/revisions\/804"}],"up":[{"embeddable":true,"href":"https:\/\/snejbjergsgi.dk\/gymnastik\/wp-json\/wp\/v2\/pages\/15"}],"wp:attachment":[{"href":"https:\/\/snejbjergsgi.dk\/gymnastik\/wp-json\/wp\/v2\/media?parent=63"}],"curies":[{"name":"wp","href":"https:\/\/api.w.org\/{rel}","templated":true}]}}