{"id":15,"date":"2018-05-30T20:01:20","date_gmt":"2018-05-30T20:01:20","guid":{"rendered":"http:\/\/2018.snejbjergsgi.dk\/gymnastik\/?page_id=15"},"modified":"2023-10-10T15:41:00","modified_gmt":"2023-10-10T15:41:00","slug":"tilmelding","status":"publish","type":"page","link":"https:\/\/snejbjergsgi.dk\/gymnastik\/tilmelding\/","title":{"rendered":"Tilmelding"},"content":{"rendered":"<p>Har du sp\u00f8rgsm\u00e5l i forbindelse med tilmelding kontakt da Anja Storgaard fra bestyrelsen p\u00e5 27216793.<\/p>\n<p>Ved tilmelding accepterer du samtidig, at der tages foto p\u00e5 holdet, som bruges p\u00e5 hjemmesiden, facebook og i Sportsnyt.<\/p>\n\n","protected":false},"excerpt":{"rendered":"<p>Har du sp\u00f8rgsm\u00e5l i forbindelse med tilmelding kontakt da Anja Storgaard fra bestyrelsen p\u00e5 27216793. Ved tilmelding accepterer du samtidig, at der tages foto p\u00e5 holdet, som bruges p\u00e5 hjemmesiden, facebook og i Sportsnyt.<\/p>\n","protected":false},"author":2,"featured_media":0,"parent":0,"menu_order":0,"comment_status":"closed","ping_status":"closed","template":"","meta":{"footnotes":""},"class_list":["post-15","page","type-page","status-publish","hentry","post"],"_links":{"self":[{"href":"https:\/\/snejbjergsgi.dk\/gymnastik\/wp-json\/wp\/v2\/pages\/15","targetHints":{"allow":["GET"]}}],"collection":[{"href":"https:\/\/snejbjergsgi.dk\/gymnastik\/wp-json\/wp\/v2\/pages"}],"about":[{"href":"https:\/\/snejbjergsgi.dk\/gymnastik\/wp-json\/wp\/v2\/types\/page"}],"author":[{"embeddable":true,"href":"https:\/\/snejbjergsgi.dk\/gymnastik\/wp-json\/wp\/v2\/users\/2"}],"replies":[{"embeddable":true,"href":"https:\/\/snejbjergsgi.dk\/gymnastik\/wp-json\/wp\/v2\/comments?post=15"}],"version-history":[{"count":15,"href":"https:\/\/snejbjergsgi.dk\/gymnastik\/wp-json\/wp\/v2\/pages\/15\/revisions"}],"predecessor-version":[{"id":803,"href":"https:\/\/snejbjergsgi.dk\/gymnastik\/wp-json\/wp\/v2\/pages\/15\/revisions\/803"}],"wp:attachment":[{"href":"https:\/\/snejbjergsgi.dk\/gymnastik\/wp-json\/wp\/v2\/media?parent=15"}],"curies":[{"name":"wp","href":"https:\/\/api.w.org\/{rel}","templated":true}]}}