{"id":9,"date":"2018-05-29T20:23:12","date_gmt":"2018-05-29T20:23:12","guid":{"rendered":"http:\/\/2018.snejbjergsgi.dk\/fodbold\/?page_id=9"},"modified":"2025-03-20T18:49:08","modified_gmt":"2025-03-20T17:49:08","slug":"fodbold","status":"publish","type":"page","link":"https:\/\/snejbjergsgi.dk\/fodbold\/","title":{"rendered":"Fodbold"},"content":{"rendered":"<p style=\"text-align: center\"><b><\/b><strong>Velkommen til Snejbjerg SG&amp;I Fodbold!<\/strong><\/p>\n<p>En fodboldklub med fokus p\u00e5 bredden og socialt samv\u00e6r. I vores klub er der plads til alle \u2013 og vi vil gerne bidrage til en positiv fodboldkultur blandt drenge og piger i alle aldre. Her skal v\u00e6re rart og v\u00e6re for alle \u2013 b\u00e5de spiller, for\u00e6ldre og frivillige. Vi er en bredde klub med ca. 600 medlemmer og over 100 frivillige. Vi er s\u00e5 heldige, at vi kan tilbyde, stort set alle aldersgrupper et fodboldtilbud \u2013 b\u00e5de piger og drenge. Vi har hold fra 3 \u00e5r og helt op til Oldboys 40+<\/p>\n<p>Vi vil gerne dygtigg\u00f8re den enkelte b\u00e5de som fodboldspiller og kammerat. Vores klub skal v\u00e6re et samlingssted, hvor vi gennem leg, l\u00e6ring og fysisk udfoldelse fremmer individets evne til at inkludere og engagere sig socialt.<\/p>\n<hr \/>\n<p>Klubbens tr\u00e6ner og frivillige er engageret og tager ansvar for, at der b\u00e5de er et godt og trygt tr\u00e6ningsmilj\u00f8 samt socialt milj\u00f8, p\u00e5 s\u00e5vel det enkelte hold som i klubben.<\/p>\n<p style=\"text-align: left\">Vi er en FCM samarbejdsklub. Samarbejdet indeholder en masse sportslige tilbud om oplevelser for b\u00f8rn, tr\u00e6nerkurser, FCM fodboldskole og meget mere. Det er op til de enkelte tr\u00e6ner p\u00e5 holdene at vurdere hvad der er relevant for deres hold at deltage i.<\/p>\n<hr \/>\n<p>Vores klub er kun b\u00e5ret p\u00e5 frivillige kr\u00e6fter. I Snejbjerg Fodbold er der over 100 frivillige. St\u00f8rste delen er vores ungdomstr\u00e6ner, men der er ogs\u00e5 kampfordeler, udvalgsmedlemmer, materialemand, kridtmand m.fl.\u00a0 De bidrager uge efter uge med tid, energi og passion for at g\u00f8re en forskel i Snejbjerg Fodbold og ikke mindst for byens b\u00f8rn.<\/p>\n<p>Hvis <strong>DU<\/strong> skulle have tid og lyst til at v\u00e6re frivillig i Snejbjerg Fodbold s\u00e5 kontakt klubbens frivilligkoordinator \u2013 Pernille 20781514 eller <a href=\"mailto:pernilleskjeldsen@gmail.com\">pernilleskjeldsen@gmail.com<\/a><\/p>\n<p>Find ogs\u00e5 Snejbjerg SG&amp;I Fodbold p\u00e5 Facebook:<br \/>\nEn <a href=\"https:\/\/www.facebook.com\/share\/1DxoWt1X9T\/\">\u00e5ben gruppe<\/a> for alle interesserede og en <a href=\"https:\/\/www.facebook.com\/groups\/1654773678091860\/?ref=group_header\" target=\"_blank\" rel=\"noopener noreferrer\">lukket gruppe<\/a> for tr\u00e6nere, hj\u00e6lpetr\u00e6nere og holdledere.<\/p>\n<hr \/>\n<p><strong>En stor tak til vores trofaste sponsorer!<\/strong><br \/>\n\n<table id=\"tablepress-2\" class=\"tablepress tablepress-id-2\">\n<tbody>\n<tr class=\"row-1\">\n\t<td class=\"column-1\">Sportigan<br \/>\n<a href=\"https:\/\/sportigan.dk\/\/\"><img loading=\"lazy\" decoding=\"async\" src=\"https:\/\/snejbjergsgi.dk\/fodbold\/wp-content\/uploads\/sites\/7\/2022\/01\/Sportigan.png\" alt=\"\" width=\"212\" height=\"85\" class=\"alignnone size-full wp-image-99\" \/><\/a><\/td><td class=\"column-2\">Johan B\u00e6kgaard &amp; S\u00f8n<br \/>\n<a href=\"http:\/\/johanbaekgaard-soen.dk\/\"><img loading=\"lazy\" decoding=\"async\" src=\"https:\/\/snejbjergsgi.dk\/fodbold\/wp-content\/uploads\/sites\/7\/2018\/08\/johan-bkgaard-logo.jpg\" alt=\"\" width=\"300\" height=\"108\" class=\"alignnone size-medium wp-image-102\" srcset=\"https:\/\/snejbjergsgi.dk\/fodbold\/wp-content\/uploads\/sites\/7\/2018\/08\/johan-bkgaard-logo.jpg 1422w, https:\/\/snejbjergsgi.dk\/fodbold\/wp-content\/uploads\/sites\/7\/2018\/08\/johan-bkgaard-logo-300x108.jpg 300w, https:\/\/snejbjergsgi.dk\/fodbold\/wp-content\/uploads\/sites\/7\/2018\/08\/johan-bkgaard-logo-768x277.jpg 768w, https:\/\/snejbjergsgi.dk\/fodbold\/wp-content\/uploads\/sites\/7\/2018\/08\/johan-bkgaard-logo-1024x369.jpg 1024w\" sizes=\"auto, (max-width: 300px) 100vw, 300px\" \/><\/a><\/td>\n<\/tr>\n<tr class=\"row-2\">\n\t<td class=\"column-1\">Vestjylland Forsikring <br \/>\n<a href=\"https:\/\/www.vestjylland.dk\/\"><img loading=\"lazy\" decoding=\"async\" src=\"https:\/\/snejbjergsgi.dk\/fodbold\/wp-content\/uploads\/sites\/7\/2018\/08\/Vestjyllands-forsikring-2000x800.jpg\" alt=\"\" width=\"213\" height=\"85\" class=\"alignnone size-full wp-image-100\" \/><\/a><\/td><td class=\"column-2\">Bent Jensen <br \/>\n<a href=\"http:\/\/bentjensen.eu\/\"><img loading=\"lazy\" decoding=\"async\" src=\"https:\/\/snejbjergsgi.dk\/fodbold\/wp-content\/uploads\/sites\/7\/2018\/08\/bent-jensen_logo.jpg\" alt=\"\" width=\"300\" height=\"68\" class=\"alignnone size-medium wp-image-101\" srcset=\"https:\/\/snejbjergsgi.dk\/fodbold\/wp-content\/uploads\/sites\/7\/2018\/08\/bent-jensen_logo.jpg 1493w, https:\/\/snejbjergsgi.dk\/fodbold\/wp-content\/uploads\/sites\/7\/2018\/08\/bent-jensen_logo-300x68.jpg 300w, https:\/\/snejbjergsgi.dk\/fodbold\/wp-content\/uploads\/sites\/7\/2018\/08\/bent-jensen_logo-768x174.jpg 768w, https:\/\/snejbjergsgi.dk\/fodbold\/wp-content\/uploads\/sites\/7\/2018\/08\/bent-jensen_logo-1024x232.jpg 1024w\" sizes=\"auto, (max-width: 300px) 100vw, 300px\" \/><\/a><\/td>\n<\/tr>\n<tr class=\"row-3\">\n\t<td class=\"column-1\">VA Energi &amp; Hobby<br \/>\n<a href=\"http:\/\/www.energioghobby.dk\/\"><img loading=\"lazy\" decoding=\"async\" src=\"https:\/\/snejbjergsgi.dk\/fodbold\/wp-content\/uploads\/sites\/7\/2018\/08\/VA-Energi-Hobby-Bandereklame-2000x800.jpg\" alt=\"\" width=\"212\" height=\"85\" class=\"alignnone size-full wp-image-99\" \/><\/a><\/td><td class=\"column-2\">Langkj\u00e6r Staalbyg<br \/>\n<a href=\"http:\/\/staalbyg.dk\/\"><img loading=\"lazy\" decoding=\"async\" src=\"https:\/\/snejbjergsgi.dk\/fodbold\/wp-content\/uploads\/sites\/7\/2018\/08\/langkjr-logo-navn-adr.jpg\" alt=\"\" width=\"300\" height=\"63\" class=\"alignnone size-medium wp-image-103\" srcset=\"https:\/\/snejbjergsgi.dk\/fodbold\/wp-content\/uploads\/sites\/7\/2018\/08\/langkjr-logo-navn-adr.jpg 1047w, https:\/\/snejbjergsgi.dk\/fodbold\/wp-content\/uploads\/sites\/7\/2018\/08\/langkjr-logo-navn-adr-300x63.jpg 300w, https:\/\/snejbjergsgi.dk\/fodbold\/wp-content\/uploads\/sites\/7\/2018\/08\/langkjr-logo-navn-adr-768x161.jpg 768w, https:\/\/snejbjergsgi.dk\/fodbold\/wp-content\/uploads\/sites\/7\/2018\/08\/langkjr-logo-navn-adr-1024x214.jpg 1024w\" sizes=\"auto, (max-width: 300px) 100vw, 300px\" \/><\/a><\/td>\n<\/tr>\n<tr class=\"row-4\">\n\t<td class=\"column-1\">Arne Jensen<br \/>\n<a href=\"https:\/\/www.xn--arnetmrer-p8a.dk\/\"><img loading=\"lazy\" decoding=\"async\" src=\"https:\/\/snejbjergsgi.dk\/fodbold\/wp-content\/uploads\/sites\/7\/2022\/11\/Arne-Jensen.png\" alt=\"\" width=\"270\" height=\"107\" class=\"alignnone size-full wp-image-585\" srcset=\"https:\/\/snejbjergsgi.dk\/fodbold\/wp-content\/uploads\/sites\/7\/2022\/11\/Arne-Jensen.png 540w, https:\/\/snejbjergsgi.dk\/fodbold\/wp-content\/uploads\/sites\/7\/2022\/11\/Arne-Jensen-300x119.png 300w\" sizes=\"auto, (max-width: 270px) 100vw, 270px\" \/><\/a><\/td><td class=\"column-2\">Sparekassen Thy<br \/>\n<a href=\"https:\/\/www.sparthy.dk\/\"><img loading=\"lazy\" decoding=\"async\" src=\"https:\/\/snejbjergsgi.dk\/fodbold\/wp-content\/uploads\/sites\/7\/2022\/11\/Sparekassen-Thy-En-linje-scaled.jpg\" alt=\"\" width=\"300\" height=\"125\" class=\"alignnone size-full wp-image-583\" \/><\/a><\/td>\n<\/tr>\n<tr class=\"row-5\">\n\t<td class=\"column-1\">Anton Christensen<br \/>\n<a href=\"https:\/\/antonchristensen.dk\/\"><img loading=\"lazy\" decoding=\"async\" src=\"https:\/\/snejbjergsgi.dk\/fodbold\/wp-content\/uploads\/sites\/7\/2022\/11\/AC-Logo-fil-PNG-Tekst.png\" alt=\"\" width=\"300\" height=\"80\" class=\"alignnone size-full wp-image-584\" \/><\/a><\/td><td class=\"column-2\">Selmer Transport<br \/>\n<a href=\"https:\/\/selmertransport.dk\/\"><img loading=\"lazy\" decoding=\"async\" src=\"https:\/\/snejbjergsgi.dk\/fodbold\/wp-content\/uploads\/sites\/7\/2022\/11\/Selmer.png\" alt=\"\" width=\"300\" height=\"66\" class=\"alignnone size-full wp-image-581\" \/><\/a><\/td>\n<\/tr>\n<tr class=\"row-6\">\n\t<td class=\"column-1\">Snejbjerg Fitness<br \/>\n<a href=\"https:\/\/snejbjergsgi.dk\/fitness\/\"><img loading=\"lazy\" decoding=\"async\" src=\"https:\/\/snejbjergsgi.dk\/fodbold\/wp-content\/uploads\/sites\/7\/2022\/11\/Snejbjerg_Fitness.png\" alt=\"\" width=\"300\" height=\"120\" class=\"alignnone size-full wp-image-582\" srcset=\"https:\/\/snejbjergsgi.dk\/fodbold\/wp-content\/uploads\/sites\/7\/2022\/11\/Snejbjerg_Fitness.png 541w, https:\/\/snejbjergsgi.dk\/fodbold\/wp-content\/uploads\/sites\/7\/2022\/11\/Snejbjerg_Fitness-300x119.png 300w\" sizes=\"auto, (max-width: 300px) 100vw, 300px\" \/><\/a><\/td><td class=\"column-2\">Ringkj\u00f8bing Landbobank<br \/>\n<a href=\"https:\/\/www.landbobanken.dk\/\"><img loading=\"lazy\" decoding=\"async\" src=\"https:\/\/snejbjergsgi.dk\/fodbold\/wp-content\/uploads\/sites\/7\/2022\/11\/RL.png\" alt=\"\" width=\"250\" height=\"100\" class=\"alignnone size-full wp-image-580\" \/><\/a><\/td>\n<\/tr>\n<tr class=\"row-7\">\n\t<td class=\"column-1\">Snejbjerg Murerforretning<br \/>\n<a href=\"https:\/\/maxmurer.wordpress.com\/\"><img loading=\"lazy\" decoding=\"async\" src=\"https:\/\/snejbjergsgi.dk\/fodbold\/wp-content\/uploads\/sites\/7\/2022\/11\/Max_murer.png\" alt=\"\" width=\"300\" height=\"126\" class=\"alignnone size-full wp-image-579\" \/><\/a><\/td><td class=\"column-2\">Malericentralen<br \/>\n<a href=\"https:\/\/www.malericentralen.dk\/\"><img loading=\"lazy\" decoding=\"async\" src=\"https:\/\/snejbjergsgi.dk\/fodbold\/wp-content\/uploads\/sites\/7\/2022\/11\/Malericentralen.png\" alt=\"\" width=\"300\" height=\"152\" class=\"alignnone size-full wp-image-578\" \/><\/a><\/td>\n<\/tr>\n<tr class=\"row-8\">\n\t<td class=\"column-1\">JN Spedition<br \/>\n<a href=\"https:\/\/www.jn-spedition.dk\/\"><img loading=\"lazy\" decoding=\"async\" src=\"https:\/\/snejbjergsgi.dk\/fodbold\/wp-content\/uploads\/sites\/7\/2022\/11\/JN.png\" alt=\"\" width=\"300\" height=\"140\" class=\"alignnone size-full wp-image-577\" \/><\/a><\/td><td class=\"column-2\">HV Transport<br \/>\n<a href=\"https:\/\/hv-transport.dk\"><img loading=\"lazy\" decoding=\"async\" src=\"https:\/\/snejbjergsgi.dk\/fodbold\/wp-content\/uploads\/sites\/7\/2022\/11\/HV.png\" alt=\"\" width=\"300\" height=\"140\" class=\"alignnone size-full wp-image-576\" \/><\/a><\/td>\n<\/tr>\n<tr class=\"row-9\">\n\t<td class=\"column-1\">HTH<br \/>\n<a href=\"https:\/\/www.hth.dk\/\"><img loading=\"lazy\" decoding=\"async\" src=\"https:\/\/snejbjergsgi.dk\/fodbold\/wp-content\/uploads\/sites\/7\/2022\/11\/HTH_logo_2022_RGB.png\" alt=\"\" width=\"150\" height=\"132\" class=\"alignnone size-full wp-image-575\" \/><\/a><\/td><td class=\"column-2\">Hammerum St\u00e5lbyg<br \/>\n<a href=\"https:\/\/hammerumstaalbyg.dk\/\"><img loading=\"lazy\" decoding=\"async\" src=\"https:\/\/snejbjergsgi.dk\/fodbold\/wp-content\/uploads\/sites\/7\/2022\/11\/HS.png\" alt=\"\" width=\"300\" height=\"120\" class=\"alignnone size-full wp-image-574\" \/><\/a><\/td>\n<\/tr>\n<tr class=\"row-10\">\n\t<td class=\"column-1\">Gartnerhallen<br \/>\n<a href=\"https:\/\/www.gartnerhal.dk\/\"><img loading=\"lazy\" decoding=\"async\" src=\"https:\/\/snejbjergsgi.dk\/fodbold\/wp-content\/uploads\/sites\/7\/2022\/11\/Gartnerhallen.png\" alt=\"\" width=\"300\" height=\"68\" class=\"alignnone size-full wp-image-571\" srcset=\"https:\/\/snejbjergsgi.dk\/fodbold\/wp-content\/uploads\/sites\/7\/2022\/11\/Gartnerhallen.png 556w, https:\/\/snejbjergsgi.dk\/fodbold\/wp-content\/uploads\/sites\/7\/2022\/11\/Gartnerhallen-300x69.png 300w\" sizes=\"auto, (max-width: 300px) 100vw, 300px\" \/><\/a><\/td><td class=\"column-2\">Gustav H Christensen<br \/>\n<a href=\"https:\/\/ghc1.dk\/\"><img loading=\"lazy\" decoding=\"async\" src=\"https:\/\/snejbjergsgi.dk\/fodbold\/wp-content\/uploads\/sites\/7\/2022\/11\/GC.png\" alt=\"\" width=\"300\" height=\"130\" class=\"alignnone size-full wp-image-572\" \/><\/a><\/td>\n<\/tr>\n<tr class=\"row-11\">\n\t<td class=\"column-1\">Handelsbanken<br \/>\n<a href=\"https:\/\/www.handelsbanken.dk\/da\/\"><img loading=\"lazy\" decoding=\"async\" src=\"https:\/\/snejbjergsgi.dk\/fodbold\/wp-content\/uploads\/sites\/7\/2022\/11\/Handelsbanken.png\" alt=\"\" width=\"300\" height=\"50\" class=\"alignnone size-full wp-image-573\" \/><\/a><\/td><td class=\"column-2\">Dana Vinduer<br \/>\n<a href=\"http:\/\/dana-vinduer.dk\"><img loading=\"lazy\" decoding=\"async\" src=\"https:\/\/snejbjergsgi.dk\/fodbold\/wp-content\/uploads\/sites\/7\/2022\/11\/DANA_vinduer.png\" alt=\"\" width=\"300\" height=\"90\" class=\"alignnone size-full wp-image-569\" \/><\/a><\/td>\n<\/tr>\n<tr class=\"row-12\">\n\t<td class=\"column-1\">CBRE<br \/>\n<a href=\"https:\/\/www.cbre.dk\/\"><img loading=\"lazy\" decoding=\"async\" src=\"https:\/\/snejbjergsgi.dk\/fodbold\/wp-content\/uploads\/sites\/7\/2022\/11\/CBRE.png\" alt=\"\" width=\"300\" height=\"38\" class=\"alignnone size-full wp-image-568\" \/><\/a><\/td><td class=\"column-2\">Anetto<br \/>\n<a href=\"https:\/\/aunetto.dk\/\"><img loading=\"lazy\" decoding=\"async\" src=\"https:\/\/snejbjergsgi.dk\/fodbold\/wp-content\/uploads\/sites\/7\/2022\/11\/Aunetto.png\" alt=\"\" width=\"300\" height=\"52\" class=\"alignnone size-full wp-image-561\" \/><\/a><\/td>\n<\/tr>\n<tr class=\"row-13\">\n\t<td class=\"column-1\">BSSM<br \/>\n<a href=\"https:\/\/bssm.dk\/\"><img loading=\"lazy\" decoding=\"async\" src=\"https:\/\/snejbjergsgi.dk\/fodbold\/wp-content\/uploads\/sites\/7\/2022\/11\/BSSM.png\" alt=\"\" width=\"300\" height=\"122\" class=\"alignnone size-full wp-image-567\" \/><\/a><\/td><td class=\"column-2\">Boligcon<br \/>\n<a href=\"https:\/\/www.boligcon.dk\/\"><img loading=\"lazy\" decoding=\"async\" src=\"https:\/\/snejbjergsgi.dk\/fodbold\/wp-content\/uploads\/sites\/7\/2022\/11\/Boligcon.png\" alt=\"\" width=\"300\" height=\"124\" class=\"alignnone size-full wp-image-566\" \/><\/a><\/td>\n<\/tr>\n<tr class=\"row-14\">\n\t<td class=\"column-1\">Birk TeQ<br \/>\n<a href=\"https:\/\/www.birkteq.dk\"><img loading=\"lazy\" decoding=\"async\" src=\"https:\/\/snejbjergsgi.dk\/fodbold\/wp-content\/uploads\/sites\/7\/2022\/11\/BirkteqAS-orginal.jpg\" alt=\"\" width=\"300\" height=\"52\" class=\"alignnone size-full wp-image-562\" srcset=\"https:\/\/snejbjergsgi.dk\/fodbold\/wp-content\/uploads\/sites\/7\/2022\/11\/BirkteqAS-orginal.jpg 963w, https:\/\/snejbjergsgi.dk\/fodbold\/wp-content\/uploads\/sites\/7\/2022\/11\/BirkteqAS-orginal-300x51.jpg 300w, https:\/\/snejbjergsgi.dk\/fodbold\/wp-content\/uploads\/sites\/7\/2022\/11\/BirkteqAS-orginal-768x131.jpg 768w, https:\/\/snejbjergsgi.dk\/fodbold\/wp-content\/uploads\/sites\/7\/2022\/11\/BirkteqAS-orginal-960x164.jpg 960w\" sizes=\"auto, (max-width: 300px) 100vw, 300px\" \/><\/a><\/td><td class=\"column-2\">Blicher Revision<br \/>\n<a href=\"https:\/\/blicher.dk\/\"><img loading=\"lazy\" decoding=\"async\" src=\"https:\/\/snejbjergsgi.dk\/fodbold\/wp-content\/uploads\/sites\/7\/2022\/11\/Blicher.png\" alt=\"\" width=\"300\" height=\"142\" class=\"alignnone size-full wp-image-563\" \/><\/a><\/td>\n<\/tr>\n<tr class=\"row-15\">\n\t<td class=\"column-1\">Bo Damgaard - Din Murer<br \/>\n<a href=\"https:\/\/snejbjergsgi.dk\/fodbold\/wp-content\/uploads\/sites\/7\/2022\/11\/Bo_Damgaard_din_murer.png\"><img loading=\"lazy\" decoding=\"async\" src=\"https:\/\/snejbjergsgi.dk\/fodbold\/wp-content\/uploads\/sites\/7\/2022\/11\/Bo_Damgaard_din_murer.png\" alt=\"\" width=\"300\" height=\"50\" class=\"alignnone size-full wp-image-564\" \/><\/a><\/td><td class=\"column-2\">Bogh Skilte<br \/>\n<a href=\"https:\/\/boghskilte.com\/\"><img loading=\"lazy\" decoding=\"async\" src=\"https:\/\/snejbjergsgi.dk\/fodbold\/wp-content\/uploads\/sites\/7\/2022\/11\/Bogh.png\" alt=\"\" width=\"300\" height=\"130\" class=\"alignnone size-full wp-image-565\" \/><\/a><\/td>\n<\/tr>\n<tr class=\"row-16\">\n\t<td class=\"column-1\">Ejner Hessel<br \/>\n<a href=\"https:\/\/www.hessel.dk\/\/\"><img loading=\"lazy\" decoding=\"async\" src=\"https:\/\/snejbjergsgi.dk\/fodbold\/wp-content\/uploads\/sites\/7\/2023\/02\/ejner_hessel.png\" alt=\"\" width=\"300\" height=\"130\" class=\"alignnone size-full wp-image-565\" \/><\/a><\/td><td class=\"column-2\">Logi Trans<br \/>\n<a href=\"https:\/\/logitrans.no\/\"><img loading=\"lazy\" decoding=\"async\" src=\"https:\/\/snejbjergsgi.dk\/fodbold\/wp-content\/uploads\/sites\/7\/2023\/02\/logi_trans.png\" alt=\"\" width=\"300\" height=\"130\" class=\"alignnone size-full wp-image-565\" \/><\/a><\/td>\n<\/tr>\n<tr class=\"row-17\">\n\t<td class=\"column-1\">Rema 1000<br \/>\n<a href=\"https:\/\/rema1000.dk\/\"><img loading=\"lazy\" decoding=\"async\" src=\"https:\/\/snejbjergsgi.dk\/fodbold\/wp-content\/uploads\/sites\/7\/2023\/02\/rema1000.png\" alt=\"\" width=\"300\" height=\"130\" class=\"alignnone size-full wp-image-565\" \/><\/a><\/td><td class=\"column-2\">Sk\u00f8degruppen<br \/>\n<a href=\"https:\/\/www.skodegruppen.dk\/\"><img loading=\"lazy\" decoding=\"async\" src=\"https:\/\/snejbjergsgi.dk\/fodbold\/wp-content\/uploads\/sites\/7\/2023\/02\/Skodegruppen.png\" alt=\"\" width=\"300\" height=\"300\" class=\"alignnone size-full wp-image-565\" \/><\/a><\/td>\n<\/tr>\n<tr class=\"row-18\">\n\t<td class=\"column-1\">Vesterbro Produkthandel<br \/>\n<a href=\"https:\/\/vph.dk\/\"><img loading=\"lazy\" decoding=\"async\" src=\"https:\/\/snejbjergsgi.dk\/fodbold\/wp-content\/uploads\/sites\/7\/2023\/02\/vesterbro_produkt.png\" alt=\"\" width=\"200\" height=\"200\" class=\"alignnone size-full wp-image-565\" \/><\/a><\/td><td class=\"column-2\">Sand Spedition<br \/>\n<a href=\"https:\/\/sandspedition.dk\/\"><img loading=\"lazy\" decoding=\"async\" src=\"https:\/\/snejbjergsgi.dk\/fodbold\/wp-content\/uploads\/sites\/7\/2023\/04\/Sand.png\" alt=\"\" width=\"350\" height=\"250\" class=\"alignnone size-full wp-image-565\" \/><\/a><\/td>\n<\/tr>\n<tr class=\"row-19\">\n\t<td class=\"column-1\">Interfjord<br \/>\n<a href=\"https:\/\/www.interfjord.dk\/\"><img loading=\"lazy\" decoding=\"async\" src=\"https:\/\/snejbjergsgi.dk\/fodbold\/wp-content\/uploads\/sites\/7\/2023\/04\/Interfjord.png\" alt=\"\" width=\"300\" height=\"250\" class=\"alignnone size-full wp-image-565\" \/><\/a><\/td><td class=\"column-2\">Byens K\u00f8reskole<br \/>\n<a href=\"https:\/\/www.byenskoreskole-herning.dk\/\"><img loading=\"lazy\" decoding=\"async\" src=\"https:\/\/snejbjergsgi.dk\/fodbold\/wp-content\/uploads\/sites\/7\/2023\/04\/Byensk.png\" alt=\"\" width=\"280\" height=\"280\" class=\"alignnone size-full wp-image-565\" \/><\/a><\/td>\n<\/tr>\n<tr class=\"row-20\">\n\t<td class=\"column-1\">L\u00e5sekompagniet Herning<br \/>\n<a href=\"https:\/\/www.laasekompagniet.dk\/herning\/\"><img loading=\"lazy\" decoding=\"async\" src=\"https:\/\/snejbjergsgi.dk\/fodbold\/wp-content\/uploads\/sites\/7\/2025\/03\/Laase.png\" alt=\"\" width=\"300\" height=\"250\" class=\"alignnone size-full wp-image-565\" \/><\/a><\/td><td class=\"column-2\"><\/td>\n<\/tr>\n<\/tbody>\n<\/table>\n<!-- #tablepress-2 from cache --><\/p>\n","protected":false},"excerpt":{"rendered":"<p>Velkommen til Snejbjerg SG&amp;I Fodbold! En fodboldklub med fokus p\u00e5 bredden og socialt samv\u00e6r. I vores klub er der plads til alle \u2013 og vi vil gerne bidrage til en positiv fodboldkultur blandt drenge og piger i alle aldre. Her skal v\u00e6re rart og v\u00e6re for alle \u2013 b\u00e5de spiller, for\u00e6ldre og frivillige. Vi er [&hellip;]<\/p>\n","protected":false},"author":2,"featured_media":0,"parent":0,"menu_order":0,"comment_status":"closed","ping_status":"closed","template":"","meta":{"footnotes":""},"class_list":["post-9","page","type-page","status-publish","hentry","post"],"_links":{"self":[{"href":"https:\/\/snejbjergsgi.dk\/fodbold\/wp-json\/wp\/v2\/pages\/9","targetHints":{"allow":["GET"]}}],"collection":[{"href":"https:\/\/snejbjergsgi.dk\/fodbold\/wp-json\/wp\/v2\/pages"}],"about":[{"href":"https:\/\/snejbjergsgi.dk\/fodbold\/wp-json\/wp\/v2\/types\/page"}],"author":[{"embeddable":true,"href":"https:\/\/snejbjergsgi.dk\/fodbold\/wp-json\/wp\/v2\/users\/2"}],"replies":[{"embeddable":true,"href":"https:\/\/snejbjergsgi.dk\/fodbold\/wp-json\/wp\/v2\/comments?post=9"}],"version-history":[{"count":21,"href":"https:\/\/snejbjergsgi.dk\/fodbold\/wp-json\/wp\/v2\/pages\/9\/revisions"}],"predecessor-version":[{"id":825,"href":"https:\/\/snejbjergsgi.dk\/fodbold\/wp-json\/wp\/v2\/pages\/9\/revisions\/825"}],"wp:attachment":[{"href":"https:\/\/snejbjergsgi.dk\/fodbold\/wp-json\/wp\/v2\/media?parent=9"}],"curies":[{"name":"wp","href":"https:\/\/api.w.org\/{rel}","templated":true}]}}