{"id":75,"date":"2018-09-06T19:54:33","date_gmt":"2018-09-06T19:54:33","guid":{"rendered":"http:\/\/2018.snejbjergsgi.dk\/fodbold\/?page_id=75"},"modified":"2024-12-07T13:10:43","modified_gmt":"2024-12-07T12:10:43","slug":"info-til-spillere","status":"publish","type":"page","link":"https:\/\/snejbjergsgi.dk\/fodbold\/praktisk-info\/info-til-spillere\/","title":{"rendered":"Info til spillere"},"content":{"rendered":"<p>Klubben forventer at du som spiller er med til at bidrage til at alle synes det er sjovt at komme til fodbold. I vores klub er der plads til alle og vi har alle sammen et ansvar i at det lykkedes.<\/p>\n<p>Herudover forventer vi at du:<\/p>\n<ul>\n<li>Bidrager med god opf\u00f8rsel, b\u00e5de p\u00e5 og uden for banen \u2013 overfor b\u00e5de med \u2013 og modspillere, tr\u00e6nere, ledere, tilskuere og dommere.<\/li>\n<li>Tager et medansvar for b\u00e5de tr\u00e6ning og kamp. M\u00f8der til tiden og er klar.<\/li>\n<li>I videst muligt omfang m\u00f8der op til tr\u00e6ning og kamp, hvis ikke s\u00e5 meld afbud.<\/li>\n<li>Anvender kampklar (eller dine for\u00e6ldre g\u00f8r, hvis du ikke er gammel nok)<\/li>\n<li>Tager et medansvar for at der skabes et godt klubmilj\u00f8, hvor det er rart at v\u00e6re for alle.<\/li>\n<li>Viser hensyn og respekt for dine tr\u00e6ner og holdkammerater \u2013 og er en god kammerat.<\/li>\n<li>Betale kontingent rettidigt (eller dine for\u00e6ldre g\u00f8r)<\/li>\n<\/ul>\n","protected":false},"excerpt":{"rendered":"<p>Klubben forventer at du som spiller er med til at bidrage til at alle synes det er sjovt at komme til fodbold. I vores klub er der plads til alle og vi har alle sammen et ansvar i at det lykkedes. Herudover forventer vi at du: Bidrager med god opf\u00f8rsel, b\u00e5de p\u00e5 og uden for [&hellip;]<\/p>\n","protected":false},"author":7,"featured_media":0,"parent":15,"menu_order":6,"comment_status":"closed","ping_status":"closed","template":"","meta":{"footnotes":""},"class_list":["post-75","page","type-page","status-publish","hentry","post"],"_links":{"self":[{"href":"https:\/\/snejbjergsgi.dk\/fodbold\/wp-json\/wp\/v2\/pages\/75","targetHints":{"allow":["GET"]}}],"collection":[{"href":"https:\/\/snejbjergsgi.dk\/fodbold\/wp-json\/wp\/v2\/pages"}],"about":[{"href":"https:\/\/snejbjergsgi.dk\/fodbold\/wp-json\/wp\/v2\/types\/page"}],"author":[{"embeddable":true,"href":"https:\/\/snejbjergsgi.dk\/fodbold\/wp-json\/wp\/v2\/users\/7"}],"replies":[{"embeddable":true,"href":"https:\/\/snejbjergsgi.dk\/fodbold\/wp-json\/wp\/v2\/comments?post=75"}],"version-history":[{"count":3,"href":"https:\/\/snejbjergsgi.dk\/fodbold\/wp-json\/wp\/v2\/pages\/75\/revisions"}],"predecessor-version":[{"id":810,"href":"https:\/\/snejbjergsgi.dk\/fodbold\/wp-json\/wp\/v2\/pages\/75\/revisions\/810"}],"up":[{"embeddable":true,"href":"https:\/\/snejbjergsgi.dk\/fodbold\/wp-json\/wp\/v2\/pages\/15"}],"wp:attachment":[{"href":"https:\/\/snejbjergsgi.dk\/fodbold\/wp-json\/wp\/v2\/media?parent=75"}],"curies":[{"name":"wp","href":"https:\/\/api.w.org\/{rel}","templated":true}]}}