{"id":71,"date":"2018-09-06T19:51:48","date_gmt":"2018-09-06T19:51:48","guid":{"rendered":"http:\/\/2018.snejbjergsgi.dk\/fodbold\/?page_id=71"},"modified":"2024-12-07T13:14:36","modified_gmt":"2024-12-07T12:14:36","slug":"information-til-traenere","status":"publish","type":"page","link":"https:\/\/snejbjergsgi.dk\/fodbold\/praktisk-info\/information-til-traenere\/","title":{"rendered":"Info til tr\u00e6nere"},"content":{"rendered":"<p><strong>Info til Tr\u00e6nere \/ Ungdomstr\u00e6ner: <\/strong><\/p>\n<p>Klubben forventer at du som tr\u00e6ner er en god rollemodel, og at du tager ansvar for at l\u00e6re spiller om fairplay, sammenhold og god sportslig opf\u00f8rsel.<\/p>\n<p>Herudover forventer vi at du:<\/p>\n<ul>\n<li>Planl\u00e6gge og gennemf\u00f8re inspirerende og udviklende tr\u00e6ning, hvor der er plads til alle uanset niveau.<\/li>\n<li>Tag ansvar for milj\u00f8et f\u00f8r, under og efter tr\u00e6ning. Der skal v\u00e6re et godt og trygt tr\u00e6ningsmilj\u00f8 samt socialt milj\u00f8 p\u00e5 holdet og i klubben.<\/li>\n<li>Tage med holdet\/holdene til kampe.<\/li>\n<li>Udvise anst\u00e6ndig optr\u00e6den over for s\u00e5vel dommer som modstander og for\u00e6ldre.<\/li>\n<li>Kontakt til for\u00e6ldre \u2013 i forhold til tr\u00e6ning og kampe, men ogs\u00e5 hvis der skulle v\u00e6re konflikter\/problemer med spillerne.<\/li>\n<li>Opbevare og vedligeholde udleverede materialer, samt aflevere materialer efter s\u00e6sonen. Mangles noget i l\u00f8bet af s\u00e6sonen \u2013 henvendelse hos klubbens materialemand.<\/li>\n<li>Medvirke til at holde orden i skuret\/containeren<\/li>\n<li>Kampklar opdateres med tr\u00e6ning og kampe (kan evt. v\u00e6re en opgave for en holdleder)<\/li>\n<\/ul>\n<p><a style=\"font-size: revert\" href=\"https:\/\/snejbjergsgi.dk\/fodbold\/wp-content\/uploads\/sites\/7\/2024\/05\/Traenerguide.pdf\">Udtage hold til kampeTr\u00e6nerguide<\/a><\/p>\n","protected":false},"excerpt":{"rendered":"<p>Info til Tr\u00e6nere \/ Ungdomstr\u00e6ner: Klubben forventer at du som tr\u00e6ner er en god rollemodel, og at du tager ansvar for at l\u00e6re spiller om fairplay, sammenhold og god sportslig opf\u00f8rsel. Herudover forventer vi at du: Planl\u00e6gge og gennemf\u00f8re inspirerende og udviklende tr\u00e6ning, hvor der er plads til alle uanset niveau. Tag ansvar for milj\u00f8et [&hellip;]<\/p>\n","protected":false},"author":7,"featured_media":0,"parent":15,"menu_order":4,"comment_status":"closed","ping_status":"closed","template":"","meta":{"footnotes":""},"class_list":["post-71","page","type-page","status-publish","hentry","post"],"_links":{"self":[{"href":"https:\/\/snejbjergsgi.dk\/fodbold\/wp-json\/wp\/v2\/pages\/71","targetHints":{"allow":["GET"]}}],"collection":[{"href":"https:\/\/snejbjergsgi.dk\/fodbold\/wp-json\/wp\/v2\/pages"}],"about":[{"href":"https:\/\/snejbjergsgi.dk\/fodbold\/wp-json\/wp\/v2\/types\/page"}],"author":[{"embeddable":true,"href":"https:\/\/snejbjergsgi.dk\/fodbold\/wp-json\/wp\/v2\/users\/7"}],"replies":[{"embeddable":true,"href":"https:\/\/snejbjergsgi.dk\/fodbold\/wp-json\/wp\/v2\/comments?post=71"}],"version-history":[{"count":5,"href":"https:\/\/snejbjergsgi.dk\/fodbold\/wp-json\/wp\/v2\/pages\/71\/revisions"}],"predecessor-version":[{"id":813,"href":"https:\/\/snejbjergsgi.dk\/fodbold\/wp-json\/wp\/v2\/pages\/71\/revisions\/813"}],"up":[{"embeddable":true,"href":"https:\/\/snejbjergsgi.dk\/fodbold\/wp-json\/wp\/v2\/pages\/15"}],"wp:attachment":[{"href":"https:\/\/snejbjergsgi.dk\/fodbold\/wp-json\/wp\/v2\/media?parent=71"}],"curies":[{"name":"wp","href":"https:\/\/api.w.org\/{rel}","templated":true}]}}