{"id":53,"date":"2018-08-26T19:26:28","date_gmt":"2018-08-26T19:26:28","guid":{"rendered":"http:\/\/2018.snejbjergsgi.dk\/fodbold\/?page_id=53"},"modified":"2026-04-16T11:20:39","modified_gmt":"2026-04-16T09:20:39","slug":"salg-af-billetter","status":"publish","type":"page","link":"https:\/\/snejbjergsgi.dk\/fodbold\/tilmelding\/salg-af-billetter\/","title":{"rendered":"Salg af billetter"},"content":{"rendered":"\n<p>Her p\u00e5 siden kan du k\u00f8be billetter, n\u00e5r Snejbjerg SG&amp;I Fodbold afholder arrangementer. Virker muligvis kun p\u00e5 mobilen og i Explorer<\/p>\n\n\n\n<p>_________<\/p>\n\n\n\n<p><strong>POKALFINALEN 2026<\/strong><\/p>\n\n\n\n<p>P\u00e5 Kristi Himmelfartsdag d. 14. maj 2026 kl. 17:00&nbsp;m\u00f8der FC Midtjylland &#8211; FC K\u00f8benhavn i Parken i den traditionsrige Pokalfinale.&nbsp;<\/p>\n\n\n\n<p>Har u k\u00f8bt, s\u00e5 f\u00f8lg med p\u00e5 vores facebook side vedr. afgangstider og hjemkomst.<\/p>\n","protected":false},"excerpt":{"rendered":"<p>Her p\u00e5 siden kan du k\u00f8be billetter, n\u00e5r Snejbjerg SG&amp;I Fodbold afholder arrangementer. Virker muligvis kun p\u00e5 mobilen og i Explorer _________ POKALFINALEN 2026 P\u00e5 Kristi Himmelfartsdag d. 14. maj 2026 kl. 17:00&nbsp;m\u00f8der FC Midtjylland &#8211; FC K\u00f8benhavn i Parken i den traditionsrige Pokalfinale.&nbsp; Har u k\u00f8bt, s\u00e5 f\u00f8lg med p\u00e5 vores facebook side vedr. [&hellip;]<\/p>\n","protected":false},"author":7,"featured_media":0,"parent":13,"menu_order":4,"comment_status":"closed","ping_status":"closed","template":"","meta":{"footnotes":""},"class_list":["post-53","page","type-page","status-publish","hentry","post"],"_links":{"self":[{"href":"https:\/\/snejbjergsgi.dk\/fodbold\/wp-json\/wp\/v2\/pages\/53","targetHints":{"allow":["GET"]}}],"collection":[{"href":"https:\/\/snejbjergsgi.dk\/fodbold\/wp-json\/wp\/v2\/pages"}],"about":[{"href":"https:\/\/snejbjergsgi.dk\/fodbold\/wp-json\/wp\/v2\/types\/page"}],"author":[{"embeddable":true,"href":"https:\/\/snejbjergsgi.dk\/fodbold\/wp-json\/wp\/v2\/users\/7"}],"replies":[{"embeddable":true,"href":"https:\/\/snejbjergsgi.dk\/fodbold\/wp-json\/wp\/v2\/comments?post=53"}],"version-history":[{"count":89,"href":"https:\/\/snejbjergsgi.dk\/fodbold\/wp-json\/wp\/v2\/pages\/53\/revisions"}],"predecessor-version":[{"id":920,"href":"https:\/\/snejbjergsgi.dk\/fodbold\/wp-json\/wp\/v2\/pages\/53\/revisions\/920"}],"up":[{"embeddable":true,"href":"https:\/\/snejbjergsgi.dk\/fodbold\/wp-json\/wp\/v2\/pages\/13"}],"wp:attachment":[{"href":"https:\/\/snejbjergsgi.dk\/fodbold\/wp-json\/wp\/v2\/media?parent=53"}],"curies":[{"name":"wp","href":"https:\/\/api.w.org\/{rel}","templated":true}]}}