{"id":17,"date":"2018-05-29T20:25:23","date_gmt":"2018-05-29T20:25:23","guid":{"rendered":"http:\/\/2018.snejbjergsgi.dk\/fodbold\/?page_id=17"},"modified":"2023-02-08T23:06:14","modified_gmt":"2023-02-08T22:06:14","slug":"sponsor","status":"publish","type":"page","link":"https:\/\/snejbjergsgi.dk\/fodbold\/sponsor\/","title":{"rendered":"Sponsor"},"content":{"rendered":"<p>I Snejbjerg SG&amp;I fodbold er vi afh\u00e6ngige at at sposorer st\u00f8tter os, for at vi kan drive en attraktiv fodboldklub.<\/p>\n<p>Vi vil gerne have en klub med et h\u00f8jt aktivitets niveau til gl\u00e6de for vores spillere.<\/p>\n<ul>\n<li>Vi vil gerne tilbyde vores hold nogle gode rammer og dygtige tr\u00e6nere.<\/li>\n<li>Vi vil gerne holde vores kontingent p\u00e5 et niveau, hvor alle kan &#8220;v\u00e6re med&#8221;.<\/li>\n<\/ul>\n<p>Derfor er vi altid interesseret i at tale med mulige sponsorer. Vi har forskellige muligheder for sponsorater:<\/p>\n<ul>\n<li>Reklame p\u00e5 vores spillerdragter.<\/li>\n<li>Bandereklamer p\u00e5 vores stadion.<\/li>\n<\/ul>\n<p>Lejlighedsvis opst\u00e5r der ogs\u00e5 andre muligheder. Tag gerne fat i vores sponsoransvarlige Henrik Abrahamsen (2265 9017), hvis du er eller kender et potentiel sponsoremne.<\/p>\n<p>Vi er stolte af hj\u00e6lpen fra vores sponsorer!<\/p>\n\n<table id=\"tablepress-2\" class=\"tablepress tablepress-id-2\">\n<tbody>\n<tr class=\"row-1\">\n\t<td class=\"column-1\">Sportigan<br \/>\n<a href=\"https:\/\/sportigan.dk\/\/\"><img loading=\"lazy\" decoding=\"async\" src=\"https:\/\/snejbjergsgi.dk\/fodbold\/wp-content\/uploads\/sites\/7\/2022\/01\/Sportigan.png\" alt=\"\" width=\"212\" height=\"85\" class=\"alignnone size-full wp-image-99\" \/><\/a><\/td><td class=\"column-2\">Johan B\u00e6kgaard &amp; S\u00f8n<br \/>\n<a href=\"http:\/\/johanbaekgaard-soen.dk\/\"><img loading=\"lazy\" decoding=\"async\" src=\"https:\/\/snejbjergsgi.dk\/fodbold\/wp-content\/uploads\/sites\/7\/2018\/08\/johan-bkgaard-logo.jpg\" alt=\"\" width=\"300\" height=\"108\" class=\"alignnone size-medium wp-image-102\" srcset=\"https:\/\/snejbjergsgi.dk\/fodbold\/wp-content\/uploads\/sites\/7\/2018\/08\/johan-bkgaard-logo.jpg 1422w, https:\/\/snejbjergsgi.dk\/fodbold\/wp-content\/uploads\/sites\/7\/2018\/08\/johan-bkgaard-logo-300x108.jpg 300w, https:\/\/snejbjergsgi.dk\/fodbold\/wp-content\/uploads\/sites\/7\/2018\/08\/johan-bkgaard-logo-768x277.jpg 768w, https:\/\/snejbjergsgi.dk\/fodbold\/wp-content\/uploads\/sites\/7\/2018\/08\/johan-bkgaard-logo-1024x369.jpg 1024w\" sizes=\"auto, (max-width: 300px) 100vw, 300px\" \/><\/a><\/td>\n<\/tr>\n<tr class=\"row-2\">\n\t<td class=\"column-1\">Vestjylland Forsikring <br \/>\n<a href=\"https:\/\/www.vestjylland.dk\/\"><img loading=\"lazy\" decoding=\"async\" src=\"https:\/\/snejbjergsgi.dk\/fodbold\/wp-content\/uploads\/sites\/7\/2018\/08\/Vestjyllands-forsikring-2000x800.jpg\" alt=\"\" width=\"213\" height=\"85\" class=\"alignnone size-full wp-image-100\" \/><\/a><\/td><td class=\"column-2\">Bent Jensen <br \/>\n<a href=\"http:\/\/bentjensen.eu\/\"><img loading=\"lazy\" decoding=\"async\" src=\"https:\/\/snejbjergsgi.dk\/fodbold\/wp-content\/uploads\/sites\/7\/2018\/08\/bent-jensen_logo.jpg\" alt=\"\" width=\"300\" height=\"68\" class=\"alignnone size-medium wp-image-101\" srcset=\"https:\/\/snejbjergsgi.dk\/fodbold\/wp-content\/uploads\/sites\/7\/2018\/08\/bent-jensen_logo.jpg 1493w, https:\/\/snejbjergsgi.dk\/fodbold\/wp-content\/uploads\/sites\/7\/2018\/08\/bent-jensen_logo-300x68.jpg 300w, https:\/\/snejbjergsgi.dk\/fodbold\/wp-content\/uploads\/sites\/7\/2018\/08\/bent-jensen_logo-768x174.jpg 768w, https:\/\/snejbjergsgi.dk\/fodbold\/wp-content\/uploads\/sites\/7\/2018\/08\/bent-jensen_logo-1024x232.jpg 1024w\" sizes=\"auto, (max-width: 300px) 100vw, 300px\" \/><\/a><\/td>\n<\/tr>\n<tr class=\"row-3\">\n\t<td class=\"column-1\">VA Energi &amp; Hobby<br \/>\n<a href=\"http:\/\/www.energioghobby.dk\/\"><img loading=\"lazy\" decoding=\"async\" src=\"https:\/\/snejbjergsgi.dk\/fodbold\/wp-content\/uploads\/sites\/7\/2018\/08\/VA-Energi-Hobby-Bandereklame-2000x800.jpg\" alt=\"\" width=\"212\" height=\"85\" class=\"alignnone size-full wp-image-99\" \/><\/a><\/td><td class=\"column-2\">Langkj\u00e6r Staalbyg<br \/>\n<a href=\"http:\/\/staalbyg.dk\/\"><img loading=\"lazy\" decoding=\"async\" src=\"https:\/\/snejbjergsgi.dk\/fodbold\/wp-content\/uploads\/sites\/7\/2018\/08\/langkjr-logo-navn-adr.jpg\" alt=\"\" width=\"300\" height=\"63\" class=\"alignnone size-medium wp-image-103\" srcset=\"https:\/\/snejbjergsgi.dk\/fodbold\/wp-content\/uploads\/sites\/7\/2018\/08\/langkjr-logo-navn-adr.jpg 1047w, https:\/\/snejbjergsgi.dk\/fodbold\/wp-content\/uploads\/sites\/7\/2018\/08\/langkjr-logo-navn-adr-300x63.jpg 300w, https:\/\/snejbjergsgi.dk\/fodbold\/wp-content\/uploads\/sites\/7\/2018\/08\/langkjr-logo-navn-adr-768x161.jpg 768w, https:\/\/snejbjergsgi.dk\/fodbold\/wp-content\/uploads\/sites\/7\/2018\/08\/langkjr-logo-navn-adr-1024x214.jpg 1024w\" sizes=\"auto, (max-width: 300px) 100vw, 300px\" \/><\/a><\/td>\n<\/tr>\n<tr class=\"row-4\">\n\t<td class=\"column-1\">Arne Jensen<br \/>\n<a href=\"https:\/\/www.xn--arnetmrer-p8a.dk\/\"><img loading=\"lazy\" decoding=\"async\" src=\"https:\/\/snejbjergsgi.dk\/fodbold\/wp-content\/uploads\/sites\/7\/2022\/11\/Arne-Jensen.png\" alt=\"\" width=\"270\" height=\"107\" class=\"alignnone size-full wp-image-585\" srcset=\"https:\/\/snejbjergsgi.dk\/fodbold\/wp-content\/uploads\/sites\/7\/2022\/11\/Arne-Jensen.png 540w, https:\/\/snejbjergsgi.dk\/fodbold\/wp-content\/uploads\/sites\/7\/2022\/11\/Arne-Jensen-300x119.png 300w\" sizes=\"auto, (max-width: 270px) 100vw, 270px\" \/><\/a><\/td><td class=\"column-2\">Sparekassen Thy<br \/>\n<a href=\"https:\/\/www.sparthy.dk\/\"><img loading=\"lazy\" decoding=\"async\" src=\"https:\/\/snejbjergsgi.dk\/fodbold\/wp-content\/uploads\/sites\/7\/2022\/11\/Sparekassen-Thy-En-linje-scaled.jpg\" alt=\"\" width=\"300\" height=\"125\" class=\"alignnone size-full wp-image-583\" \/><\/a><\/td>\n<\/tr>\n<tr class=\"row-5\">\n\t<td class=\"column-1\">Anton Christensen<br \/>\n<a href=\"https:\/\/antonchristensen.dk\/\"><img loading=\"lazy\" decoding=\"async\" src=\"https:\/\/snejbjergsgi.dk\/fodbold\/wp-content\/uploads\/sites\/7\/2022\/11\/AC-Logo-fil-PNG-Tekst.png\" alt=\"\" width=\"300\" height=\"80\" class=\"alignnone size-full wp-image-584\" \/><\/a><\/td><td class=\"column-2\">Selmer Transport<br \/>\n<a href=\"https:\/\/selmertransport.dk\/\"><img loading=\"lazy\" decoding=\"async\" src=\"https:\/\/snejbjergsgi.dk\/fodbold\/wp-content\/uploads\/sites\/7\/2022\/11\/Selmer.png\" alt=\"\" width=\"300\" height=\"66\" class=\"alignnone size-full wp-image-581\" \/><\/a><\/td>\n<\/tr>\n<tr class=\"row-6\">\n\t<td class=\"column-1\">Snejbjerg Fitness<br \/>\n<a href=\"https:\/\/snejbjergsgi.dk\/fitness\/\"><img loading=\"lazy\" decoding=\"async\" src=\"https:\/\/snejbjergsgi.dk\/fodbold\/wp-content\/uploads\/sites\/7\/2022\/11\/Snejbjerg_Fitness.png\" alt=\"\" width=\"300\" height=\"120\" class=\"alignnone size-full wp-image-582\" srcset=\"https:\/\/snejbjergsgi.dk\/fodbold\/wp-content\/uploads\/sites\/7\/2022\/11\/Snejbjerg_Fitness.png 541w, https:\/\/snejbjergsgi.dk\/fodbold\/wp-content\/uploads\/sites\/7\/2022\/11\/Snejbjerg_Fitness-300x119.png 300w\" sizes=\"auto, (max-width: 300px) 100vw, 300px\" \/><\/a><\/td><td class=\"column-2\">Ringkj\u00f8bing Landbobank<br \/>\n<a href=\"https:\/\/www.landbobanken.dk\/\"><img loading=\"lazy\" decoding=\"async\" src=\"https:\/\/snejbjergsgi.dk\/fodbold\/wp-content\/uploads\/sites\/7\/2022\/11\/RL.png\" alt=\"\" width=\"250\" height=\"100\" class=\"alignnone size-full wp-image-580\" \/><\/a><\/td>\n<\/tr>\n<tr class=\"row-7\">\n\t<td class=\"column-1\">Snejbjerg Murerforretning<br \/>\n<a href=\"https:\/\/maxmurer.wordpress.com\/\"><img loading=\"lazy\" decoding=\"async\" src=\"https:\/\/snejbjergsgi.dk\/fodbold\/wp-content\/uploads\/sites\/7\/2022\/11\/Max_murer.png\" alt=\"\" width=\"300\" height=\"126\" class=\"alignnone size-full wp-image-579\" \/><\/a><\/td><td class=\"column-2\">Malericentralen<br \/>\n<a href=\"https:\/\/www.malericentralen.dk\/\"><img loading=\"lazy\" decoding=\"async\" src=\"https:\/\/snejbjergsgi.dk\/fodbold\/wp-content\/uploads\/sites\/7\/2022\/11\/Malericentralen.png\" alt=\"\" width=\"300\" height=\"152\" class=\"alignnone size-full wp-image-578\" \/><\/a><\/td>\n<\/tr>\n<tr class=\"row-8\">\n\t<td class=\"column-1\">JN Spedition<br \/>\n<a href=\"https:\/\/www.jn-spedition.dk\/\"><img loading=\"lazy\" decoding=\"async\" src=\"https:\/\/snejbjergsgi.dk\/fodbold\/wp-content\/uploads\/sites\/7\/2022\/11\/JN.png\" alt=\"\" width=\"300\" height=\"140\" class=\"alignnone size-full wp-image-577\" \/><\/a><\/td><td class=\"column-2\">HV Transport<br \/>\n<a href=\"https:\/\/hv-transport.dk\"><img loading=\"lazy\" decoding=\"async\" src=\"https:\/\/snejbjergsgi.dk\/fodbold\/wp-content\/uploads\/sites\/7\/2022\/11\/HV.png\" alt=\"\" width=\"300\" height=\"140\" class=\"alignnone size-full wp-image-576\" \/><\/a><\/td>\n<\/tr>\n<tr class=\"row-9\">\n\t<td class=\"column-1\">HTH<br \/>\n<a href=\"https:\/\/www.hth.dk\/\"><img loading=\"lazy\" decoding=\"async\" src=\"https:\/\/snejbjergsgi.dk\/fodbold\/wp-content\/uploads\/sites\/7\/2022\/11\/HTH_logo_2022_RGB.png\" alt=\"\" width=\"150\" height=\"132\" class=\"alignnone size-full wp-image-575\" \/><\/a><\/td><td class=\"column-2\">Hammerum St\u00e5lbyg<br \/>\n<a href=\"https:\/\/hammerumstaalbyg.dk\/\"><img loading=\"lazy\" decoding=\"async\" src=\"https:\/\/snejbjergsgi.dk\/fodbold\/wp-content\/uploads\/sites\/7\/2022\/11\/HS.png\" alt=\"\" width=\"300\" height=\"120\" class=\"alignnone size-full wp-image-574\" \/><\/a><\/td>\n<\/tr>\n<tr class=\"row-10\">\n\t<td class=\"column-1\">Gartnerhallen<br \/>\n<a href=\"https:\/\/www.gartnerhal.dk\/\"><img loading=\"lazy\" decoding=\"async\" src=\"https:\/\/snejbjergsgi.dk\/fodbold\/wp-content\/uploads\/sites\/7\/2022\/11\/Gartnerhallen.png\" alt=\"\" width=\"300\" height=\"68\" class=\"alignnone size-full wp-image-571\" srcset=\"https:\/\/snejbjergsgi.dk\/fodbold\/wp-content\/uploads\/sites\/7\/2022\/11\/Gartnerhallen.png 556w, https:\/\/snejbjergsgi.dk\/fodbold\/wp-content\/uploads\/sites\/7\/2022\/11\/Gartnerhallen-300x69.png 300w\" sizes=\"auto, (max-width: 300px) 100vw, 300px\" \/><\/a><\/td><td class=\"column-2\">Gustav H Christensen<br \/>\n<a href=\"https:\/\/ghc1.dk\/\"><img loading=\"lazy\" decoding=\"async\" src=\"https:\/\/snejbjergsgi.dk\/fodbold\/wp-content\/uploads\/sites\/7\/2022\/11\/GC.png\" alt=\"\" width=\"300\" height=\"130\" class=\"alignnone size-full wp-image-572\" \/><\/a><\/td>\n<\/tr>\n<tr class=\"row-11\">\n\t<td class=\"column-1\">Handelsbanken<br \/>\n<a href=\"https:\/\/www.handelsbanken.dk\/da\/\"><img loading=\"lazy\" decoding=\"async\" src=\"https:\/\/snejbjergsgi.dk\/fodbold\/wp-content\/uploads\/sites\/7\/2022\/11\/Handelsbanken.png\" alt=\"\" width=\"300\" height=\"50\" class=\"alignnone size-full wp-image-573\" \/><\/a><\/td><td class=\"column-2\">Dana Vinduer<br \/>\n<a href=\"http:\/\/dana-vinduer.dk\"><img loading=\"lazy\" decoding=\"async\" src=\"https:\/\/snejbjergsgi.dk\/fodbold\/wp-content\/uploads\/sites\/7\/2022\/11\/DANA_vinduer.png\" alt=\"\" width=\"300\" height=\"90\" class=\"alignnone size-full wp-image-569\" \/><\/a><\/td>\n<\/tr>\n<tr class=\"row-12\">\n\t<td class=\"column-1\">CBRE<br \/>\n<a href=\"https:\/\/www.cbre.dk\/\"><img loading=\"lazy\" decoding=\"async\" src=\"https:\/\/snejbjergsgi.dk\/fodbold\/wp-content\/uploads\/sites\/7\/2022\/11\/CBRE.png\" alt=\"\" width=\"300\" height=\"38\" class=\"alignnone size-full wp-image-568\" \/><\/a><\/td><td class=\"column-2\">Anetto<br \/>\n<a href=\"https:\/\/aunetto.dk\/\"><img loading=\"lazy\" decoding=\"async\" src=\"https:\/\/snejbjergsgi.dk\/fodbold\/wp-content\/uploads\/sites\/7\/2022\/11\/Aunetto.png\" alt=\"\" width=\"300\" height=\"52\" class=\"alignnone size-full wp-image-561\" \/><\/a><\/td>\n<\/tr>\n<tr class=\"row-13\">\n\t<td class=\"column-1\">BSSM<br \/>\n<a href=\"https:\/\/bssm.dk\/\"><img loading=\"lazy\" decoding=\"async\" src=\"https:\/\/snejbjergsgi.dk\/fodbold\/wp-content\/uploads\/sites\/7\/2022\/11\/BSSM.png\" alt=\"\" width=\"300\" height=\"122\" class=\"alignnone size-full wp-image-567\" \/><\/a><\/td><td class=\"column-2\">Boligcon<br \/>\n<a href=\"https:\/\/www.boligcon.dk\/\"><img loading=\"lazy\" decoding=\"async\" src=\"https:\/\/snejbjergsgi.dk\/fodbold\/wp-content\/uploads\/sites\/7\/2022\/11\/Boligcon.png\" alt=\"\" width=\"300\" height=\"124\" class=\"alignnone size-full wp-image-566\" \/><\/a><\/td>\n<\/tr>\n<tr class=\"row-14\">\n\t<td class=\"column-1\">Birk TeQ<br \/>\n<a href=\"https:\/\/www.birkteq.dk\"><img loading=\"lazy\" decoding=\"async\" src=\"https:\/\/snejbjergsgi.dk\/fodbold\/wp-content\/uploads\/sites\/7\/2022\/11\/BirkteqAS-orginal.jpg\" alt=\"\" width=\"300\" height=\"52\" class=\"alignnone size-full wp-image-562\" srcset=\"https:\/\/snejbjergsgi.dk\/fodbold\/wp-content\/uploads\/sites\/7\/2022\/11\/BirkteqAS-orginal.jpg 963w, https:\/\/snejbjergsgi.dk\/fodbold\/wp-content\/uploads\/sites\/7\/2022\/11\/BirkteqAS-orginal-300x51.jpg 300w, https:\/\/snejbjergsgi.dk\/fodbold\/wp-content\/uploads\/sites\/7\/2022\/11\/BirkteqAS-orginal-768x131.jpg 768w, https:\/\/snejbjergsgi.dk\/fodbold\/wp-content\/uploads\/sites\/7\/2022\/11\/BirkteqAS-orginal-960x164.jpg 960w\" sizes=\"auto, (max-width: 300px) 100vw, 300px\" \/><\/a><\/td><td class=\"column-2\">Blicher Revision<br \/>\n<a href=\"https:\/\/blicher.dk\/\"><img loading=\"lazy\" decoding=\"async\" src=\"https:\/\/snejbjergsgi.dk\/fodbold\/wp-content\/uploads\/sites\/7\/2022\/11\/Blicher.png\" alt=\"\" width=\"300\" height=\"142\" class=\"alignnone size-full wp-image-563\" \/><\/a><\/td>\n<\/tr>\n<tr class=\"row-15\">\n\t<td class=\"column-1\">Bo Damgaard - Din Murer<br \/>\n<a href=\"https:\/\/snejbjergsgi.dk\/fodbold\/wp-content\/uploads\/sites\/7\/2022\/11\/Bo_Damgaard_din_murer.png\"><img loading=\"lazy\" decoding=\"async\" src=\"https:\/\/snejbjergsgi.dk\/fodbold\/wp-content\/uploads\/sites\/7\/2022\/11\/Bo_Damgaard_din_murer.png\" alt=\"\" width=\"300\" height=\"50\" class=\"alignnone size-full wp-image-564\" \/><\/a><\/td><td class=\"column-2\">Bogh Skilte<br \/>\n<a href=\"https:\/\/boghskilte.com\/\"><img loading=\"lazy\" decoding=\"async\" src=\"https:\/\/snejbjergsgi.dk\/fodbold\/wp-content\/uploads\/sites\/7\/2022\/11\/Bogh.png\" alt=\"\" width=\"300\" height=\"130\" class=\"alignnone size-full wp-image-565\" \/><\/a><\/td>\n<\/tr>\n<tr class=\"row-16\">\n\t<td class=\"column-1\">Ejner Hessel<br \/>\n<a href=\"https:\/\/www.hessel.dk\/\/\"><img loading=\"lazy\" decoding=\"async\" src=\"https:\/\/snejbjergsgi.dk\/fodbold\/wp-content\/uploads\/sites\/7\/2023\/02\/ejner_hessel.png\" alt=\"\" width=\"300\" height=\"130\" class=\"alignnone size-full wp-image-565\" \/><\/a><\/td><td class=\"column-2\">Logi Trans<br \/>\n<a href=\"https:\/\/logitrans.no\/\"><img loading=\"lazy\" decoding=\"async\" src=\"https:\/\/snejbjergsgi.dk\/fodbold\/wp-content\/uploads\/sites\/7\/2023\/02\/logi_trans.png\" alt=\"\" width=\"300\" height=\"130\" class=\"alignnone size-full wp-image-565\" \/><\/a><\/td>\n<\/tr>\n<tr class=\"row-17\">\n\t<td class=\"column-1\">Rema 1000<br \/>\n<a href=\"https:\/\/rema1000.dk\/\"><img loading=\"lazy\" decoding=\"async\" src=\"https:\/\/snejbjergsgi.dk\/fodbold\/wp-content\/uploads\/sites\/7\/2023\/02\/rema1000.png\" alt=\"\" width=\"300\" height=\"130\" class=\"alignnone size-full wp-image-565\" \/><\/a><\/td><td class=\"column-2\">Sk\u00f8degruppen<br \/>\n<a href=\"https:\/\/www.skodegruppen.dk\/\"><img loading=\"lazy\" decoding=\"async\" src=\"https:\/\/snejbjergsgi.dk\/fodbold\/wp-content\/uploads\/sites\/7\/2023\/02\/Skodegruppen.png\" alt=\"\" width=\"300\" height=\"300\" class=\"alignnone size-full wp-image-565\" \/><\/a><\/td>\n<\/tr>\n<tr class=\"row-18\">\n\t<td class=\"column-1\">Vesterbro Produkthandel<br \/>\n<a href=\"https:\/\/vph.dk\/\"><img loading=\"lazy\" decoding=\"async\" src=\"https:\/\/snejbjergsgi.dk\/fodbold\/wp-content\/uploads\/sites\/7\/2023\/02\/vesterbro_produkt.png\" alt=\"\" width=\"200\" height=\"200\" class=\"alignnone size-full wp-image-565\" \/><\/a><\/td><td class=\"column-2\">Sand Spedition<br \/>\n<a href=\"https:\/\/sandspedition.dk\/\"><img loading=\"lazy\" decoding=\"async\" src=\"https:\/\/snejbjergsgi.dk\/fodbold\/wp-content\/uploads\/sites\/7\/2023\/04\/Sand.png\" alt=\"\" width=\"350\" height=\"250\" class=\"alignnone size-full wp-image-565\" \/><\/a><\/td>\n<\/tr>\n<tr class=\"row-19\">\n\t<td class=\"column-1\">Interfjord<br \/>\n<a href=\"https:\/\/www.interfjord.dk\/\"><img loading=\"lazy\" decoding=\"async\" src=\"https:\/\/snejbjergsgi.dk\/fodbold\/wp-content\/uploads\/sites\/7\/2023\/04\/Interfjord.png\" alt=\"\" width=\"300\" height=\"250\" class=\"alignnone size-full wp-image-565\" \/><\/a><\/td><td class=\"column-2\">Byens K\u00f8reskole<br \/>\n<a href=\"https:\/\/www.byenskoreskole-herning.dk\/\"><img loading=\"lazy\" decoding=\"async\" src=\"https:\/\/snejbjergsgi.dk\/fodbold\/wp-content\/uploads\/sites\/7\/2023\/04\/Byensk.png\" alt=\"\" width=\"280\" height=\"280\" class=\"alignnone size-full wp-image-565\" \/><\/a><\/td>\n<\/tr>\n<tr class=\"row-20\">\n\t<td class=\"column-1\">L\u00e5sekompagniet Herning<br \/>\n<a href=\"https:\/\/www.laasekompagniet.dk\/herning\/\"><img loading=\"lazy\" decoding=\"async\" src=\"https:\/\/snejbjergsgi.dk\/fodbold\/wp-content\/uploads\/sites\/7\/2025\/03\/Laase.png\" alt=\"\" width=\"300\" height=\"250\" class=\"alignnone size-full wp-image-565\" \/><\/a><\/td><td class=\"column-2\"><\/td>\n<\/tr>\n<\/tbody>\n<\/table>\n<!-- #tablepress-2 from cache -->\n","protected":false},"excerpt":{"rendered":"<p>I Snejbjerg SG&amp;I fodbold er vi afh\u00e6ngige at at sposorer st\u00f8tter os, for at vi kan drive en attraktiv fodboldklub. Vi vil gerne have en klub med et h\u00f8jt aktivitets niveau til gl\u00e6de for vores spillere. Vi vil gerne tilbyde vores hold nogle gode rammer og dygtige tr\u00e6nere. Vi vil gerne holde vores kontingent p\u00e5 [&hellip;]<\/p>\n","protected":false},"author":2,"featured_media":0,"parent":0,"menu_order":0,"comment_status":"closed","ping_status":"closed","template":"","meta":{"footnotes":""},"class_list":["post-17","page","type-page","status-publish","hentry","post"],"_links":{"self":[{"href":"https:\/\/snejbjergsgi.dk\/fodbold\/wp-json\/wp\/v2\/pages\/17","targetHints":{"allow":["GET"]}}],"collection":[{"href":"https:\/\/snejbjergsgi.dk\/fodbold\/wp-json\/wp\/v2\/pages"}],"about":[{"href":"https:\/\/snejbjergsgi.dk\/fodbold\/wp-json\/wp\/v2\/types\/page"}],"author":[{"embeddable":true,"href":"https:\/\/snejbjergsgi.dk\/fodbold\/wp-json\/wp\/v2\/users\/2"}],"replies":[{"embeddable":true,"href":"https:\/\/snejbjergsgi.dk\/fodbold\/wp-json\/wp\/v2\/comments?post=17"}],"version-history":[{"count":3,"href":"https:\/\/snejbjergsgi.dk\/fodbold\/wp-json\/wp\/v2\/pages\/17\/revisions"}],"predecessor-version":[{"id":206,"href":"https:\/\/snejbjergsgi.dk\/fodbold\/wp-json\/wp\/v2\/pages\/17\/revisions\/206"}],"wp:attachment":[{"href":"https:\/\/snejbjergsgi.dk\/fodbold\/wp-json\/wp\/v2\/media?parent=17"}],"curies":[{"name":"wp","href":"https:\/\/api.w.org\/{rel}","templated":true}]}}