{"id":11,"date":"2018-05-29T20:24:07","date_gmt":"2018-05-29T20:24:07","guid":{"rendered":"http:\/\/2018.snejbjergsgi.dk\/fodbold\/?page_id=11"},"modified":"2021-08-03T11:48:09","modified_gmt":"2021-08-03T09:48:09","slug":"kontakt","status":"publish","type":"page","link":"https:\/\/snejbjergsgi.dk\/fodbold\/kontakt\/","title":{"rendered":"Kontakt"},"content":{"rendered":"<p>Under denne kategori har du mulighed for at finde kontaktoplysninger p\u00e5 en langt r\u00e6kke personer tilknyttet Snejbjerg SG&amp;I Fodbold!<\/p>\n<p>Vil du kontakte en tr\u00e6ner, holdleder eller hj\u00e6lpetr\u00e6ner for et betemt hold kan du finde kontaktoplysningerne under <strong>Tilmelding &#8211;&gt; Online<\/strong> tilmelding, hvor du kan klikke p\u00e5 det enkelte hold og se kontaktoplysninger, samt holdinformation som tr\u00e6ningstider og hvor der tr\u00e6nes.<\/p>\n<p>Klik her for at se kontaktoplysninger p\u00e5 <a href=\"https:\/\/snejbjergsgi.dk\/fodbold\/kontakt\/bestyrelsen\/\">Bestyrelsen<\/a>, Forskellige <a href=\"https:\/\/snejbjergsgi.dk\/fodbold\/kontakt\/udvalg\/\">Udvalg<\/a> og <a href=\"https:\/\/snejbjergsgi.dk\/fodbold\/kontakt\/andre-funktioner\/\">Andre funktioner<\/a>.<\/p>\n<p>Skulle du mod forventning finde fejl her p\u00e5 siden, er du velkommen til at skrive p\u00e5 <a href=\"mailto:fodbold.web@snejbjergsgi.dk\">fodbold.web@snejbjergsgi.dk<\/a><\/p>\n","protected":false},"excerpt":{"rendered":"<p>Under denne kategori har du mulighed for at finde kontaktoplysninger p\u00e5 en langt r\u00e6kke personer tilknyttet Snejbjerg SG&amp;I Fodbold! Vil du kontakte en tr\u00e6ner, holdleder eller hj\u00e6lpetr\u00e6ner for et betemt hold kan du finde kontaktoplysningerne under Tilmelding &#8211;&gt; Online tilmelding, hvor du kan klikke p\u00e5 det enkelte hold og se kontaktoplysninger, samt holdinformation som tr\u00e6ningstider [&hellip;]<\/p>\n","protected":false},"author":2,"featured_media":0,"parent":0,"menu_order":0,"comment_status":"closed","ping_status":"closed","template":"","meta":{"footnotes":""},"class_list":["post-11","page","type-page","status-publish","hentry","post"],"_links":{"self":[{"href":"https:\/\/snejbjergsgi.dk\/fodbold\/wp-json\/wp\/v2\/pages\/11","targetHints":{"allow":["GET"]}}],"collection":[{"href":"https:\/\/snejbjergsgi.dk\/fodbold\/wp-json\/wp\/v2\/pages"}],"about":[{"href":"https:\/\/snejbjergsgi.dk\/fodbold\/wp-json\/wp\/v2\/types\/page"}],"author":[{"embeddable":true,"href":"https:\/\/snejbjergsgi.dk\/fodbold\/wp-json\/wp\/v2\/users\/2"}],"replies":[{"embeddable":true,"href":"https:\/\/snejbjergsgi.dk\/fodbold\/wp-json\/wp\/v2\/comments?post=11"}],"version-history":[{"count":8,"href":"https:\/\/snejbjergsgi.dk\/fodbold\/wp-json\/wp\/v2\/pages\/11\/revisions"}],"predecessor-version":[{"id":449,"href":"https:\/\/snejbjergsgi.dk\/fodbold\/wp-json\/wp\/v2\/pages\/11\/revisions\/449"}],"wp:attachment":[{"href":"https:\/\/snejbjergsgi.dk\/fodbold\/wp-json\/wp\/v2\/media?parent=11"}],"curies":[{"name":"wp","href":"https:\/\/api.w.org\/{rel}","templated":true}]}}