{"id":23385,"date":"2024-05-28T12:25:18","date_gmt":"2024-05-28T10:25:18","guid":{"rendered":"https:\/\/snejbjergsgi.dk\/fitness\/?page_id=23385"},"modified":"2025-06-30T16:47:09","modified_gmt":"2025-06-30T14:47:09","slug":"for-ikke-medlemmer-koeb-af-enkelt-holdtime","status":"publish","type":"page","link":"https:\/\/snejbjergsgi.dk\/fitness\/for-ikke-medlemmer-koeb-af-enkelt-holdtime\/","title":{"rendered":"For ikke medlemmer: K\u00f8b af enkelt holdtime"},"content":{"rendered":"\n<p><br><\/p>\n\n\n\n<p>Snejbjerg Fitness er overg\u00e5et til kontobetaling, for &#8220;ikke medlemmer&#8221;&nbsp;Dette er n\u00f8dvendig, for at &#8220;ikke medlemmer&#8221; kan komme p\u00e5 venteliste til holdtr\u00e6ning.<\/p>\n\n\n\n<p><em><strong>Minimum indbetaling, til konto, er 100Kr. <\/strong><\/em><\/p>\n\n\n\n<p>Dette fungerer som et rejsekort \u2013 det vil sige, at man s\u00e6tter penge ind p\u00e5 kontoen, som bliver fratrukket kontoen, n\u00e5r man kommer p\u00e5 holdet. <strong><em>Bel\u00f8bet bliver kun trukket hvis man&nbsp;kommer med p\u00e5 hold.<\/em><\/strong><\/p>\n\n\n\n<p>G\u00e5 ind p\u00e5:&nbsp;<a href=\"https:\/\/snejbjergsgi.dk\/fitness\/elektronisk-indmeldelse\/\">https:\/\/snejbjergsgi.dk\/fitness\/elektronisk-indmeldelse\/<\/a><\/p>\n\n\n\n<p>Her g\u00e5r du ind og tilmelder dig. N\u00e5r det sker f\u00e5r du mail eller en SMS med adgangskode.<\/p>\n\n\n\n<p>Herefter g\u00e5r du ind p\u00e5 online hold booking og v\u00e6lger den time som du gerne vil deltage i. N\u00e5r du booker derinde, bliver du bedt om at indtaste dine betalingskort oplysninger. Her tr\u00e6kkes der 75 kr.<\/p>\n\n\n\n<p>Se vejledning herunder. God forn\u00f8jelse.<\/p>\n\n\n\n<p><br><a href=\"https:\/\/snejbjergsgi.dk\/fitness\/wp-content\/uploads\/sites\/5\/2023\/09\/Diverse-vejledninger.pdf\">https:\/\/snejbjergsgi.dk\/fitness\/wp-content\/uploads\/sites\/5\/2023\/09\/Diverse-vejledninger.pdf<\/a><\/p>\n\n\n\n<p><\/p>\n","protected":false},"excerpt":{"rendered":"<p>Snejbjerg Fitness er overg\u00e5et til kontobetaling, for &#8220;ikke medlemmer&#8221;&nbsp;Dette er n\u00f8dvendig, for at &#8220;ikke medlemmer&#8221; kan komme p\u00e5 venteliste til holdtr\u00e6ning. Minimum indbetaling, til konto, er 100Kr. Dette fungerer som et rejsekort \u2013 det vil sige, at man s\u00e6tter penge ind p\u00e5 kontoen, som bliver fratrukket kontoen, n\u00e5r man kommer p\u00e5 holdet. Bel\u00f8bet bliver kun [&hellip;]<\/p>\n","protected":false},"author":31,"featured_media":0,"parent":0,"menu_order":0,"comment_status":"closed","ping_status":"closed","template":"","meta":{"footnotes":""},"class_list":["post-23385","page","type-page","status-publish","hentry","post"],"_links":{"self":[{"href":"https:\/\/snejbjergsgi.dk\/fitness\/wp-json\/wp\/v2\/pages\/23385","targetHints":{"allow":["GET"]}}],"collection":[{"href":"https:\/\/snejbjergsgi.dk\/fitness\/wp-json\/wp\/v2\/pages"}],"about":[{"href":"https:\/\/snejbjergsgi.dk\/fitness\/wp-json\/wp\/v2\/types\/page"}],"author":[{"embeddable":true,"href":"https:\/\/snejbjergsgi.dk\/fitness\/wp-json\/wp\/v2\/users\/31"}],"replies":[{"embeddable":true,"href":"https:\/\/snejbjergsgi.dk\/fitness\/wp-json\/wp\/v2\/comments?post=23385"}],"version-history":[{"count":6,"href":"https:\/\/snejbjergsgi.dk\/fitness\/wp-json\/wp\/v2\/pages\/23385\/revisions"}],"predecessor-version":[{"id":23684,"href":"https:\/\/snejbjergsgi.dk\/fitness\/wp-json\/wp\/v2\/pages\/23385\/revisions\/23684"}],"wp:attachment":[{"href":"https:\/\/snejbjergsgi.dk\/fitness\/wp-json\/wp\/v2\/media?parent=23385"}],"curies":[{"name":"wp","href":"https:\/\/api.w.org\/{rel}","templated":true}]}}