{"id":9,"date":"2018-05-29T20:20:04","date_gmt":"2018-05-29T20:20:04","guid":{"rendered":"http:\/\/2018.snejbjergsgi.dk\/cykelmotion\/?page_id=9"},"modified":"2026-04-09T20:21:59","modified_gmt":"2026-04-09T18:21:59","slug":"cykelmotion","status":"publish","type":"page","link":"https:\/\/snejbjergsgi.dk\/cykelmotion\/","title":{"rendered":"Cykelmotion"},"content":{"rendered":"<p>Snejbjerg Cykelmotion er en klub for friske kvinder og m\u00e6nd, som m\u00f8des mandag, onsdag og s\u00f8ndag, til en frisk cykeltur.<\/p>\n<p>Klubben er stiftet den 10. maj 2007, som en gruppe under Snejbjerg SG&amp;I og som s\u00e5dan underlagt vedt\u00e6gterne for Snejbjerg SG&amp;I.<\/p>\n<p>Gruppen er stiftet efter opsplitning af Snejbjerg Motion i 2 afdelinger i april 2007.<\/p>\n<p>Snejbjerg Cykelmotion er medlem af Danmarks Cykle Union under DIF.<\/p>\n<p>Klubbens form\u00e5l er at skabe en cykelmotionistafdeling for cyklister i alle niveauer og k\u00f8n, hvor samv\u00e6r og sociale relationer danner grundlag for et st\u00e6rkt f\u00e6llesskab.<\/p>\n<p>_____________________________________________________________________________________________<\/p>\n<p><a href=\"https:\/\/www.facebook.com\/groups\/396661557080560\/\" target=\"_blank\" rel=\"noopener\">Link til Facebookgruppe racer<\/a><\/p>\n<p><a href=\"https:\/\/www.facebook.com\/groups\/109164812578934\/\" target=\"_blank\" rel=\"noopener\">Link til Facebookgruppe MTB<\/a><\/p>\n<p>Link til <a href=\"https:\/\/snejbjergsgi.dk\/cykelmotion\/wp-content\/uploads\/sites\/6\/2026\/04\/Kaptajnliste-2026-ny.pdf\" target=\"_blank\" rel=\"noopener noreferrer\">kaptajnliste<\/a><\/p>\n<p>_____________________________________________________________________________________________<\/p>\n<h4>Seneste nyheder fra Cykelmotion<\/h4>\n<h5><strong>Tilskud til lokale cykell\u00f8b 2025<\/strong><\/h5>\n<p>Kun for medlemmer &#8211; se mere <a href=\"https:\/\/snejbjergsgi.dk\/cykelmotion\/wp-content\/uploads\/sites\/6\/2025\/05\/Tilskud-lokale-cykelloeb-2025_V2.pdf\" target=\"_blank\" rel=\"noopener\">her<\/a>.<\/p>\n<h5><strong>Aktivitetskalender efter\u00e5r 2025<\/strong><\/h5>\n<p>Her kan du bl.a. se, hvorn\u00e5r der er kaffe i Hallen efter tr\u00e6ning, og hvorn\u00e5r der er &#8220;privat have&#8221; mv.<\/p>\n<p>Oversigtskalenderen kan ses <a href=\"https:\/\/snejbjergsgi.dk\/cykelmotion\/wp-content\/uploads\/sites\/6\/2026\/04\/kalender-2026-03-9.pdf\" target=\"_blank\" rel=\"noopener\">her.<\/a> (kan printes til opslagstavlen).<\/p>\n<h5><strong>Klubtur Alsace 2025<\/strong><\/h5>\n<p>Vi fors\u00f8ger at gentage succesen fra 2023, med en tur til Eguisheim i efter\u00e5ret 2025.<\/p>\n<p>Se mere under <a href=\"https:\/\/snejbjergsgi.dk\/cykelmotion\/tilmelding\/klubturalsace2025\/\">tilmelding.<\/a><\/p>\n\n\n<p><\/p>\n","protected":false},"excerpt":{"rendered":"<p>Snejbjerg Cykelmotion er en klub for friske kvinder og m\u00e6nd, som m\u00f8des mandag, onsdag og s\u00f8ndag, til en frisk cykeltur. Klubben er stiftet den 10. maj 2007, som en gruppe under Snejbjerg SG&amp;I og som s\u00e5dan underlagt vedt\u00e6gterne for Snejbjerg SG&amp;I. Gruppen er stiftet efter opsplitning af Snejbjerg Motion i 2 afdelinger i april 2007. [&hellip;]<\/p>\n","protected":false},"author":11,"featured_media":0,"parent":0,"menu_order":0,"comment_status":"closed","ping_status":"closed","template":"","meta":{"footnotes":""},"class_list":["post-9","page","type-page","status-publish","hentry","post"],"_links":{"self":[{"href":"https:\/\/snejbjergsgi.dk\/cykelmotion\/wp-json\/wp\/v2\/pages\/9","targetHints":{"allow":["GET"]}}],"collection":[{"href":"https:\/\/snejbjergsgi.dk\/cykelmotion\/wp-json\/wp\/v2\/pages"}],"about":[{"href":"https:\/\/snejbjergsgi.dk\/cykelmotion\/wp-json\/wp\/v2\/types\/page"}],"author":[{"embeddable":true,"href":"https:\/\/snejbjergsgi.dk\/cykelmotion\/wp-json\/wp\/v2\/users\/11"}],"replies":[{"embeddable":true,"href":"https:\/\/snejbjergsgi.dk\/cykelmotion\/wp-json\/wp\/v2\/comments?post=9"}],"version-history":[{"count":186,"href":"https:\/\/snejbjergsgi.dk\/cykelmotion\/wp-json\/wp\/v2\/pages\/9\/revisions"}],"predecessor-version":[{"id":6549,"href":"https:\/\/snejbjergsgi.dk\/cykelmotion\/wp-json\/wp\/v2\/pages\/9\/revisions\/6549"}],"wp:attachment":[{"href":"https:\/\/snejbjergsgi.dk\/cykelmotion\/wp-json\/wp\/v2\/media?parent=9"}],"curies":[{"name":"wp","href":"https:\/\/api.w.org\/{rel}","templated":true}]}}