{"id":982,"date":"2024-06-24T11:32:22","date_gmt":"2024-06-24T09:32:22","guid":{"rendered":"https:\/\/snejbjergsgi.dk\/badminton\/?page_id=982"},"modified":"2025-11-10T20:28:21","modified_gmt":"2025-11-10T19:28:21","slug":"traening","status":"publish","type":"page","link":"https:\/\/snejbjergsgi.dk\/badminton\/ungdom\/traening\/","title":{"rendered":"Tr\u00e6ning"},"content":{"rendered":"\n<h2 class=\"wp-block-heading has-text-color has-link-color wp-elements-d3b310c13d5c1dad344605088a292707\" style=\"color:#ffa008;font-size:28px\"><strong>Ungdomstr\u00e6ning &#8211; Tidspunkter og hold<\/strong><\/h2>\n\n\n\n<h3 class=\"wp-block-heading\"><strong>Hold og tidspunkter for s\u00e6son 2025-2026<\/strong><\/h3>\n\n\n\n<p>I Snejbjerg SG&amp;I Badminton har vi 3 forskellige ungdomshold. Vores hold er inddelt efter alder, og starter fra 0. klasse. Piger og drenge tr\u00e6ner sammen.<\/p>\n\n\n\n<p>&nbsp;<strong>Man bestemmer selv om man vil tr\u00e6ne 1 eller 2 gange i ugen.<\/strong>&nbsp; De forskellige hold er:<\/p>\n\n\n\n<figure class=\"wp-block-table\"><table><tbody><tr><td><strong>Hold<\/strong><\/td><td><strong>Tr\u00e6ningstid<\/strong><\/td><td><strong>Hal i Snejbjerg hallerne<\/strong><\/td><\/tr><tr><td>0.-2. klasse (Miniton)<\/td><td>Onsdag 16:30-17:30<\/td><td>Hal 1<\/td><\/tr><tr><td rowspan=\"2\">3-6. klasse <strong>\u00a0<\/strong><\/td><td>Mandag 16:00-17:15<\/td><td>Hal 1<\/td><\/tr><tr><td>Onsdag 16:45-18:15<\/td><td>Hal 3<\/td><\/tr><tr><td rowspan=\"2\">7-10. klasse<\/td><td>Mandag 17:15-18:45<\/td><td>Hal 1<\/td><\/tr><tr><td>Onsdag 18:15-20:00<\/td><td>Hal 3<\/td><\/tr><\/tbody><\/table><\/figure>\n\n\n\n<p>S\u00f8rg for at melde jer ind i vores facebook gruppe&nbsp;<a href=\"https:\/\/www.facebook.com\/groups\/2162380057328971\" target=\"_blank\" rel=\"noreferrer noopener\"><strong>Info omkring badminton til for\u00e6ldre<\/strong><\/a><\/p>\n\n\n\n<p>Hvis vi skulle v\u00e6re n\u00f8dtaget til at aflyse en tr\u00e6ning, s\u00e5 informerer vi gennem via facebookgruppen. Derudover bruger vi ogs\u00e5 facebookgruppen til information om diverse events i klubben.<\/p>\n\n\n\n<p>Hvis man er forhindret i at deltage i tr\u00e6ning beh\u00f8ves man ikke melde afbud.<\/p>\n\n\n\n<p>Husk ketcher, drikkedunk og sportst\u00f8j (kom omkl\u00e6dt hjemmefra eller benyt omkl\u00e6dningsrum i hallen). Der er mulighed for at l\u00e5ne en ketcher hvis du ikke selv har en. <\/p>\n\n\n\n<p>Fokus for de enkelte hold:<\/p>\n\n\n\n<h3 class=\"wp-block-heading\"><strong>0.-2. klasse (miniton)<\/strong><\/h3>\n\n\n\n<p>Mor og far m\u00e5 gerne deltage p\u00e5 dette hold, hvis de har lyst. Det er ikke et krav, men det er altid dejligt med ekstra voksenh\u00e6nder p\u00e5 dette hold. Vi har fokus p\u00e5 leg, bev\u00e6gelse, badmintonsportens grundslag og at spille badminton.<\/p>\n\n\n\n<h3 class=\"wp-block-heading\"><strong>3.-6. klasse<\/strong><\/h3>\n\n\n\n<p>Vi har fokus p\u00e5 leg, bev\u00e6gelse, badmintonsportens grundslag, teknik, taktik og at spille badminton.<\/p>\n\n\n\n<h3 class=\"wp-block-heading\"><strong>7.-10. klasse<\/strong><\/h3>\n\n\n\n<p>Vi har fokus p\u00e5 bev\u00e6gelse, badmintonsportens grundslag, teknik, taktik og at spille badminton<\/p>\n\n\n\n<h3 class=\"wp-block-heading\"><strong>Hvad indg\u00e5r i kontingentet:<\/strong><\/h3>\n\n\n\n<p>\u2705 Ugentlig tr\u00e6ning i perioden 18\/8-2025 til 15\/4-2026 (dog ikke helligdage og skoleferier)<\/p>\n\n\n\n<p>\u2705 Gratis deltagelse i Aftenton<\/p>\n\n\n\n<p>\u2705 Gratis deltagelse i holdturnering<\/p>\n\n\n\n<p>\u2705 Mulighed for at deltage gratis i eventet Fredagsfr\u00e6s, som tilbydes ca. 1 gang i m\u00e5neden.<\/p>\n\n\n\n<p>\u2705 Smil p\u00e5 l\u00e6ben og sved p\u00e5 panden \ud83d\ude0a<\/p>\n\n\n\n<p>Du tilmelder dig her:<\/p>\n\n\n\n<figure class=\"wp-block-image size-full\"><a href=\"\/badminton\/tilmelding\/\"><img loading=\"lazy\" decoding=\"async\" width=\"305\" height=\"73\" src=\"https:\/\/snejbjergsgi.dk\/badminton\/wp-content\/uploads\/sites\/4\/2024\/06\/knap-tilmeld.png\" alt=\"\" class=\"wp-image-932\" srcset=\"https:\/\/snejbjergsgi.dk\/badminton\/wp-content\/uploads\/sites\/4\/2024\/06\/knap-tilmeld.png 305w, https:\/\/snejbjergsgi.dk\/badminton\/wp-content\/uploads\/sites\/4\/2024\/06\/knap-tilmeld-300x72.png 300w\" sizes=\"auto, (max-width: 305px) 100vw, 305px\" \/><\/a><\/figure>\n\n\n\n<p><strong>Husk at bruge spillers (barnets) navn og f\u00f8dselsdag, men for\u00e6ldres kontaktoplysninger (email og telefon).<\/strong><\/p>\n\n\n\n<p><strong>Hvis et hold er fyldt, s\u00e5 meld p\u00e5 venteliste, s\u00e5 g\u00f8r vi alt hvad vi kan for at f\u00e5 plads til flere spillere, eller lave flere hold.<\/strong><\/p>\n","protected":false},"excerpt":{"rendered":"<p>Ungdomstr\u00e6ning &#8211; Tidspunkter og hold Hold og tidspunkter for s\u00e6son 2025-2026 I Snejbjerg SG&amp;I Badminton har vi 3 forskellige ungdomshold. Vores hold er inddelt efter alder, og starter fra 0. klasse. Piger og drenge tr\u00e6ner sammen. &nbsp;Man bestemmer selv om man vil tr\u00e6ne 1 eller 2 gange i ugen.&nbsp; De forskellige hold er: Hold Tr\u00e6ningstid [&hellip;]<\/p>\n","protected":false},"author":32,"featured_media":0,"parent":701,"menu_order":0,"comment_status":"closed","ping_status":"closed","template":"","meta":{"footnotes":""},"class_list":["post-982","page","type-page","status-publish","hentry","post"],"_links":{"self":[{"href":"https:\/\/snejbjergsgi.dk\/badminton\/wp-json\/wp\/v2\/pages\/982","targetHints":{"allow":["GET"]}}],"collection":[{"href":"https:\/\/snejbjergsgi.dk\/badminton\/wp-json\/wp\/v2\/pages"}],"about":[{"href":"https:\/\/snejbjergsgi.dk\/badminton\/wp-json\/wp\/v2\/types\/page"}],"author":[{"embeddable":true,"href":"https:\/\/snejbjergsgi.dk\/badminton\/wp-json\/wp\/v2\/users\/32"}],"replies":[{"embeddable":true,"href":"https:\/\/snejbjergsgi.dk\/badminton\/wp-json\/wp\/v2\/comments?post=982"}],"version-history":[{"count":21,"href":"https:\/\/snejbjergsgi.dk\/badminton\/wp-json\/wp\/v2\/pages\/982\/revisions"}],"predecessor-version":[{"id":1195,"href":"https:\/\/snejbjergsgi.dk\/badminton\/wp-json\/wp\/v2\/pages\/982\/revisions\/1195"}],"up":[{"embeddable":true,"href":"https:\/\/snejbjergsgi.dk\/badminton\/wp-json\/wp\/v2\/pages\/701"}],"wp:attachment":[{"href":"https:\/\/snejbjergsgi.dk\/badminton\/wp-json\/wp\/v2\/media?parent=982"}],"curies":[{"name":"wp","href":"https:\/\/api.w.org\/{rel}","templated":true}]}}