{"id":9,"date":"2018-05-29T20:13:40","date_gmt":"2018-05-29T20:13:40","guid":{"rendered":"http:\/\/2018.snejbjergsgi.dk\/badminton\/?page_id=9"},"modified":"2025-08-04T13:12:51","modified_gmt":"2025-08-04T11:12:51","slug":"kontakt","status":"publish","type":"page","link":"https:\/\/snejbjergsgi.dk\/badminton\/kontakt\/","title":{"rendered":"Kontakt os"},"content":{"rendered":"\n<h2 class=\"wp-block-heading has-text-color has-link-color wp-elements-120e3c4dd968b4160c358a037fb359bf\" style=\"color:#ffa008;font-size:28px\"><strong>Bestyrelse og Tr\u00e6nere<\/strong><\/h2>\n\n\n\n<h3 class=\"wp-block-heading\"><strong>Ungdomstr\u00e6nere<\/strong><\/h3>\n\n\n\n<p>Tr\u00e6ner Rasmus Jensen (kontaktperson for ungdom &#8211; <a href=\"mailto:rasmusjensen1990@gmail.com\">rasmusjensen1990@gmail.com<\/a>)<\/p>\n\n\n\n<p>Tr\u00e6ner Rasmus M\u00f8rup<\/p>\n\n\n\n<p>Tr\u00e6ner Jeppe J\u00f8rgensen<\/p>\n\n\n\n<h3 class=\"wp-block-heading\"><strong>Seniortr\u00e6nere<\/strong><\/h3>\n\n\n\n<p>Tr\u00e6ner Rasmus Jensen<\/p>\n\n\n\n<p>Tr\u00e6ner Thomas Vitting (kontaktperson for senior &#8211; <a href=\"mailto:ba.vitting@gmail.com\">ba.vitting@gmail.com<\/a>)<\/p>\n\n\n\n<h3 class=\"wp-block-heading\"><strong>Bestyrelsen<\/strong><\/h3>\n\n\n\n<p>Mette M\u00f8ller Andersen (Formand) \u2013 <a href=\"mailto:badminton@snejbjergsgi.dk\">badminton@snejbjergsgi.dk<\/a> , tlf 26651828<\/p>\n\n\n\n<p>Thomas Vitting (senior rep.)<\/p>\n\n\n\n<p>Torben Poulsgaard Jensen (ungdom rep.)<\/p>\n\n\n\n<p>Katija Lund Kasandric (Kasserer)<\/p>\n\n\n\n<h3 class=\"wp-block-heading\"><strong>Bane udlejning<\/strong><\/h3>\n\n\n\n<p>Mikkel Bach \u2013 <a href=\"mailto:winnie_plauborg@hotmail.com\">mikkelbach95@gmail.com<\/a><\/p>\n","protected":false},"excerpt":{"rendered":"<p>Bestyrelse og Tr\u00e6nere Ungdomstr\u00e6nere Tr\u00e6ner Rasmus Jensen (kontaktperson for ungdom &#8211; rasmusjensen1990@gmail.com) Tr\u00e6ner Rasmus M\u00f8rup Tr\u00e6ner Jeppe J\u00f8rgensen Seniortr\u00e6nere Tr\u00e6ner Rasmus Jensen Tr\u00e6ner Thomas Vitting (kontaktperson for senior &#8211; ba.vitting@gmail.com) Bestyrelsen Mette M\u00f8ller Andersen (Formand) \u2013 badminton@snejbjergsgi.dk , tlf 26651828 Thomas Vitting (senior rep.) Torben Poulsgaard Jensen (ungdom rep.) Katija Lund Kasandric (Kasserer) Bane udlejning [&hellip;]<\/p>\n","protected":false},"author":32,"featured_media":0,"parent":0,"menu_order":0,"comment_status":"closed","ping_status":"closed","template":"","meta":{"footnotes":""},"class_list":["post-9","page","type-page","status-publish","hentry","post"],"_links":{"self":[{"href":"https:\/\/snejbjergsgi.dk\/badminton\/wp-json\/wp\/v2\/pages\/9","targetHints":{"allow":["GET"]}}],"collection":[{"href":"https:\/\/snejbjergsgi.dk\/badminton\/wp-json\/wp\/v2\/pages"}],"about":[{"href":"https:\/\/snejbjergsgi.dk\/badminton\/wp-json\/wp\/v2\/types\/page"}],"author":[{"embeddable":true,"href":"https:\/\/snejbjergsgi.dk\/badminton\/wp-json\/wp\/v2\/users\/32"}],"replies":[{"embeddable":true,"href":"https:\/\/snejbjergsgi.dk\/badminton\/wp-json\/wp\/v2\/comments?post=9"}],"version-history":[{"count":40,"href":"https:\/\/snejbjergsgi.dk\/badminton\/wp-json\/wp\/v2\/pages\/9\/revisions"}],"predecessor-version":[{"id":1182,"href":"https:\/\/snejbjergsgi.dk\/badminton\/wp-json\/wp\/v2\/pages\/9\/revisions\/1182"}],"wp:attachment":[{"href":"https:\/\/snejbjergsgi.dk\/badminton\/wp-json\/wp\/v2\/media?parent=9"}],"curies":[{"name":"wp","href":"https:\/\/api.w.org\/{rel}","templated":true}]}}