{"id":888,"date":"2024-06-02T15:36:52","date_gmt":"2024-06-02T13:36:52","guid":{"rendered":"https:\/\/snejbjergsgi.dk\/badminton\/?page_id=888"},"modified":"2025-08-06T08:56:19","modified_gmt":"2025-08-06T06:56:19","slug":"tilmelding","status":"publish","type":"page","link":"https:\/\/snejbjergsgi.dk\/badminton\/tilmelding\/","title":{"rendered":"Tilmelding"},"content":{"rendered":"\n<h2 class=\"wp-block-heading has-text-color has-link-color wp-elements-64df2c9e59d74350eee29acde8ea1458\" style=\"color:#ffa008\"><strong>Find dit hold eller arrangement herunder<\/strong><\/h2>\n\n\n\n<p>N\u00e5r vi har \u00e5ben for tilmelding til arrangementer, st\u00e6vner, betaling af kontingent eller andet, kan du finde tilmelding herunder. Det kr\u00e6ver at man har oprettet en bruger hos Conventus. Du kan betale med dankort eller visa\/mastercard.<\/p>\n\n\n\n<p style=\"font-size:17px\"><a href=\"#ungdomanker\">UNGDOM<\/a>  |  <a href=\"#voksenanker\">SENIOR<\/a>  |  <a href=\"#banelejeanker\">BANELEJE <\/a><\/p>\n\n\n\n<h3 class=\"wp-block-heading\" id=\"ungdomanker\"><strong>Ungdom, kontingent<\/strong>:<\/h3>\n\n\n\n\n\n\n<h3 class=\"wp-block-heading\"><strong>Ungdom, st\u00e6vner, arrangementer mv.:<\/strong><\/h3>\n\n\n\n\n\n\n<h3 class=\"wp-block-heading\" id=\"voksenanker\"><strong>Voksen\/Senior (16+), kontingent:<\/strong><\/h3>\n\n\n\n\n\n\n<h3 class=\"wp-block-heading\"><strong>Voksen\/Senior (16+), arrangementer mv.:<\/strong><\/h3>\n\n\n\n\n\n\n<h3 class=\"wp-block-heading\" id=\"banelejeanker\"><strong>Baneleje<\/strong>:<\/h3>\n\n\n\n<p>OBS! Alle spillere p\u00e5 banen skal registreres. Den der betaler for banen registreres automatisk ved betaling. Andre spillere p\u00e5 banen skal tilmelde sig p\u00e5 den booking der hedder: <em><strong>Spillere p\u00e5 lejede baner<\/strong><\/em> <strong><em>&#8211; til registrering<\/em><\/strong>.<\/p>\n\n\n\n<p>Som noget nyt kan man nu ogs\u00e5 leje en bane i 8 uger for 500 kr. &#8211; den f\u00f8rste periode bliver fra uge 38 &#8211; uge 46 (ingen tr\u00e6ning i uge 42). Hvis man \u00f8nsker at g\u00f8re brug af dette tilbud, s\u00e5 skal man hurtigst mulig henvende sig til Mikkel Bach p\u00e5 mail: mikkelbach95@gmail.com.<\/p>\n\n\n\n","protected":false},"excerpt":{"rendered":"<p>Find dit hold eller arrangement herunder N\u00e5r vi har \u00e5ben for tilmelding til arrangementer, st\u00e6vner, betaling af kontingent eller andet, kan du finde tilmelding herunder. Det kr\u00e6ver at man har oprettet en bruger hos Conventus. Du kan betale med dankort eller visa\/mastercard. UNGDOM | SENIOR | BANELEJE Ungdom, kontingent: Ungdom, st\u00e6vner, arrangementer mv.: Voksen\/Senior (16+), [&hellip;]<\/p>\n","protected":false},"author":32,"featured_media":0,"parent":0,"menu_order":0,"comment_status":"closed","ping_status":"closed","template":"","meta":{"footnotes":""},"class_list":["post-888","page","type-page","status-publish","hentry","post"],"_links":{"self":[{"href":"https:\/\/snejbjergsgi.dk\/badminton\/wp-json\/wp\/v2\/pages\/888","targetHints":{"allow":["GET"]}}],"collection":[{"href":"https:\/\/snejbjergsgi.dk\/badminton\/wp-json\/wp\/v2\/pages"}],"about":[{"href":"https:\/\/snejbjergsgi.dk\/badminton\/wp-json\/wp\/v2\/types\/page"}],"author":[{"embeddable":true,"href":"https:\/\/snejbjergsgi.dk\/badminton\/wp-json\/wp\/v2\/users\/32"}],"replies":[{"embeddable":true,"href":"https:\/\/snejbjergsgi.dk\/badminton\/wp-json\/wp\/v2\/comments?post=888"}],"version-history":[{"count":44,"href":"https:\/\/snejbjergsgi.dk\/badminton\/wp-json\/wp\/v2\/pages\/888\/revisions"}],"predecessor-version":[{"id":1187,"href":"https:\/\/snejbjergsgi.dk\/badminton\/wp-json\/wp\/v2\/pages\/888\/revisions\/1187"}],"wp:attachment":[{"href":"https:\/\/snejbjergsgi.dk\/badminton\/wp-json\/wp\/v2\/media?parent=888"}],"curies":[{"name":"wp","href":"https:\/\/api.w.org\/{rel}","templated":true}]}}