{"id":249,"date":"2021-06-14T12:03:28","date_gmt":"2021-06-14T12:03:28","guid":{"rendered":"http:\/\/168.119.69.83\/~ssgi\/badminton\/?page_id=249"},"modified":"2025-08-04T13:30:19","modified_gmt":"2025-08-04T11:30:19","slug":"traening","status":"publish","type":"page","link":"https:\/\/snejbjergsgi.dk\/badminton\/hvad-er-voksen-badminton\/traening\/","title":{"rendered":"Tr\u00e6ning"},"content":{"rendered":"\n<h2 class=\"wp-block-heading has-text-color has-link-color wp-elements-179d0b67dd5840920f48bc6a6660c912\" style=\"color:#ffa008;font-size:28px\"><strong>Voksen\/senior tr\u00e6ningshold og tilmelding<\/strong><\/h2>\n\n\n\n<h3 class=\"wp-block-heading\"><strong>Voksen\/senior Hold 1 (mandage 18.45-20.15, Hal 1)<\/strong><\/h3>\n\n\n\n<p>Hold 1 er for voksne badmintonspillere (16\u00e5r og op) p\u00e5 alle niveauer, om du er helt nybegynder, eller har spillet f\u00f8r, s\u00e5 er der et godt mix af spillere p\u00e5 dette hold, s\u00e5 du er sikker p\u00e5 go\u2019 tr\u00e6ning og kampe.<\/p>\n\n\n\n<h3 class=\"wp-block-heading\"><strong>Voksen\/senior Hold 2 (mandage 20.15-21.45, Hal 1)<\/strong><\/h3>\n\n\n\n<p>Hold 2 er for de mere erfarne badmintonspillere, som har spillet lidt h\u00f8jere niveau. Det kan v\u00e6re sv\u00e6rt at vide om man skal p\u00e5 dette hold, s\u00e5 hvis du er i tvivl, s\u00e5 kontakt tr\u00e6ner Thomas p\u00e5 mailen herunder, eller kom til en tr\u00e6ning p\u00e5 hold 1, s\u00e5 ser vi hvilket hold der passer bedst til dig.<\/p>\n\n\n\n<p>Tr\u00e6ningss\u00e6sonen er fra 19\/8-2024 til 23\/4-2025 (dog ikke helligdage og skoleferier).<\/p>\n\n\n\n<p>Har du sp\u00f8rgsm\u00e5l ang. seniortr\u00e6ning kan du kontakte Thomas Vitting (ba.vitting@gmail.com)<\/p>\n\n\n\n<h3 class=\"wp-block-heading\"><strong>Tilmelding<\/strong><\/h3>\n\n\n\n<p>Her kan du tilmelde dig til vores voksen\/senior og ung-senior hold. <\/p>\n\n\n\n<figure class=\"wp-block-image size-full\"><a href=\"\/badminton\/tilmelding\/\"><img loading=\"lazy\" decoding=\"async\" width=\"305\" height=\"73\" src=\"https:\/\/snejbjergsgi.dk\/badminton\/wp-content\/uploads\/sites\/4\/2024\/06\/knap-tilmeld.png\" alt=\"\" class=\"wp-image-932\" srcset=\"https:\/\/snejbjergsgi.dk\/badminton\/wp-content\/uploads\/sites\/4\/2024\/06\/knap-tilmeld.png 305w, https:\/\/snejbjergsgi.dk\/badminton\/wp-content\/uploads\/sites\/4\/2024\/06\/knap-tilmeld-300x72.png 300w\" sizes=\"auto, (max-width: 305px) 100vw, 305px\" \/><\/a><\/figure>\n\n\n\n<p>Kontingentet er inklusiv 1 \u00f8l\/vand efter hver tr\u00e6ning og mulighed for gratis deltagelse i holdturnering.<\/p>\n","protected":false},"excerpt":{"rendered":"<p>Voksen\/senior tr\u00e6ningshold og tilmelding Voksen\/senior Hold 1 (mandage 18.45-20.15, Hal 1) Hold 1 er for voksne badmintonspillere (16\u00e5r og op) p\u00e5 alle niveauer, om du er helt nybegynder, eller har spillet f\u00f8r, s\u00e5 er der et godt mix af spillere p\u00e5 dette hold, s\u00e5 du er sikker p\u00e5 go\u2019 tr\u00e6ning og kampe. Voksen\/senior Hold 2 [&hellip;]<\/p>\n","protected":false},"author":32,"featured_media":0,"parent":261,"menu_order":2,"comment_status":"closed","ping_status":"closed","template":"","meta":{"footnotes":""},"class_list":["post-249","page","type-page","status-publish","hentry","post"],"_links":{"self":[{"href":"https:\/\/snejbjergsgi.dk\/badminton\/wp-json\/wp\/v2\/pages\/249","targetHints":{"allow":["GET"]}}],"collection":[{"href":"https:\/\/snejbjergsgi.dk\/badminton\/wp-json\/wp\/v2\/pages"}],"about":[{"href":"https:\/\/snejbjergsgi.dk\/badminton\/wp-json\/wp\/v2\/types\/page"}],"author":[{"embeddable":true,"href":"https:\/\/snejbjergsgi.dk\/badminton\/wp-json\/wp\/v2\/users\/32"}],"replies":[{"embeddable":true,"href":"https:\/\/snejbjergsgi.dk\/badminton\/wp-json\/wp\/v2\/comments?post=249"}],"version-history":[{"count":22,"href":"https:\/\/snejbjergsgi.dk\/badminton\/wp-json\/wp\/v2\/pages\/249\/revisions"}],"predecessor-version":[{"id":1186,"href":"https:\/\/snejbjergsgi.dk\/badminton\/wp-json\/wp\/v2\/pages\/249\/revisions\/1186"}],"up":[{"embeddable":true,"href":"https:\/\/snejbjergsgi.dk\/badminton\/wp-json\/wp\/v2\/pages\/261"}],"wp:attachment":[{"href":"https:\/\/snejbjergsgi.dk\/badminton\/wp-json\/wp\/v2\/media?parent=249"}],"curies":[{"name":"wp","href":"https:\/\/api.w.org\/{rel}","templated":true}]}}