{"id":62036,"date":"2026-01-21T07:33:25","date_gmt":"2026-01-21T06:33:25","guid":{"rendered":"https:\/\/snejbjergsgi.dk\/aktiv-samvaer\/?page_id=62036"},"modified":"2026-01-21T07:33:32","modified_gmt":"2026-01-21T06:33:32","slug":"herningholm-erhvervsskole-og-gymnasium","status":"publish","type":"page","link":"https:\/\/snejbjergsgi.dk\/aktiv-samvaer\/herningholm-erhvervsskole-og-gymnasium\/","title":{"rendered":"Herningholm Erhvervsskole og Gymnasium"},"content":{"rendered":"<p>Tirsdag d. 17. februar kl. 13:00 Herningholm Erhvervsskole M\u00f8dested: Lillelundvej 21, 7400 Herning Maks. 80 &#8211; \u00e6ndret 100<br \/>\nPris: Aktiv Samv\u00e6r betaler kaffen<\/p>\n<p>Tilmelding: online og tlf. fra 2. december &#8211; senest 10. februar<\/p>\n<p>Mere end bare et uddannelsesmilj\u00f8 I Herning er der igennem to \u00e5rtier arbejdet systematisk med at samle byens erhvervsrettede uddannelser i samme omr\u00e5de, der i dag best\u00e5r af ca. 25 erhvervsuddannelser, AMU-udbud, 10. klasse, erhvervsakademi-uddannelser, HHX, HTX og STX.<br \/>\nHerningsholm Erhvervsskole &amp; Gymnasier har en overordnet plan for, hvad der skal ske i omr\u00e5det. Blandt andet byggeriet af en ny<br \/>\nlandbrugsskole start august 2025 og en markant udvidelse af skolehjemmet godt p\u00e5 vej til at forst\u00e6rke fundamentet, og p\u00e5 en<br \/>\nnabogrund opf\u00f8rer BRF-fonden et af sine tre h\u00e5ndv\u00e6rkskollegier.<\/p>\n<p>Ambitionen er at skabe Europas mest gennemf\u00f8rte og attraktive samfund for unge p\u00e5 erhvervsrettede uddannelser med fokus p\u00e5<br \/>\nf\u00e6llesskab, diversitet og demokratisk dannelse.\u00a0Vi skal h\u00f8re historien om udviklingen til et samlet Campus omr\u00e5de \u2013 Skills City<br \/>\nog vi f\u00e5r en rundvisning.<\/p>\n","protected":false},"excerpt":{"rendered":"<p>Tirsdag d. 17. februar kl. 13:00 Herningholm Erhvervsskole M\u00f8dested: Lillelundvej 21, 7400 Herning Maks. 80 &#8211; \u00e6ndret 100 Pris: Aktiv Samv\u00e6r betaler kaffen Tilmelding: online og tlf. fra 2. december &#8211; senest 10. februar Mere end bare et uddannelsesmilj\u00f8 I Herning er der igennem to \u00e5rtier arbejdet systematisk med at samle byens erhvervsrettede uddannelser i [&hellip;]<\/p>\n","protected":false},"author":3,"featured_media":0,"parent":0,"menu_order":0,"comment_status":"closed","ping_status":"closed","template":"","meta":{"footnotes":""},"class_list":["post-62036","page","type-page","status-publish","hentry","post"],"_links":{"self":[{"href":"https:\/\/snejbjergsgi.dk\/aktiv-samvaer\/wp-json\/wp\/v2\/pages\/62036","targetHints":{"allow":["GET"]}}],"collection":[{"href":"https:\/\/snejbjergsgi.dk\/aktiv-samvaer\/wp-json\/wp\/v2\/pages"}],"about":[{"href":"https:\/\/snejbjergsgi.dk\/aktiv-samvaer\/wp-json\/wp\/v2\/types\/page"}],"author":[{"embeddable":true,"href":"https:\/\/snejbjergsgi.dk\/aktiv-samvaer\/wp-json\/wp\/v2\/users\/3"}],"replies":[{"embeddable":true,"href":"https:\/\/snejbjergsgi.dk\/aktiv-samvaer\/wp-json\/wp\/v2\/comments?post=62036"}],"version-history":[{"count":1,"href":"https:\/\/snejbjergsgi.dk\/aktiv-samvaer\/wp-json\/wp\/v2\/pages\/62036\/revisions"}],"predecessor-version":[{"id":62037,"href":"https:\/\/snejbjergsgi.dk\/aktiv-samvaer\/wp-json\/wp\/v2\/pages\/62036\/revisions\/62037"}],"wp:attachment":[{"href":"https:\/\/snejbjergsgi.dk\/aktiv-samvaer\/wp-json\/wp\/v2\/media?parent=62036"}],"curies":[{"name":"wp","href":"https:\/\/api.w.org\/{rel}","templated":true}]}}