{"id":61931,"date":"2025-07-12T08:39:22","date_gmt":"2025-07-12T06:39:22","guid":{"rendered":"https:\/\/snejbjergsgi.dk\/aktiv-samvaer\/?page_id=61931"},"modified":"2025-07-12T08:50:46","modified_gmt":"2025-07-12T06:50:46","slug":"brunsgaard-a-s","status":"publish","type":"page","link":"https:\/\/snejbjergsgi.dk\/aktiv-samvaer\/brunsgaard-a-s\/","title":{"rendered":"Brunsgaard A\/S"},"content":{"rendered":"<p>Tirsdag d. 21. oktober kl. 14:00 \u2013 Brunsgaard A\/S, \u00a0K\u00e6ret 2, Snejbjerg, 7400 Herning<br \/>\nPris: Gratis \u2013 Brunsgaard giver rundvisning og kaffe<br \/>\nTilmelding: online og tlf. fra 21. aug. -senest 14. okt. Max 90<\/p>\n<p><img loading=\"lazy\" decoding=\"async\" class=\"alignright size-medium wp-image-61935\" src=\"https:\/\/snejbjergsgi.dk\/aktiv-samvaer\/wp-content\/uploads\/sites\/2\/2025\/07\/Stillads-300x200.jpg\" alt=\"\" width=\"300\" height=\"200\" srcset=\"https:\/\/snejbjergsgi.dk\/aktiv-samvaer\/wp-content\/uploads\/sites\/2\/2025\/07\/Stillads-300x200.jpg 300w, https:\/\/snejbjergsgi.dk\/aktiv-samvaer\/wp-content\/uploads\/sites\/2\/2025\/07\/Stillads-272x182.jpg 272w, https:\/\/snejbjergsgi.dk\/aktiv-samvaer\/wp-content\/uploads\/sites\/2\/2025\/07\/Stillads.jpg 768w\" sizes=\"auto, (max-width: 300px) 100vw, 300px\" \/>Brunsgaard A\/S er blandt de st\u00f8rste materieludlejere til professionelle fagfolk og besk\u00e6ftiger ca. 80 medarbejdere, som hver dag finder de bedste l\u00f8sninger sammen med deres kunder. Brunsgaard l\u00f8ser tusindvis af opgaver b\u00e5de nationalt og rundt i<br \/>\nhele verden.<\/p>\n<p>Brunsgaard blev etableret i 1971 og startede oprindeligt op som en traditionel tr\u00e6lasthandel, baseret p\u00e5 salg af byggemateriel. I midt 1980\u00e9rne foretog virksomheden et sporskifte og gik over til at besk\u00e6ftige sig med udlejning af forskalling og stilladser til<br \/>\nbyggebranchen.<\/p>\n<p><img loading=\"lazy\" decoding=\"async\" class=\"alignleft size-medium wp-image-61934\" src=\"https:\/\/snejbjergsgi.dk\/aktiv-samvaer\/wp-content\/uploads\/sites\/2\/2025\/07\/Brunsgaard-300x225.jpg\" alt=\"\" width=\"300\" height=\"225\" srcset=\"https:\/\/snejbjergsgi.dk\/aktiv-samvaer\/wp-content\/uploads\/sites\/2\/2025\/07\/Brunsgaard-300x225.jpg 300w, https:\/\/snejbjergsgi.dk\/aktiv-samvaer\/wp-content\/uploads\/sites\/2\/2025\/07\/Brunsgaard.jpg 580w\" sizes=\"auto, (max-width: 300px) 100vw, 300px\" \/>Siden er kommet en lang r\u00e6kke nye produkter til og virksomheden tilbyder idag en bred vifte af l\u00f8sninger til<br \/>\nbyggebranchen og industrien.<\/p>\n","protected":false},"excerpt":{"rendered":"<p>Tirsdag d. 21. oktober kl. 14:00 \u2013 Brunsgaard A\/S, \u00a0K\u00e6ret 2, Snejbjerg, 7400 Herning Pris: Gratis \u2013 Brunsgaard giver rundvisning og kaffe Tilmelding: online og tlf. fra 21. aug. -senest 14. okt. Max 90 Brunsgaard A\/S er blandt de st\u00f8rste materieludlejere til professionelle fagfolk og besk\u00e6ftiger ca. 80 medarbejdere, som hver dag finder de bedste [&hellip;]<\/p>\n","protected":false},"author":3,"featured_media":0,"parent":0,"menu_order":0,"comment_status":"closed","ping_status":"closed","template":"","meta":{"footnotes":""},"class_list":["post-61931","page","type-page","status-publish","hentry","post"],"_links":{"self":[{"href":"https:\/\/snejbjergsgi.dk\/aktiv-samvaer\/wp-json\/wp\/v2\/pages\/61931","targetHints":{"allow":["GET"]}}],"collection":[{"href":"https:\/\/snejbjergsgi.dk\/aktiv-samvaer\/wp-json\/wp\/v2\/pages"}],"about":[{"href":"https:\/\/snejbjergsgi.dk\/aktiv-samvaer\/wp-json\/wp\/v2\/types\/page"}],"author":[{"embeddable":true,"href":"https:\/\/snejbjergsgi.dk\/aktiv-samvaer\/wp-json\/wp\/v2\/users\/3"}],"replies":[{"embeddable":true,"href":"https:\/\/snejbjergsgi.dk\/aktiv-samvaer\/wp-json\/wp\/v2\/comments?post=61931"}],"version-history":[{"count":2,"href":"https:\/\/snejbjergsgi.dk\/aktiv-samvaer\/wp-json\/wp\/v2\/pages\/61931\/revisions"}],"predecessor-version":[{"id":61936,"href":"https:\/\/snejbjergsgi.dk\/aktiv-samvaer\/wp-json\/wp\/v2\/pages\/61931\/revisions\/61936"}],"wp:attachment":[{"href":"https:\/\/snejbjergsgi.dk\/aktiv-samvaer\/wp-json\/wp\/v2\/media?parent=61931"}],"curies":[{"name":"wp","href":"https:\/\/api.w.org\/{rel}","templated":true}]}}