{"id":61919,"date":"2025-07-06T15:01:19","date_gmt":"2025-07-06T13:01:19","guid":{"rendered":"https:\/\/snejbjergsgi.dk\/aktiv-samvaer\/?page_id=61919"},"modified":"2025-07-06T15:02:27","modified_gmt":"2025-07-06T13:02:27","slug":"bustur-til-mariager-fjord","status":"publish","type":"page","link":"https:\/\/snejbjergsgi.dk\/aktiv-samvaer\/bustur-til-mariager-fjord\/","title":{"rendered":"Bustur til Mariager Fjord"},"content":{"rendered":"<h5><strong>Tirsdag &#8211; 9. sept. kl. 08:00 &#8211; udflugt til Mariager Fjord M\u00f8dested: Snejbjerg-hallen. Bus afg. kl. 08:00, hjemme kl. 18:00<\/strong><br \/><strong>Pris: 500 kr. for bus, formiddagskaffe, middag p\u00e5 b\u00e5den, eftermiddagskaffe, entreer og guides.<\/strong><\/h5>\n<h5><strong>Tilmelding: online\/tlf. fra 15. juli &#8211; senest 2. sept. Max 79 medl.<\/strong><\/h5>\n<h5><strong>F\u00f8rste stop p\u00e5 turen er formiddagskaffe ved <a href=\"https:\/\/roddingviborg.dk\/foreninger-i-roedding\/roeddinghus\/\">R\u00f8ddinghus Kultur- og <\/a><\/strong><strong>Fritidscenter. Herefter k\u00f8rer vi mod Hobro, hvor vi skal bes\u00f8ge <\/strong><strong><a href=\"https:\/\/www.visithimmerland.dk\/himmerland\/planlaeg-din-tur\/vikingemuseet-fyrkat-gdk650293\">Vikingeborgen Fyrkat<\/a>. Ledsaget af guide skal vi se den store <\/strong><strong>Ringborg, en cirkelborg fra Vikingetiden. Samme type som de 5 <\/strong><strong>andre trelleborge rundt i Danmark. Vi ser Fyrkathuset.\u00a0<\/strong><strong>En rekonstruktion af et af de langhuse, som har ligget inde i den <\/strong><strong>cirkelformede f\u00e6stning. <\/strong><\/h5>\n<h5><strong>Efter Fyrkat forts\u00e6tter vi mod havnen i <\/strong><strong>Hobro, hvor skibet <a href=\"https:\/\/www.visithimmerland.dk\/himmerland\/planlaeg-din-tur\/svanen-sejlads-paa-mariager-fjord-gdk695191\">\u201cSvanen\u201d<\/a> bringer os p\u00e5 en sk\u00f8n tur p\u00e5 den<\/strong><br \/><strong>smukke Mariager Fjord. Om bord p\u00e5 <\/strong><strong>b\u00e5den f\u00e5r vi serveret \u201cstjerneskud\u201d, <\/strong><strong>drikkevarer kan tilk\u00f8bes. Efter 11\u20442<\/strong><br \/><strong>times sejlads l\u00e6gger vi til i Dania, en <\/strong><strong>mindre by p\u00e5 sydsiden af Mariager <\/strong><strong>Fjord, hvor vores bus og lokal guide <\/strong><strong>venter p\u00e5 os.<\/strong><\/h5>\n<h5><br \/><strong><a href=\"https:\/\/www.visithimmerland.dk\/himmerland\/planlaeg-din-tur\/dania-gdk846070\">Dania, den eneste \u201cprivatejede\u201d landsby i Danmark,<\/a> var tidligere <\/strong><strong>hjemsted for 3 store cementvirksomheder, og i dag har man<\/strong><br \/><strong>bevaret meget af det gamle cementarbejdermilj\u00f8 med smukke <\/strong><strong>arbejder- og funktion\u00e6rboliger (Jyllands Nyboder). Vi k\u00f8rer forbi <\/strong><strong>Dansk Salt, Skandinaviens eneste <\/strong><strong>saltfabrik, og forts\u00e6tter til det smukke <\/strong><strong>Mariager.<\/strong><\/h5>\n<h5><strong>Vi skal bes\u00f8ge <a href=\"https:\/\/da.wikipedia.org\/wiki\/Mariager_Kirke\">Mariager Kirke,<\/a> som <\/strong><strong>ligger h\u00f8jt placeret over byen og er en <\/strong><strong>gammel klosterkirke fra 1400-tallet, en <\/strong><strong>stor og meget smuk kirke. Efter <\/strong><strong>rundvisningen g\u00e5r turen hjemad, dog med kaffestop ved Hald<\/strong><br \/><strong>Hovedg\u00e5rd sydvest for Viborg.<\/strong><\/h5>\n\n\n<p><\/p>\n","protected":false},"excerpt":{"rendered":"<p>Tirsdag &#8211; 9. sept. kl. 08:00 &#8211; udflugt til Mariager Fjord M\u00f8dested: Snejbjerg-hallen. Bus afg. kl. 08:00, hjemme kl. 18:00Pris: 500 kr. for bus, formiddagskaffe, middag p\u00e5 b\u00e5den, eftermiddagskaffe, entreer og guides. Tilmelding: online\/tlf. fra 15. juli &#8211; senest 2. sept. Max 79 medl. F\u00f8rste stop p\u00e5 turen er formiddagskaffe ved R\u00f8ddinghus Kultur- og Fritidscenter. [&hellip;]<\/p>\n","protected":false},"author":3,"featured_media":0,"parent":0,"menu_order":0,"comment_status":"closed","ping_status":"closed","template":"","meta":{"footnotes":""},"class_list":["post-61919","page","type-page","status-publish","hentry","post"],"_links":{"self":[{"href":"https:\/\/snejbjergsgi.dk\/aktiv-samvaer\/wp-json\/wp\/v2\/pages\/61919","targetHints":{"allow":["GET"]}}],"collection":[{"href":"https:\/\/snejbjergsgi.dk\/aktiv-samvaer\/wp-json\/wp\/v2\/pages"}],"about":[{"href":"https:\/\/snejbjergsgi.dk\/aktiv-samvaer\/wp-json\/wp\/v2\/types\/page"}],"author":[{"embeddable":true,"href":"https:\/\/snejbjergsgi.dk\/aktiv-samvaer\/wp-json\/wp\/v2\/users\/3"}],"replies":[{"embeddable":true,"href":"https:\/\/snejbjergsgi.dk\/aktiv-samvaer\/wp-json\/wp\/v2\/comments?post=61919"}],"version-history":[{"count":2,"href":"https:\/\/snejbjergsgi.dk\/aktiv-samvaer\/wp-json\/wp\/v2\/pages\/61919\/revisions"}],"predecessor-version":[{"id":61921,"href":"https:\/\/snejbjergsgi.dk\/aktiv-samvaer\/wp-json\/wp\/v2\/pages\/61919\/revisions\/61921"}],"wp:attachment":[{"href":"https:\/\/snejbjergsgi.dk\/aktiv-samvaer\/wp-json\/wp\/v2\/media?parent=61919"}],"curies":[{"name":"wp","href":"https:\/\/api.w.org\/{rel}","templated":true}]}}